{"id":1043,"date":"2023-03-30T14:40:56","date_gmt":"2023-03-30T13:40:56","guid":{"rendered":"http:\/\/molecularhealth.com\/eu\/impressum\/"},"modified":"2025-08-27T09:31:56","modified_gmt":"2025-08-27T08:31:56","slug":"impressum","status":"publish","type":"page","link":"https:\/\/molecularhealth.com\/eu\/de\/impressum\/","title":{"rendered":"Impressum"},"content":{"rendered":"<div class=\"lazyblock-mh-hero-banner-ZrtYAe alignfull alignfull  wp-block-lazyblock-mh-hero-banner\"><!-- Hero Banner -->\r\n<div class=\"mh-hero-banner  dm-lazyblock-mh-hero-banner-ZrtYAe\" style=\"background:url(https:\/\/molecularhealth.com\/eu\/wp-content\/uploads\/sites\/2\/Impressum_hero-2.jpg) center center no-repeat; background-size: cover;\">\r\n        <div class=\"mh-hero-content\">\r\n            <div class=\"mh-hero-content-block-1\">\r\n              <span class=\"block-1-wrap\">\r\n                <div class=\"mh-hero-heading\">\r\n                        <h1>                            Impressum                                                                                \r\n                        <\/h1>\r\n                    <\/div>\r\n                \r\n                        <div class=\"mh-hero-links\"><a class=\"tileButton\" href=\"http:\/\/molecularhealth.com\/eu\/about\/about-us\/\" target=\"_self\"><i data-feather=\"arrow-right\"><\/i> <span>Erfahren Sie mehr \u00fcber uns<\/span><\/a><a class=\"tileButton\" href=\"http:\/\/molecularhealth.com\/eu\/\" target=\"_self\"><i data-feather=\"arrow-right\"><\/i> <span>Sehen Sie was wir tun<\/span><\/a><\/div>              <\/span>\r\n            <\/div>\r\n\r\n            \r\n        <\/div>\r\n<\/div>\r\n<\/div>\n\n\n<p>Gem\u00e4\u00df \u00a7 15, Absatz 1 TMG (Telemediengesetz)<\/p>\n\n\n\n<p>Molecular Health GmbH<br>Kurf\u00fcrsten-Anlage 21<br>69115 Heidelberg<br>Deutschland<br>Telefon: +49-6221-43851-0<br>Fax: +49-6221-43851-100<\/p>\n\n\n\n<p>Web: <a href=\"http:\/\/molecularhealth.com\/eu\/\">www.molecularhealth.com<\/a><br>E-mail: <a href=\"mailto:media@molecularhealth.com\">media@molecularhealth.com<\/a><\/p>\n\n\n\n<p>Vorsitzender des Vorstands: <br>Gesch\u00e4ftsf\u00fchrer: Dr. Friedrich von Bohlen und Halbach (CEO), Dr. Stephan Brock (CTO)<br><br>Amtsgericht Mannheim \u2013 HRB 338037<br>Hauptsitz: Heidelberg<br>UST-ID: DE242954829<\/p>\n\n\n\n<h3 class=\"wp-block-heading\">Kontakt<\/h3>\n\n\n\n<p>Presse und Medien<\/p>\n\n\n\n<p>Molecular Health GmbH <br>Kurf\u00fcrsten-Anlage 21<br>69115 Heidelberg<br>Tel. +49 6221 43851-0<br>Fax +49 6221 43851-100<br>Web <a href=\"http:\/\/molecularhealth.com\/eu\/\">www.molecularhealth.com<\/a><br>E-Mail <a href=\"mailto:media@molecularhealth.com\">media@molecularhealth.com<\/a><\/p>\n\n\n\n<h3 class=\"wp-block-heading\">Haftungsausschluss und Urheberrecht<\/h3>\n\n\n\n<p><strong>Haftungsbeschr\u00e4nkung<\/strong><\/p>\n\n\n\n<p>MOLECULAR HEALTH GmbH (nachfolgend \u201eAnbieter\u201c) ist nach besten Kr\u00e4ften bem\u00fcht, f\u00fcr die Richtigkeit und Vollst\u00e4ndigkeit der auf dieser Webseite www.molecularhealth.com verf\u00fcgbaren Inhalte und Informationen zu sorgen. Anbieter \u00fcbernimmt jedoch keinerlei Gew\u00e4hr f\u00fcr die Aktualit\u00e4t, Richtigkeit oder Vollst\u00e4ndigkeit der bereitgestellten Inhalte und Informationen. Beitr\u00e4ge Dritter sind als solche gekennzeichnet und geben die Meinung des jeweiligen Autors, nicht des Anbieters wieder. Die Nutzung der Webseite erfolgt auf eigene Gefahr. Alleine mit der Nutzung der Webseite kommt kein vertragliches Verh\u00e4ltnis zwischen dem Nutzer und Anbieter zustande.<\/p>\n\n\n\n<p><strong>Haftung f\u00fcr Verlinkungen<\/strong><\/p>\n\n\n\n<p>Auf der Webseite finden sich Verlinkungen (\u201eexterne Links\u201c) zu Webseiten Dritter. Webseiten Dritter unterliegen der Haftung des jeweiligen Seitenbetreibers und nicht der Haftung des Anbieters. Zum Zeitpunkt der Verlinkung waren f\u00fcr den Anbieter keine Rechtsverst\u00f6\u00dfe ersichtlich. Die zuk\u00fcnftige Gestaltung und Inhalte der Webseiten Dritter liegen au\u00dferhalb des Einflussbereichs des Anbieters. Eine st\u00e4ndige Kontrolle der externen Links ohne konkrete Hinweise auf Rechtsverst\u00f6\u00dfe ist dem Anbieter nicht zumutbar. Erlangt der Anbieter Kenntnis von Rechtsverst\u00f6\u00dfen, so l\u00f6scht er die entsprechenden betroffenen Verlinkungen.<\/p>\n\n\n\n<p><strong>Urheber- und Leistungsschutzrechte<\/strong><\/p>\n\n\n\n<p>Die auf den Seiten der Webseite verf\u00fcgbaren Inhalte (z.B. Grafiken, Tondokumente, Videosequenzen und Texte) unterliegen dem deutschen Urheberrecht und sind urheberrechtlich gesch\u00fctzt. Eine Vervielf\u00e4ltigung, Bearbeitung, \u00dcbersetzung, Einspeicherung bzw. Wiedergabe von Inhalten sowie jede von deutschem Urheber- und Leistungsschutzrecht nicht zugelassene Verwendung ist ohne eine ausdr\u00fcckliche vorherige schriftliche Zustimmung des Anbieters bzw. des jeweiligen Rechteinhabers nicht gestattet.<\/p>\n\n\n\n<p>Die Darstellung dieser Webseite in fremden Frames ist ebenfalls nur mit einer ausdr\u00fccklichen vorherigen schriftlichen Zustimmung gestattet.<\/p>\n\n\n\n<p>Sollten eine oder mehrere Bestimmungen dieses Abschnitts \u201eHaftungsausschluss und Urheberrecht\u201c ganz oder teilweise der geltenden Rechtslage nicht, nicht mehr oder nicht vollst\u00e4ndig entsprechen, so bleibt die Rechtswirksamkeit der \u00fcbrigen Bestimmungen hiervon unber\u00fchrt. Dies gilt auch f\u00fcr die weiteren Inhalte der Webseite.<\/p>\n","protected":false},"excerpt":{"rendered":"<p>Gem\u00e4\u00df \u00a7 15, Absatz 1 TMG (Telemediengesetz) Molecular Health GmbHKurf\u00fcrsten-Anlage 2169115 HeidelbergDeutschlandTelefon: +49-6221-43851-0Fax: +49-6221-43851-100 Web: www.molecularhealth.comE-mail: media@molecularhealth.com Vorsitzender des Vorstands: Gesch\u00e4ftsf\u00fchrer: Dr. Friedrich von Bohlen und Halbach (CEO), Dr. Stephan Brock (CTO) Amtsgericht Mannheim \u2013 HRB 338037Hauptsitz: HeidelbergUST-ID: DE242954829 Kontakt Presse und Medien Molecular Health GmbH Kurf\u00fcrsten-Anlage 2169115 HeidelbergTel. +49 6221 43851-0Fax +49 6221 43851-100Web [&hellip;]<\/p>\n","protected":false},"author":2,"featured_media":0,"parent":0,"menu_order":2000,"comment_status":"closed","ping_status":"closed","template":"","meta":{"_acf_changed":false,"content-type":"","inline_featured_image":false,"footnotes":""},"class_list":["post-1043","page","type-page","status-publish","hentry"],"acf":[],"_links":{"self":[{"href":"https:\/\/molecularhealth.com\/eu\/de\/wp-json\/wp\/v2\/pages\/1043","targetHints":{"allow":["GET"]}}],"collection":[{"href":"https:\/\/molecularhealth.com\/eu\/de\/wp-json\/wp\/v2\/pages"}],"about":[{"href":"https:\/\/molecularhealth.com\/eu\/de\/wp-json\/wp\/v2\/types\/page"}],"author":[{"embeddable":true,"href":"https:\/\/molecularhealth.com\/eu\/de\/wp-json\/wp\/v2\/users\/2"}],"replies":[{"embeddable":true,"href":"https:\/\/molecularhealth.com\/eu\/de\/wp-json\/wp\/v2\/comments?post=1043"}],"version-history":[{"count":13,"href":"https:\/\/molecularhealth.com\/eu\/de\/wp-json\/wp\/v2\/pages\/1043\/revisions"}],"predecessor-version":[{"id":4203,"href":"https:\/\/molecularhealth.com\/eu\/de\/wp-json\/wp\/v2\/pages\/1043\/revisions\/4203"}],"wp:attachment":[{"href":"https:\/\/molecularhealth.com\/eu\/de\/wp-json\/wp\/v2\/media?parent=1043"}],"curies":[{"name":"wp","href":"https:\/\/api.w.org\/{rel}","templated":true}]}}