{"id":1140,"date":"2023-03-30T14:12:07","date_gmt":"2023-03-30T13:12:07","guid":{"rendered":"http:\/\/molecularhealth.com\/eu\/news\/"},"modified":"2026-01-16T10:27:25","modified_gmt":"2026-01-16T10:27:25","slug":"news","status":"publish","type":"page","link":"https:\/\/molecularhealth.com\/eu\/de\/news\/","title":{"rendered":"News"},"content":{"rendered":"<div class=\"lazyblock-mh-hero-banner-1p7TgV alignfull alignfull  wp-block-lazyblock-mh-hero-banner\"><!-- Hero Banner -->\r\n<div class=\"mh-hero-banner  dm-lazyblock-mh-hero-banner-1p7TgV\" style=\"background:url(https:\/\/molecularhealth.com\/eu\/wp-content\/uploads\/sites\/2\/News_hero.jpg) center center no-repeat; background-size: cover;\">\r\n        <div class=\"mh-hero-content\">\r\n            <div class=\"mh-hero-content-block-1\">\r\n              <span class=\"block-1-wrap\">\r\n                <div class=\"mh-hero-heading\">\r\n                        <h1>                            News und Events                            <br>Bleiben Sie auf dem Laufenden mit                            <br>Unternehmensnachrichten                        \r\n                        <\/h1>\r\n                    <\/div>\r\n                \r\n                        <div class=\"mh-hero-links\"><a class=\"tileButton\" href=\"https:\/\/molecularhealth.com\/eu\/de\/kontakt\/\" target=\"_self\"><i data-feather=\"arrow-right\"><\/i> <span>Haben Sie Fragen?<\/span><\/a><\/div>              <\/span>\r\n            <\/div>\r\n\r\n            \r\n        <\/div>\r\n<\/div>\r\n<\/div>\n\n\n<h2 class=\"wp-block-heading\">News und Pressemitteilungen<\/h2>\n\n\n<div class=\"lazyblock-mh-news-posts-Z2tEBpU wp-block-lazyblock-mh-news-posts\"><div class=\"mh-filter-result\">\r\n\r\n\t\r\n\t\t\t\t<div class=\"postListing\">\r\n\t\t\t\r\n\t\t\t\t<div class=\"dmSingleTile dm-lazyblock-mh-news-posts-Z2tEBpU\"  dmUniqueAttribute=\"dm-lazyblock-mh-news-posts-Z2tEBpU\">\r\n\t\t\t\t\t<a href=\"https:\/\/molecularhealth.com\/eu\/de\/molecular-health-and-axxam-enter-into-a-strategic-partnership-to-bolster-the-discovery-of-innovative-targets-in-drug-development\/\" target=\"_self\">\t\t\t\t\t\t\t\t\t\t<\/a>\t\t\t\t\t<h2 class=\"heading\">Molecular Health and Axxam enter into a strategic partnership to bolster the discovery of innovative targets in drug development<\/h2>\t\t\t\t\t<div class=\"dmTileContent\">\r\n\t\t\t\t\t\t<p>Pairing data-driven clinical-molecular insights with biological validation to identify relevant drug targets and confirm leads for biopharmaceutical companies Milan, Italy and Heidelberg, Germany \u2013 June 4, 2025 \u2013 Axxam S.p.A., a premier provider of integrated early discovery services, and Molecular Health GmbH, a leader in artificial intelligence (AI)-driven development solutions, are announcing a strategic collaboration [&hellip;]<\/p>\n\t\t\t\t\t<\/div>\r\n\t\t\t\t\t<a class=\"tileButton\" href=\"https:\/\/molecularhealth.com\/eu\/de\/molecular-health-and-axxam-enter-into-a-strategic-partnership-to-bolster-the-discovery-of-innovative-targets-in-drug-development\/\" target=\"_self\"><i data-feather=\"arrow-right\"><\/i> <span>\t\t\t\t\tWeiterlesen\t\t\t\t\t\t<\/span><\/a>\t\t\t\t<\/div>\r\n\r\n\t\t\t\t\r\n\t\t\t\t<div class=\"dmSingleTile dm-lazyblock-mh-news-posts-Z2tEBpU\"  dmUniqueAttribute=\"dm-lazyblock-mh-news-posts-Z2tEBpU\">\r\n\t\t\t\t\t<a href=\"https:\/\/molecularhealth.com\/eu\/de\/integrated-dna-technologies-and-molecular-health-ink-commercial-partnership\/\" target=\"_self\">\t\t\t\t\t\t\t\t\t\t<\/a>\t\t\t\t\t<h2 class=\"heading\">Integrated DNA Technologies and Molecular Health Ink Commercial Partnership<\/h2>\t\t\t\t\t<div class=\"dmTileContent\">\r\n\t\t\t\t\t\t<p>CORALVILLE, Iowa and HEIDELBERG, Germany (May 15, 2024)\u2014Genomics solutions provider Integrated DNA Technologies (IDT) and Bio-IT company Molecular Health have entered into a global multi-year agreement, starting in the U.S., to integrate their next generation sequencing (NGS) capabilities. The partnership pairs IDT\u2019s Archer NGS research assay platform with Molecular Health\u2019s variant annotation and reporting software [&hellip;]<\/p>\n\t\t\t\t\t<\/div>\r\n\t\t\t\t\t<a class=\"tileButton\" href=\"https:\/\/molecularhealth.com\/eu\/de\/integrated-dna-technologies-and-molecular-health-ink-commercial-partnership\/\" target=\"_self\"><i data-feather=\"arrow-right\"><\/i> <span>\t\t\t\t\tWeiterlesen\t\t\t\t\t\t<\/span><\/a>\t\t\t\t<\/div>\r\n\r\n\t\t\t\t\r\n\t\t\t\t<div class=\"dmSingleTile dm-lazyblock-mh-news-posts-Z2tEBpU\"  dmUniqueAttribute=\"dm-lazyblock-mh-news-posts-Z2tEBpU\">\r\n\t\t\t\t\t<a href=\"https:\/\/molecularhealth.com\/eu\/de\/st-marianna-university-school-of-medicine-in-japan-relies-on-mh-guide-for-personalized-cancermedicine\/\" target=\"_self\">\t\t\t\t\t\t\t\t\t\t<\/a>\t\t\t\t\t<h2 class=\"heading\">St. Marianna University School of Medicine in Japan relies on MH Guide for personalized cancer medicine<\/h2>\t\t\t\t\t<div class=\"dmTileContent\">\r\n\t\t\t\t\t\t<p>Heidelberg, Germany\/Kawasaki, Japan, October 27, 2023 \u2013 St. Marianna University School of Medicine in Kawasaki, Japan, will utilize MH Guide to personalize cancer treatment. The agreement between University School of Medicine and Molecular Health resulted from a preceding study partnership.The MH Guide system has been previously implemented at St. Marianna University Hospital, and a proof-of-concept [&hellip;]<\/p>\n\t\t\t\t\t<\/div>\r\n\t\t\t\t\t<a class=\"tileButton\" href=\"https:\/\/molecularhealth.com\/eu\/de\/st-marianna-university-school-of-medicine-in-japan-relies-on-mh-guide-for-personalized-cancermedicine\/\" target=\"_self\"><i data-feather=\"arrow-right\"><\/i> <span>\t\t\t\t\tWeiterlesen\t\t\t\t\t\t<\/span><\/a>\t\t\t\t<\/div>\r\n\r\n\t\t\t\t\r\n\t\t\t\t<div class=\"dmSingleTile dm-lazyblock-mh-news-posts-Z2tEBpU\"  dmUniqueAttribute=\"dm-lazyblock-mh-news-posts-Z2tEBpU\">\r\n\t\t\t\t\t<a href=\"https:\/\/molecularhealth.com\/eu\/de\/molecular-health-and-takara-bio-collaborate-to-support-genome-medicine-in-japan\/\" target=\"_self\">\t\t\t\t\t\t\t\t\t\t<\/a>\t\t\t\t\t<h2 class=\"heading\">Molecular Health and Takara Bio collaborate to support Genome Medicine in Japan<\/h2>\t\t\t\t\t<div class=\"dmTileContent\">\r\n\t\t\t\t\t\t<p>Collaboration to introduce whole-genome sequencing with comprehensive variant annotation for Japanese patients affected by hereditary diseases.<\/p>\n\t\t\t\t\t<\/div>\r\n\t\t\t\t\t<a class=\"tileButton\" href=\"https:\/\/molecularhealth.com\/eu\/de\/molecular-health-and-takara-bio-collaborate-to-support-genome-medicine-in-japan\/\" target=\"_self\"><i data-feather=\"arrow-right\"><\/i> <span>\t\t\t\t\tWeiterlesen\t\t\t\t\t\t<\/span><\/a>\t\t\t\t<\/div>\r\n\r\n\t\t\t\t\r\n\t\t\t\t<div class=\"dmSingleTile dm-lazyblock-mh-news-posts-Z2tEBpU\"  dmUniqueAttribute=\"dm-lazyblock-mh-news-posts-Z2tEBpU\">\r\n\t\t\t\t\t<a href=\"https:\/\/molecularhealth.com\/eu\/de\/molecular-health-erhaelt-ivdr-zertifikat-fuer-mh-guide\/\" target=\"_self\">\t\t\t\t\t\t\t\t\t\t<\/a>\t\t\t\t\t<h2 class=\"heading\">Molecular Health erh\u00e4lt IVDR-Zertifikat f\u00fcr MH Guide<\/h2>\t\t\t\t\t<div class=\"dmTileContent\">\r\n\t\t\t\t\t\t<p>Molecular Health hat von der Europ\u00e4ischen Union die Zertifizierung f\u00fcr seine klinische Entscheidungsunterst\u00fctzungssoftware MH Guide gem\u00e4\u00df der neuen In-vitro-Diagnostik-Verordnung (EU) 2017\/746 (IVDR) erhalten.<\/p>\n\t\t\t\t\t<\/div>\r\n\t\t\t\t\t<a class=\"tileButton\" href=\"https:\/\/molecularhealth.com\/eu\/de\/molecular-health-erhaelt-ivdr-zertifikat-fuer-mh-guide\/\" target=\"_self\"><i data-feather=\"arrow-right\"><\/i> <span>\t\t\t\t\tWeiterlesen\t\t\t\t\t\t<\/span><\/a>\t\t\t\t<\/div>\r\n\r\n\t\t\t\t\r\n\t\t\t\t<div class=\"dmSingleTile dm-lazyblock-mh-news-posts-Z2tEBpU\"  dmUniqueAttribute=\"dm-lazyblock-mh-news-posts-Z2tEBpU\">\r\n\t\t\t\t\t<a href=\"https:\/\/molecularhealth.com\/eu\/de\/molekulares-management-des-mammakarzinoms-testen-analysieren-besprechen\/\" target=\"_self\">\t\t\t\t\t\t\t\t\t\t<\/a>\t\t\t\t\t<h2 class=\"heading\">Molekulares Management des Mammakarzinoms: testen, analysieren, besprechen<\/h2>\t\t\t\t\t<div class=\"dmTileContent\">\r\n\t\t\t\t\t\t<p>Ein Symposium mit Prof. Dr. med. Christian Jackisch, Chefarzt am Sana Klinikum Offenbach, beim Factum-Kongress 2021<\/p>\n\t\t\t\t\t<\/div>\r\n\t\t\t\t\t<a class=\"tileButton\" href=\"https:\/\/molecularhealth.com\/eu\/de\/molekulares-management-des-mammakarzinoms-testen-analysieren-besprechen\/\" target=\"_self\"><i data-feather=\"arrow-right\"><\/i> <span>\t\t\t\t\tWeiterlesen\t\t\t\t\t\t<\/span><\/a>\t\t\t\t<\/div>\r\n\r\n\t\t\t\t<div class=\"pagination\" data-query=\"{&quot;post_type&quot;:&quot;post&quot;,&quot;posts_per_page&quot;:6,&quot;order_by&quot;:&quot;date&quot;,&quot;order&quot;:&quot;DESC&quot;,&quot;paged&quot;:1,&quot;suppress_filters&quot;:false,&quot;tax_query&quot;:[{&quot;taxonomy&quot;:&quot;category&quot;,&quot;field&quot;:&quot;term_id&quot;,&quot;include_children&quot;:true,&quot;operator&quot;:&quot;IN&quot;,&quot;terms&quot;:[50,51,55,57]}],&quot;error&quot;:&quot;&quot;,&quot;m&quot;:&quot;&quot;,&quot;p&quot;:0,&quot;post_parent&quot;:&quot;&quot;,&quot;subpost&quot;:&quot;&quot;,&quot;subpost_id&quot;:&quot;&quot;,&quot;attachment&quot;:&quot;&quot;,&quot;attachment_id&quot;:0,&quot;name&quot;:&quot;&quot;,&quot;pagename&quot;:&quot;&quot;,&quot;page_id&quot;:0,&quot;second&quot;:&quot;&quot;,&quot;minute&quot;:&quot;&quot;,&quot;hour&quot;:&quot;&quot;,&quot;day&quot;:0,&quot;monthnum&quot;:0,&quot;year&quot;:0,&quot;w&quot;:0,&quot;category_name&quot;:&quot;press-release&quot;,&quot;tag&quot;:&quot;&quot;,&quot;cat&quot;:50,&quot;tag_id&quot;:&quot;&quot;,&quot;author&quot;:&quot;&quot;,&quot;author_name&quot;:&quot;&quot;,&quot;feed&quot;:&quot;&quot;,&quot;tb&quot;:&quot;&quot;,&quot;meta_key&quot;:&quot;&quot;,&quot;meta_value&quot;:&quot;&quot;,&quot;preview&quot;:&quot;&quot;,&quot;s&quot;:&quot;&quot;,&quot;sentence&quot;:&quot;&quot;,&quot;title&quot;:&quot;&quot;,&quot;fields&quot;:&quot;all&quot;,&quot;menu_order&quot;:&quot;&quot;,&quot;embed&quot;:&quot;&quot;,&quot;category__in&quot;:[],&quot;category__not_in&quot;:[],&quot;category__and&quot;:[],&quot;post__in&quot;:[],&quot;post__not_in&quot;:[],&quot;post_name__in&quot;:[],&quot;tag__in&quot;:[],&quot;tag__not_in&quot;:[],&quot;tag__and&quot;:[],&quot;tag_slug__in&quot;:[],&quot;tag_slug__and&quot;:[],&quot;post_parent__in&quot;:[],&quot;post_parent__not_in&quot;:[],&quot;author__in&quot;:[],&quot;author__not_in&quot;:[],&quot;search_columns&quot;:[],&quot;meta_query&quot;:[],&quot;flrt_query_hash&quot;:&quot;fa84d59b7d802e8b71ff685edca5380a&quot;,&quot;ignore_sticky_posts&quot;:false,&quot;cache_results&quot;:true,&quot;update_post_term_cache&quot;:true,&quot;update_menu_item_cache&quot;:false,&quot;lazy_load_term_meta&quot;:true,&quot;update_post_meta_cache&quot;:true,&quot;nopaging&quot;:false,&quot;comments_per_page&quot;:&quot;50&quot;,&quot;no_found_rows&quot;:false}\" data-maxpages=\"2\" data-current=\"1\"><span aria-current=\"page\" class=\"page-numbers current\">1<\/span>\n<a class=\"page-numbers\" href=\"https:\/\/molecularhealth.com\/eu\/de\/wp-json\/wp\/v2\/pages\/1140\/page\/2\/\">2<\/a>\n<a class=\"next page-numbers\" href=\"https:\/\/molecularhealth.com\/eu\/de\/wp-json\/wp\/v2\/pages\/1140\/page\/2\/\">Weiter &raquo;<\/a><\/div>\t\t<\/div>\r\n\t\t\t\t\r\n<\/div><\/div>\n\n\n<h2 class=\"wp-block-heading\">Events <\/h2>\n\n\n\n<figure class=\"wp-block-table is-style-stripes\"><table><thead><tr><th class=\"has-text-align-left\" data-align=\"left\">Bevorstehende Events 2026<\/th><th class=\"has-text-align-left\" data-align=\"left\">Wann<\/th><th class=\"has-text-align-left\" data-align=\"left\">Wo<\/th><\/tr><\/thead><tbody><tr><td class=\"has-text-align-left\" data-align=\"left\"><a href=\"https:\/\/www.pathologie-dgp.de\/pathologie\/veranstaltungen\/109-dgp-jahrestagung-2025-109th-annual-meeting-of-dgp\/\">109. Jahrestagung der Deutschen Gesellschaft f\u00fcr Pathologie (DGP)<\/a><\/td><td class=\"has-text-align-left\" data-align=\"left\">28.-30. Mai<\/td><td class=\"has-text-align-left\" data-align=\"left\">Augsburg<\/td><\/tr><\/tbody><\/table><\/figure>\n\n\n\n<figure class=\"wp-block-table is-style-stripes\"><table><thead><tr><th class=\"has-text-align-left\" data-align=\"left\">Vergangene Events <\/th><th class=\"has-text-align-left\" data-align=\"left\">Wann<\/th><th class=\"has-text-align-left\" data-align=\"left\">Wo<\/th><\/tr><\/thead><tbody><tr><td class=\"has-text-align-left\" data-align=\"left\"><a href=\"https:\/\/www.nexus-ag.de\/events-und-webinare\/detailseite\/integrierte-zielgerichtete-therapieempfehlungen-im-molekularpathologischen-befund-ein-projekt-der-molecular-health-und-nexus?utm_source=hs_email&amp;utm_medium=email&amp;_hsenc=p2ANqtz-9t011gSHG3T4-xn7uw8CMpVJTUr4A27dJU_h7zp8tzxZoURPDEEKS8pOMDrn7LlCGSjo27\">Lunch Learn Webinar<\/a><br><strong><a href=\"https:\/\/www.nexus-ag.de\/events-und-webinare\/detailseite\/integrierte-zielgerichtete-therapieempfehlungen-im-molekularpathologischen-befund-ein-projekt-der-molecular-health-und-nexus?utm_source=hs_email&amp;utm_medium=email&amp;_hsenc=p2ANqtz-9t011gSHG3T4-xn7uw8CMpVJTUr4A27dJU_h7zp8tzxZoURPDEEKS8pOMDrn7LlCGSjo27\">&#8222;Integrierte, zielgerichtete Therapieempfehlungen im molekularpathologischen Befund<\/a>&#8222;<\/strong><\/td><td class=\"has-text-align-left\" data-align=\"left\">17. Sep 2024<\/td><td class=\"has-text-align-left\" data-align=\"left\">online<\/td><\/tr><tr><td class=\"has-text-align-left\" data-align=\"left\"><a href=\"https:\/\/update-tumordiagnostik.cme-verlag.de\/\">Live-Seminar (only in German)<\/a><br><strong><a href=\"https:\/\/update-tumordiagnostik.cme-verlag.de\/\">&#8222;Rare tumors, challenges in clinical <\/a><a href=\"https:\/\/update-tumordiagnostik.cme-verlag.de\/\">and diagnostic practice<\/a><\/strong><a href=\"https:\/\/update-tumordiagnostik.cme-verlag.de\/\"><strong>&#8222;<\/strong> (CME webinar<\/a>)<\/td><td class=\"has-text-align-left\" data-align=\"left\">13. M\u00e4rz 2024<\/td><td class=\"has-text-align-left\" data-align=\"left\">Online<\/td><\/tr><\/tbody><\/table><\/figure>\n\n\n\n<div class=\"wp-block-columns is-layout-flex wp-container-core-columns-is-layout-28f84493 wp-block-columns-is-layout-flex\">\n<div class=\"wp-block-column is-layout-flow wp-block-column-is-layout-flow\" style=\"flex-basis:100%\"><\/div>\n<\/div>\n\n\n\n<p><\/p>\n","protected":false},"excerpt":{"rendered":"<p>News und Pressemitteilungen Events Bevorstehende Events 2026 Wann Wo 109. Jahrestagung der Deutschen Gesellschaft f\u00fcr Pathologie (DGP) 28.-30. Mai Augsburg Vergangene Events Wann Wo Lunch Learn Webinar&#8222;Integrierte, zielgerichtete Therapieempfehlungen im molekularpathologischen Befund&#8222; 17. Sep 2024 online Live-Seminar (only in German)&#8222;Rare tumors, challenges in clinical and diagnostic practice&#8222; (CME webinar) 13. M\u00e4rz 2024 Online<\/p>\n","protected":false},"author":2,"featured_media":0,"parent":0,"menu_order":5000,"comment_status":"closed","ping_status":"closed","template":"","meta":{"_acf_changed":false,"content-type":"","inline_featured_image":false,"footnotes":""},"class_list":["post-1140","page","type-page","status-publish","hentry"],"acf":[],"_links":{"self":[{"href":"https:\/\/molecularhealth.com\/eu\/de\/wp-json\/wp\/v2\/pages\/1140","targetHints":{"allow":["GET"]}}],"collection":[{"href":"https:\/\/molecularhealth.com\/eu\/de\/wp-json\/wp\/v2\/pages"}],"about":[{"href":"https:\/\/molecularhealth.com\/eu\/de\/wp-json\/wp\/v2\/types\/page"}],"author":[{"embeddable":true,"href":"https:\/\/molecularhealth.com\/eu\/de\/wp-json\/wp\/v2\/users\/2"}],"replies":[{"embeddable":true,"href":"https:\/\/molecularhealth.com\/eu\/de\/wp-json\/wp\/v2\/comments?post=1140"}],"version-history":[{"count":102,"href":"https:\/\/molecularhealth.com\/eu\/de\/wp-json\/wp\/v2\/pages\/1140\/revisions"}],"predecessor-version":[{"id":4384,"href":"https:\/\/molecularhealth.com\/eu\/de\/wp-json\/wp\/v2\/pages\/1140\/revisions\/4384"}],"wp:attachment":[{"href":"https:\/\/molecularhealth.com\/eu\/de\/wp-json\/wp\/v2\/media?parent=1140"}],"curies":[{"name":"wp","href":"https:\/\/api.w.org\/{rel}","templated":true}]}}