{"id":2896,"date":"2023-12-18T09:58:23","date_gmt":"2023-12-18T09:58:23","guid":{"rendered":"http:\/\/molecularhealth.com\/eu\/?page_id=2896"},"modified":"2023-12-19T16:14:08","modified_gmt":"2023-12-19T16:14:08","slug":"governance","status":"publish","type":"page","link":"https:\/\/molecularhealth.com\/eu\/de\/governance\/","title":{"rendered":"Governance"},"content":{"rendered":"\n<h3 class=\"wp-block-heading\">Hinweisgeberschutzgesetz<\/h3>\n\n<p>Schwerwiegendes Fehlverhalten muss bekannt werden, um es zuk\u00fcnftig zu verhindern und angemessen zu ahnden. Molecular Health ermuntert alle Mitarbeiterinnen, Mitarbeiter und F\u00fchrungskr\u00e4fte, wenn ein Fehlverhalten beobachtet wird, ihre F\u00fchrungskraft oder die Gesch\u00e4ftsf\u00fchrung zu informieren. Oftmals k\u00f6nnen Probleme auf diesem Weg gel\u00f6st werden.<\/p>\n\n<p><strong>Inhalt:<\/strong><\/p>\n\n<ul class=\"wp-block-list\">\n<li>Grunds\u00e4tzliche Information<\/li>\n\n\n\n<li>Inhalt einer Meldung<\/li>\n\n\n\n<li>Datenschutzinformation<\/li>\n\n\n\n<li>Art und Umfang der Datenverarbeitung<\/li>\n\n\n\n<li>Freiwillig und in Abh\u00e4ngigkeit zum Vorfall k\u00f6nnen folgende Daten durch Sie \u00fcbermittelt werden<\/li>\n\n\n\n<li>Rechtsgrundlage und Zweck f\u00fcr die Datenverarbeitung<\/li>\n\n\n\n<li>Meldewege zur Abgabe eines Hinweises<\/li>\n<\/ul>\n\n<p><strong>Meldewege<\/strong><\/p>\n\n<p><strong>Postalisch<\/strong>:<\/p>\n\n<p>RA Ghaffar<br\/>Herrn RA MICHAEL H. GHAFFAR, LL.M. (NYU)<br\/>Erbacher Tal 26<br\/>64646 Heppenheim<br\/>Telefon: + 49 (0) 171 832 1000<br\/>E-Mail: <a href=\"javascript:linkTo_UnCryptMailto(%27nbjmup%2Bijoxfjt.ixlmvfcfdlAmfhjujnjt%5C%2Fdpn%27);\">hinweis-molecularhealth@ghaffar.eu<\/a><\/p>\n\n<p><strong>Grunds\u00e4tzliche Information<\/strong><\/p>\n\n<p>Molecular Health bietet hinweisgebenden Personen die M\u00f6glichkeit Ihre Informationen einer externen Stelle zu \u00fcbermitteln. Dazu hat Molecular Health mit der Einrichtung einer Meldestelle gem. HinSchG Herrn RA Michael Ghaffar beauftragt. RA Ghaffar agiert weisungsfrei in der Behandlung von Hinweisen. Dazu einige Hinweise:<\/p>\n\n<ul class=\"wp-block-list\">\n<li>Zun\u00e4chst ist zu \u00fcberlegen, der eigenen F\u00fchrungskraft einen Hinweis \u00fcber das Fehlverhalten zu geben.<\/li>\n\n\n\n<li>Sollte dieser Weg nicht in Betracht kommen, k\u00f6nnen Hinweise auf Fehlverhalten bei der externen Meldestelle von Molecular Health pers\u00f6nlich, postalisch, telefonisch oder per E-Mail abgegeben werden.<\/li>\n\n\n\n<li>Die Angaben werden streng vertraulich behandelt und von zur Verschwiegenheit verpflichteten Personen plausibilisiert. Informationen zum Datenschutz finden Sie auf der n\u00e4chsten Seite.<\/li>\n\n\n\n<li>Sie k\u00f6nnen in Ausnahmef\u00e4llen Ihre Meldung anonym abgeben, sofern schwerwiegende pers\u00f6nliche, arbeitsrechtliche, disziplinarrechtliche oder soziale Nachteile bef\u00fcrchtet werden.<\/li>\n<\/ul>\n\n<p><strong>Inhalt einer Meldung<\/strong><\/p>\n\n<p>Folgende Verst\u00f6\u00dfe oder Fehlverhalten k\u00f6nnen der Grund eines Hinweises sein:<\/p>\n\n<ul class=\"wp-block-list\">\n<li>Korruption \/ Bestechung: Bestechung und Bestechlichkeit sowie Vorteilsgew\u00e4hrung und Vorteilsnahme, etwa Annahme oder Gew\u00e4hrung von Geschenken, Einladungen zu Veranstaltungen, Preisnachl\u00e4ssen oder sonstige Vorteile oder Verg\u00fcnstigungen zum eigenen Vorteil<\/li>\n\n\n\n<li>Diebstahl \/ Unterschlagung: Unberechtigte Entwendung und Aneignung von Gegenst\u00e4nden oder Geld, etwa Behalten \u00fcberlassener Sachen, Einstecken fremder Sachen, Greifen in die Barkasse<\/li>\n\n\n\n<li>Betrug \/ Untreue: T\u00e4uschung zur Sch\u00e4digung des Verm\u00f6gens eines anderen, eigene Bereicherung, Missbrauch der Verf\u00fcgungsbefugnis oder eines Treueverh\u00e4ltnisses zum finanziellen Nachteil, etwa Erschwindeln von Leistungen, \u00fcberh\u00f6hte Rechnungsstellung etc.<\/li>\n\n\n\n<li>Wettbewerbs- \/ Kartellverst\u00f6\u00dfe: Verst\u00f6\u00dfe gegen freie Marktwirtschaft, fairen Wettbewerb und Sch\u00e4digung von Verbrauchern, vor allem durch unerlaubte Preisabsprachen<\/li>\n\n\n\n<li>Geldw\u00e4sche \/ Terrorismusfinanzierung: Einschleusen von Geld illegaler Herkunft in den Finanzkreislauf, etwa Bezahlung oder Darlehensgew\u00e4hrung mit Geld aus Gewinnen aus Drogengesch\u00e4ften, Waffenhandel etc., auch wenn \u00dcberweisungen an (scheinbar) humanit\u00e4re Organisationen erfolgen<\/li>\n\n\n\n<li>Bilanzbetrug \/ Buchhaltungsverst\u00f6\u00dfe: Verst\u00f6\u00dfe gegen ordnungsgem\u00e4\u00dfes Rechnungswesen, etwa Vorgaben f\u00fcr Buchhaltung, Bilanzierung, Abschlusspr\u00fcfung oder interne Kontrollen, der Rechnungslegung oder der Bilanzrevision, die zu unrichtigen Zahlen f\u00fchren<\/li>\n\n\n\n<li>Gesundheitsschutz \/ Arbeitsplatzsicherheit: Verletzung von Vorschriften zum Gesundheitsschutz und der Sicherheit am Arbeitsplatz, die Gesundheitsgef\u00e4hrdungen und Arbeitsunf\u00e4lle vermeiden sollen<\/li>\n\n\n\n<li>Diskriminierung \/ Bel\u00e4stigung: Verst\u00f6\u00dfe gegen das Gebot der Gleichbehandlung und dem Verbot der Zur\u00fccksetzung aufgrund Herkunft, Religion, Geschlecht, pers\u00f6nlicher Orientierungen etc. sowie Bedr\u00e4ngung der Privatsph\u00e4re, auch etwa Mobbing oder Bossing<\/li>\n\n\n\n<li>Verst\u00f6\u00dfe gegen Regelungen des Datenschutzes und\/oder Sicherheit in der Informationstechnik: unrechtm\u00e4\u00dfige Verarbeitung personenbezogener Daten, Verlust oder Offenlegung von personenbezogenen Daten durch unzureichende Sicherheitsma\u00dfnahmen in der Informationstechnik<\/li>\n<\/ul>\n\n<p><br\/>Eine Sachverhaltsaufkl\u00e4rung wird durch eine strukturierte Meldung unterst\u00fctzt. Daher sollte der Hinwies eine detaillierte Beschreibung des Vorfalls beinhalten. Dazu k\u00f6nnen Sie sich an den folgenden Fragen orientieren:<\/p>\n\n<ul class=\"wp-block-list\">\n<li>Wer hat den Versto\u00df begangen?<\/li>\n\n\n\n<li>Was ist passiert?<\/li>\n\n\n\n<li>Wo ist es passiert?<\/li>\n\n\n\n<li>Wann ist es passiert?<\/li>\n\n\n\n<li>Wie l\u00e4sst sich der Versto\u00df belegen?<\/li>\n<\/ul>\n\n<p><strong>Datenschutzinformation<\/strong><\/p>\n\n<p>Der Verantwortliche im Sinne der Datenschutz-Grundverordnung (DSGVO) und anderer nationaler Datenschutzgesetze der Mitgliedstaaten der Europ\u00e4ischen Union (EU) sowie sonstiger datenschutzrechtlicher Bestimmungen ist:<\/p>\n\n<p>Molecular Health GmbH<br\/>Kurf\u00fcrsten-Anlage 21,<br\/>69115 Heidelberg,<br\/>E-Mail: <a href=\"mailto:info@molecularhealth.com\">info@molecularhealth.com<\/a><br\/>Telefon: +49 (0) 6221 43851-0<\/p>\n\n<p>Der Datenschutzbeauftragte des Verantwortlichen ist:<br\/>Herr Sebastian Feik<br\/>legitimis GmbH<br\/>Ball 1<br\/>51429 Bergisch Gladbach<br\/>Telefon: 02202 28 941-0<\/p>\n\n<p><strong>Art und Umfang der Datenverarbeitung<\/strong><\/p>\n\n<p>Pers\u00f6nlich, postalisch, telefonisch oder per E-Mail besteht die M\u00f6glichkeit, Molecular Health \u00fcber schwerwiegendes Fehlverhalten, von welchem Sie Kenntnis erhalten haben, zu informieren. Sie entscheiden \u00fcber Umfang und Inhalt der Informationen, welche Sie der Meldestelle.<\/p>\n\n<p>Alle \u00fcbermittelten Daten werden zur Sachverhaltspr\u00fcfung durch das MH Hinweisgeberteam (RA Michael Ghaffar, Thorsten Vogt, Head of HR, GF Dr. Stephan Brock) vertraulich gepr\u00fcft und unter Beachtung der gebotenen Vertraulichkeit plausibilisiert und zur Sachverhaltsaufkl\u00e4rung verwendet. Alle Mitglieder des Hinweisgeber-Teams von MH sind zus\u00e4tzlich auf Vertraulichkeit im Rahmen Ihrer T\u00e4tigkeit verpflichtet. Im Rahmen der Aufkl\u00e4rung kann eine Einbindung interner und externer Sachverst\u00e4ndiger und Dienstleister erfolgen. Im Rahmen einer m\u00f6glichen Strafverfolgung kann es dazu kommen, dass die personenbezogenen Daten gegen\u00fcber staatlichen Ermittlungsbeh\u00f6rden im Rahmen der gesetzlichen Verpflichtungen offengelegt werden m\u00fcssen.<\/p>\n\n<p>Folgende Daten werden bei Abgabe eines Hinweises erhoben, sofern Sie sie uns \u00fcbermitteln:<\/p>\n\n<ul class=\"wp-block-list\">\n<li>Daten zum Sachverhalt<\/li>\n<\/ul>\n\n<p><strong>Freiwillig und in Abh\u00e4ngigkeit zum Vorfall k\u00f6nnen folgende Daten durch Sie \u00fcbermittelt werden<\/strong><\/p>\n\n<ul class=\"wp-block-list\">\n<li>Personenbezogene Daten etwaiger beteiligter Mitarbeiter von Molecular Health oder externer Personen<\/li>\n\n\n\n<li>Kontaktdaten<\/li>\n\n\n\n<li>Dokumente und Bilder<\/li>\n<\/ul>\n\n<p><strong>Rechtsgrundlage und Zweck f\u00fcr die Datenverarbeitung<\/strong><\/p>\n\n<p>Rechtsgrundlage f\u00fcr die Verarbeitung der Daten nach Abgabe Ihres Hinweises ist die Art. 6 Abs. 1 lit. f DSGVO, unseres berechtigtes Interesse Verst\u00f6\u00dfe gegen Strafvorschriften und bu\u00dfgeldbewehrte Verst\u00f6\u00dfe bei Molecular Health zu identifizieren und zu verfolgen und Art 6. Abs. 1 lit. c DSGVO, die Sicherstellung der gesetzlichen Vorgaben aus dem Hinweisgeberschutzgesetz.<\/p>\n\n<p><strong>Meldewege zur Abgabe eines Hinweises<\/strong><\/p>\n\n<p>F\u00fcr Meldungen zu Verst\u00f6\u00dfen bzw. bei Verdacht auf Verst\u00f6\u00dfe gegen Recht, Gesetz und interne Richtlinien und Regelungen gibt es f\u00fcr Sie mehrere M\u00f6glichkeiten:<\/p>\n\n<p>Ihnen stehen folgende Meldewege zur Abgabe eines Hinweises offen:<br\/> <\/p>\n\n<p><strong>Postalisch:<\/strong><\/p>\n\n<p>RA Ghaffar<br\/>Herrn RA MICHAEL H. GHAFFAR, LL.M. (NYU)<br\/>Erbacher Tal 26<br\/>64646 Heppenheim<br\/>Telefon: + 49 (0) 171 832 1000<br\/>E-Mail: <a href=\"javascript:linkTo_UnCryptMailto(%27nbjmup%2Bijoxfjt.ixlmvfcfdlAmfhjujnjt%5C%2Fdpn%27);\">hinweis-molecularhealth@ghaffar.eu<\/a><\/p>\n","protected":false},"excerpt":{"rendered":"<p>Hinweisgeberschutzgesetz Schwerwiegendes Fehlverhalten muss bekannt werden, um es zuk\u00fcnftig zu verhindern und angemessen zu ahnden. Molecular Health ermuntert alle Mitarbeiterinnen, Mitarbeiter und F\u00fchrungskr\u00e4fte, wenn ein Fehlverhalten beobachtet wird, ihre F\u00fchrungskraft oder die Gesch\u00e4ftsf\u00fchrung zu informieren. Oftmals k\u00f6nnen Probleme auf diesem Weg gel\u00f6st werden. Inhalt: Meldewege Postalisch: RA GhaffarHerrn RA MICHAEL H. GHAFFAR, LL.M. (NYU)Erbacher Tal [&hellip;]<\/p>\n","protected":false},"author":3,"featured_media":0,"parent":0,"menu_order":1500,"comment_status":"closed","ping_status":"closed","template":"","meta":{"_acf_changed":false,"content-type":"","inline_featured_image":false,"footnotes":""},"class_list":["post-2896","page","type-page","status-publish","hentry"],"acf":[],"_links":{"self":[{"href":"https:\/\/molecularhealth.com\/eu\/de\/wp-json\/wp\/v2\/pages\/2896","targetHints":{"allow":["GET"]}}],"collection":[{"href":"https:\/\/molecularhealth.com\/eu\/de\/wp-json\/wp\/v2\/pages"}],"about":[{"href":"https:\/\/molecularhealth.com\/eu\/de\/wp-json\/wp\/v2\/types\/page"}],"author":[{"embeddable":true,"href":"https:\/\/molecularhealth.com\/eu\/de\/wp-json\/wp\/v2\/users\/3"}],"replies":[{"embeddable":true,"href":"https:\/\/molecularhealth.com\/eu\/de\/wp-json\/wp\/v2\/comments?post=2896"}],"version-history":[{"count":6,"href":"https:\/\/molecularhealth.com\/eu\/de\/wp-json\/wp\/v2\/pages\/2896\/revisions"}],"predecessor-version":[{"id":2929,"href":"https:\/\/molecularhealth.com\/eu\/de\/wp-json\/wp\/v2\/pages\/2896\/revisions\/2929"}],"wp:attachment":[{"href":"https:\/\/molecularhealth.com\/eu\/de\/wp-json\/wp\/v2\/media?parent=2896"}],"curies":[{"name":"wp","href":"https:\/\/api.w.org\/{rel}","templated":true}]}}