{"id":3853,"date":"2025-03-06T15:33:19","date_gmt":"2025-03-06T15:33:19","guid":{"rendered":"https:\/\/molecularhealth.com\/eu\/zertifikate\/"},"modified":"2026-03-04T06:01:58","modified_gmt":"2026-03-04T06:01:58","slug":"zertifikate","status":"publish","type":"page","link":"https:\/\/molecularhealth.com\/eu\/de\/zertifikate\/","title":{"rendered":"Zertifikate"},"content":{"rendered":"\n<div class=\"wp-block-columns is-layout-flex wp-container-core-columns-is-layout-28f84493 wp-block-columns-is-layout-flex\">\n<div class=\"wp-block-column is-layout-flow wp-block-column-is-layout-flow\">\n<h2 class=\"wp-block-heading\" id=\"datasecurity\">Unsere Garantie: Qualit\u00e4t,<br\/>Sicherheit und Schutz der Daten <\/h2>\n<\/div>\n\n\n\n<div class=\"wp-block-column is-layout-flow wp-block-column-is-layout-flow\">\n<p>Als international t\u00e4tiges Biotech-IT-Unternehmen werden unsere Softwarel\u00f6sungen in Bereichen eingesetzt, in denen es um die nachhaltige Verbesserung der Patientenversorgung geht und der Schutz personenbezogener Daten und die Patientensicherheit von gr\u00f6\u00dfter Bedeutung sind. Unsere Softwareanwendungen und Server erf\u00fcllen daher strengste Sicherheitsvorgaben und arbeiten mit fortschrittlichsten Verschl\u00fcsselungsstandards. Patienten, deren Informationen im Rahmen der medizinischen Behandlung mit MH Guide analysiert werden, k\u00f6nnen sicher sein, dass ihre pers\u00f6nlichen Daten immer verschl\u00fcsselt oder pseudonymisiert werden, bevor sie an Molecular Health \u00fcbermittelt werden. Nur der behandelnde Arzt hat Zugriff auf Patientendaten, die R\u00fcckschl\u00fcsse auf die Identit\u00e4t zulassen. Es werden keine pers\u00f6nlichen Informationen \u00fcbermittelt oder gespeichert, die nicht f\u00fcr die Analyse notwendig sind. Zudem gew\u00e4hrleisten strenge Risiko- und Qualit\u00e4tsmanagementroutinen und regelm\u00e4\u00dfige Schulungen unserer Mitarbeiterinnen und Mitarbeiter die Einhaltung datenschutzrechtlicher Vorgaben. <\/p>\n<\/div>\n<\/div>\n\n<div style=\"height:30px\" aria-hidden=\"true\" class=\"wp-block-spacer\"><\/div>\n\n<div class=\"wp-block-columns is-layout-flex wp-container-core-columns-is-layout-28f84493 wp-block-columns-is-layout-flex\">\n<div class=\"wp-block-column is-layout-flow wp-block-column-is-layout-flow\">\n<figure class=\"wp-block-image size-full\"><img loading=\"lazy\" decoding=\"async\" width=\"460\" height=\"136\" src=\"https:\/\/molecularhealth.com\/eu\/wp-content\/uploads\/sites\/2\/Privacy_icon.png\" alt=\"\" class=\"wp-image-3379\"\/><\/figure>\n\n\n\n<h4 class=\"wp-block-heading has-text-align-center\">Datenschutz<\/h4>\n\n\n\n<p>MH Guide erf\u00fcllt die Anforderungen der Datenschutzgrundverordnung (DSGVO) in Europa und des Gendiagnostikgesetzes (GenDG) in Deutschland sowie des Health Insurance Portability and Accountability Act (HIPAA) in den USA. <\/p>\n<\/div>\n\n\n\n<div class=\"wp-block-column is-layout-flow wp-block-column-is-layout-flow\">\n<figure class=\"wp-block-image size-full\"><img loading=\"lazy\" decoding=\"async\" width=\"460\" height=\"136\" src=\"https:\/\/molecularhealth.com\/eu\/wp-content\/uploads\/sites\/2\/access.png\" alt=\"\" class=\"wp-image-1018\"\/><\/figure>\n\n\n\n<h4 class=\"wp-block-heading has-text-align-center\">Datenzugriff<\/h4>\n\n\n\n<p>Alle Mitarbeiter von Molecular Health mit Zugriff auf Patientendaten sind nach Datenschutzgrundverordnung (DSGVO) und zum amerikanischen Health Insurance Portability and Accountability Act (HIPAA) geschult. Der Datenzugriff wird kontrolliert. <\/p>\n<\/div>\n\n\n\n<div class=\"wp-block-column is-layout-flow wp-block-column-is-layout-flow\">\n<figure class=\"wp-block-image size-full\"><img loading=\"lazy\" decoding=\"async\" width=\"460\" height=\"136\" src=\"https:\/\/molecularhealth.com\/eu\/wp-content\/uploads\/sites\/2\/Server.png\" alt=\"\" class=\"wp-image-1021\"\/><\/figure>\n\n\n\n<h4 class=\"wp-block-heading has-text-align-center\">Rechenzentrumsarchitektur &amp; Compliance mit Cybersicherheitsvorschriften<\/h4>\n\n\n\n<p>Alle Dienste sind in Datenzentren oder bei Hosting-Anbietern untergebracht, die nach Trusted Site Infrastructure (TSI) und\/oder ISO 27001 zertifiziert sind und den h\u00f6chsten Industriestandards entsprechen. Molecular Health verwendet fortschrittliche Verschl\u00fcsselungsstandards (SSL\/TLS, AES-256), um pers\u00f6nliche Gesundheitsdaten zu sch\u00fctzen und speichert sie mit kontrollierter Zugriffsberechtigung. <\/p>\n\n\n\n<p>Molecular Health erf\u00fcllt die staatlichen und lokalen Anforderungen an die Cybersicherheit und das Hosting von Gesundheitsdaten. Der genutzte Hosting-Anbieter AWS ist f\u00fcr <a href=\"https:\/\/aws.amazon.com\/de\/compliance\/hds\/\" target=\"_blank\" rel=\"noreferrer noopener nofollow\">Frankreich<\/a> gem\u00e4\u00df HDS (H\u00e9bergeur de Donn\u00e9es de Sant\u00e9) und f\u00fcr <a href=\"https:\/\/www.acn.gov.it\/portale\/w\/in-60\" target=\"_blank\" rel=\"noreferrer noopener nofollow\">Italien<\/a> gem\u00e4\u00df ACN (Agenzia per la cybersicurezza nazionale) zertifiziert.   <\/p>\n<\/div>\n<\/div>\n\n<div style=\"height:100px\" aria-hidden=\"true\" class=\"wp-block-spacer\"><\/div>\n\n<h2 class=\"wp-block-heading\" id=\"certified_quality\">Sensible Daten sind bei uns sicher<\/h2>\n\n<p>MH Guide ist eine der ersten Softwarel\u00f6sungen ihrer Art, die in Europa als In-vitro-Diagnostikum (IVD) zugelassen ist und ein Zertifikat gem\u00e4\u00df der EU-Verordnung 2017\/746 (IVDR) erhalten hat. Dieser IVDR-Status wird durch die folgenden Zertifizierungen auf Unternehmensebene erg\u00e4nzt:<\/p>\n\n<div class=\"wp-block-columns alignfull is-layout-flex wp-container-core-columns-is-layout-28f84493 wp-block-columns-is-layout-flex\">\n<div class=\"wp-block-column is-vertically-aligned-center has-grey-light-background-color has-background has-global-padding is-layout-constrained wp-container-core-column-is-layout-23b1a4dc wp-block-column-is-layout-constrained\" style=\"padding-top:var(--wp--preset--spacing--30);padding-right:var(--wp--preset--spacing--30);padding-bottom:var(--wp--preset--spacing--30);padding-left:var(--wp--preset--spacing--30)\">\n<div class=\"wp-block-columns are-vertically-aligned-top is-layout-flex wp-container-core-columns-is-layout-28f84493 wp-block-columns-is-layout-flex\">\n<div class=\"wp-block-column is-vertically-aligned-top is-layout-flow wp-block-column-is-layout-flow\" style=\"padding-top:15px;padding-right:15px;padding-bottom:15px;padding-left:15px\">\n<h3 class=\"wp-block-heading has-text-align-center\">MDSAP<\/h3>\n\n\n\n<p>Molecular Health ist ein zertifiziertes Unternehmen f\u00fcr das Medical Device Single Audit Program (MDSAP) f\u00fcr das Design, die Entwicklung, die Produktion und die Installation sowie Wartung von In-vitro-Diagnostik-Software, die bei der genetischen Untersuchung zur Diagnose von Erbkrankheiten oder Pr\u00e4dispositionen f\u00fcr einen medizinischen Zustand oder eine Krankheit und zur Vorhersage des Behandlungsansprechens verwendet wird. Das schlie\u00dft In-vitro-Diagnostika f\u00fcr den Point-of-Care-Bereich ein.<\/p>\n\n\n<div class=\"lazyblock-mh-buttons-bar-Z12MGrf wp-block-lazyblock-mh-buttons-bar\">  <section class=\"mh-buttons-bar\">\r\n          <a class=\"mh-buttons-item\" href=\"https:\/\/molecularhealth.com\/eu\/wp-content\/uploads\/sites\/2\/MH_MDSAP_QS6_005092_0002_Rev_04_e-valid-as-of-23-Feb-2026-until-28-Apr-2028.pdf\" target=\"_blank\"><i data-feather=\"arrow-right\"><\/i> <span>Zum Zertifikat<\/span><\/a>      <\/section>\r\n<\/div><\/div>\n\n\n\n<div class=\"wp-block-column is-vertically-aligned-top is-layout-flow wp-block-column-is-layout-flow\" style=\"padding-top:15px;padding-right:15px;padding-bottom:15px;padding-left:15px\">\n<h3 class=\"wp-block-heading has-text-align-center\">IVDR und ISO 13485<\/h3>\n\n\n\n<p>Als Hersteller von In-vitro-Diagnostika ist Molecular Health nach EN ISO 13485:2016 zertifiziert. Unser zertifiziertes Qualit\u00e4tsmanagementsystem umfasst Standardarbeitsanweisungen (SOPs) f\u00fcr den Betrieb produktiver IT-Systeme, die IT-Business Continuity und die Produktsicherheit, und wir erf\u00fcllen die internationalen Standards f\u00fcr Software-Lebenszyklus und Risikomanagement, IEC 62304 und ISO 14971.<\/p>\n\n\n<div class=\"lazyblock-mh-buttons-bar-ZB0XjW wp-block-lazyblock-mh-buttons-bar\">  <section class=\"mh-buttons-bar\">\r\n          <a class=\"mh-buttons-item\" href=\"https:\/\/molecularhealth.com\/eu\/wp-content\/uploads\/sites\/2\/Molecular-Health_IVDR_V12-005092_0003_Rev_00_e_el.pdf\" target=\"_blank\"><i data-feather=\"arrow-right\"><\/i> <span>Download IVDR<\/span><\/a>          <a class=\"mh-buttons-item\" href=\"https:\/\/molecularhealth.com\/eu\/mh-guide-ivdr-en\/\" target=\"_blank\"><i data-feather=\"arrow-right\"><\/i> <span>Download ISO 13485<\/span><\/a>      <\/section>\r\n<\/div><\/div>\n<\/div>\n\n\n\n<div class=\"wp-block-columns is-layout-flex wp-container-core-columns-is-layout-28f84493 wp-block-columns-is-layout-flex\">\n<div class=\"wp-block-column is-layout-flow wp-block-column-is-layout-flow\">\n<h3 class=\"wp-block-heading has-text-align-center\">CLIA<\/h3>\n\n\n\n<p>Molecular Health ist nach den Qualit\u00e4tsstandards der US Clinical Laboratory Improvement Amendments (CLIA) zertifiziert, die von der US-Bundesbeh\u00f6rde Centers for Medicare and Medicaid Services (CMS) herausgegeben werden. <\/p>\n\n\n<div class=\"lazyblock-mh-buttons-bar-1Crvw9 wp-block-lazyblock-mh-buttons-bar\">  <section class=\"mh-buttons-bar\">\r\n          <a class=\"mh-buttons-item\" href=\"<!--[CDATA[https:\/\/molecularhealth.com\/eu\/wp-content\/uploads\/sites\/2\/CMS_Certificate-of-Accreditation_99D2112168_valid_until_26-Jul-2026.pdf]]-->&#8220; target=&#8220;_blank&#8220;><i data-feather=\"arrow-right\"><\/i> <span>Zum Zertifikat<\/span><\/a>      <\/section>\r\n<\/div><\/div>\n\n\n\n<div class=\"wp-block-column is-layout-flow wp-block-column-is-layout-flow\">\n<h3 class=\"wp-block-heading has-text-align-center\">CAP<\/h3>\n\n\n\n<p>Molecular Health ist vom College of American Pathologists (CAP) akkreditiert, das hei\u00dft, sie entspricht den US-Laborstandards zur Gew\u00e4hrleistung der ordnungsgem\u00e4\u00dfen Validit\u00e4t, Handhabung und Berichterstattung von Trockenlaborbefunden.<\/p>\n\n\n<div class=\"lazyblock-mh-buttons-bar-1qInog wp-block-lazyblock-mh-buttons-bar\">  <section class=\"mh-buttons-bar\">\r\n          <a class=\"mh-buttons-item\" href=\"https:\/\/molecularhealth.com\/eu\/wp-content\/uploads\/sites\/2\/CAP_Accreditation-Certificate_valid_until_14-July-2026.pdf\" target=\"_blank\"><i data-feather=\"arrow-right\"><\/i> <span>Zum Zertifikat<\/span><\/a>      <\/section>\r\n<\/div><\/div>\n<\/div>\n<\/div>\n<\/div>\n\n<div style=\"height:50px\" aria-hidden=\"true\" class=\"wp-block-spacer\"><\/div>\n\n<p><\/p>\n","protected":false},"excerpt":{"rendered":"<p>Unsere Garantie: Qualit\u00e4t,Sicherheit und Schutz der Daten Als international t\u00e4tiges Biotech-IT-Unternehmen werden unsere Softwarel\u00f6sungen in Bereichen eingesetzt, in denen es um die nachhaltige Verbesserung der Patientenversorgung geht und der Schutz personenbezogener Daten und die Patientensicherheit von gr\u00f6\u00dfter Bedeutung sind. Unsere Softwareanwendungen und Server erf\u00fcllen daher strengste Sicherheitsvorgaben und arbeiten mit fortschrittlichsten Verschl\u00fcsselungsstandards. Patienten, deren Informationen [&hellip;]<\/p>\n","protected":false},"author":1,"featured_media":0,"parent":0,"menu_order":0,"comment_status":"closed","ping_status":"closed","template":"","meta":{"_acf_changed":false,"content-type":"","inline_featured_image":false,"footnotes":""},"class_list":["post-3853","page","type-page","status-publish","hentry"],"acf":[],"_links":{"self":[{"href":"https:\/\/molecularhealth.com\/eu\/de\/wp-json\/wp\/v2\/pages\/3853","targetHints":{"allow":["GET"]}}],"collection":[{"href":"https:\/\/molecularhealth.com\/eu\/de\/wp-json\/wp\/v2\/pages"}],"about":[{"href":"https:\/\/molecularhealth.com\/eu\/de\/wp-json\/wp\/v2\/types\/page"}],"author":[{"embeddable":true,"href":"https:\/\/molecularhealth.com\/eu\/de\/wp-json\/wp\/v2\/users\/1"}],"replies":[{"embeddable":true,"href":"https:\/\/molecularhealth.com\/eu\/de\/wp-json\/wp\/v2\/comments?post=3853"}],"version-history":[{"count":17,"href":"https:\/\/molecularhealth.com\/eu\/de\/wp-json\/wp\/v2\/pages\/3853\/revisions"}],"predecessor-version":[{"id":4456,"href":"https:\/\/molecularhealth.com\/eu\/de\/wp-json\/wp\/v2\/pages\/3853\/revisions\/4456"}],"wp:attachment":[{"href":"https:\/\/molecularhealth.com\/eu\/de\/wp-json\/wp\/v2\/media?parent=3853"}],"curies":[{"name":"wp","href":"https:\/\/api.w.org\/{rel}","templated":true}]}}