{"id":484,"date":"2023-03-30T14:12:21","date_gmt":"2023-03-30T13:12:21","guid":{"rendered":"http:\/\/molecularhealth.com\/eu\/kontakt\/"},"modified":"2025-03-31T10:50:12","modified_gmt":"2025-03-31T09:50:12","slug":"kontakt","status":"publish","type":"page","link":"https:\/\/molecularhealth.com\/eu\/de\/kontakt\/","title":{"rendered":"Kontakt"},"content":{"rendered":"<div class=\"lazyblock-mh-hero-banner-Z1qOVI4 alignfull alignfull  wp-block-lazyblock-mh-hero-banner\"><!-- Hero Banner -->\r\n<div class=\"mh-hero-banner  dm-lazyblock-mh-hero-banner-Z1qOVI4\" style=\"background:url(https:\/\/molecularhealth.com\/eu\/wp-content\/uploads\/sites\/2\/Contact_hero-1.jpg) center center no-repeat; background-size: cover;\">\r\n        <div class=\"mh-hero-content\">\r\n            <div class=\"mh-hero-content-block-1\">\r\n              <span class=\"block-1-wrap\">\r\n                <div class=\"mh-hero-heading\">\r\n                        <h1>                            Kontakt                            <br>Stellen Sie uns                            <br>Ihre Fragen                        \r\n                        <\/h1>\r\n                    <\/div>\r\n                \r\n                        <div class=\"mh-hero-links\"><a class=\"tileButton\" href=\"https:\/\/molecularhealth.com\/eu\/de\/ueber\/ueber-uns\/#yourcontact\" target=\"_self\"><i data-feather=\"arrow-right\"><\/i> <span>Finden Sie den richtigen Ansprechpartner<\/span><\/a><\/div>              <\/span>\r\n            <\/div>\r\n\r\n            \r\n        <\/div>\r\n<\/div>\r\n<\/div>\n<div style=\"height:30px\" aria-hidden=\"true\" class=\"wp-block-spacer\"><\/div>\n\n<div class=\"wp-block-columns is-layout-flex wp-container-core-columns-is-layout-28f84493 wp-block-columns-is-layout-flex\">\n<div class=\"wp-block-column has-deep-blue-sea-background-color has-background is-layout-flow wp-block-column-is-layout-flow\" style=\"padding-top:var(--wp--preset--spacing--40);padding-right:var(--wp--preset--spacing--40);padding-bottom:var(--wp--preset--spacing--40);padding-left:var(--wp--preset--spacing--40)\"><div class=\"lazyblock-mh-external-code-CDwqg wp-block-lazyblock-mh-external-code\">\n        <script charset=\"utf-8\" type=\"text\/javascript\" src=\"\/\/js-eu1.hsforms.net\/forms\/embed\/v2.js\"><\/script>\n        <script>\n            hbspt.forms.create({\n                region: \"eu1\",\n                portalId: \"25027938\",\n                formId: \"68ddacc0-e34e-4df9-b94f-caf25ccc92c8\"\n            });\n        <\/script>\n    <\/div><\/div>\n\n\n\n<div class=\"wp-block-column is-layout-flow wp-block-column-is-layout-flow\">\n<h2 class=\"wp-block-heading\">Kontaktdaten<\/h2>\n\n\n\n<p>Sie k\u00f6nnen entweder das Customer Success Team bei Molecular Health anrufen oder eine E-Mail schicken. Alternativ f\u00fcllen Sie einfach das Kontaktformular aus, und der zust\u00e4ndige Ansprechpartner wird sich so schnell wie m\u00f6glich mit Ihnen in Verbindung setzen.<\/p>\n\n\n\n<h4 class=\"wp-block-heading\" style=\"margin-top:var(--wp--preset--spacing--40);margin-bottom:0;padding-top:0;padding-bottom:0\">MH Guide<\/h4>\n\n\n\n<p>Bitte wenden Sie sich an unser Customer Success Team:<\/p>\n\n\n\n<p>Phone (GER): +49 6221 43851-150<br\/>Phone (US): +1 978 491 8393<br\/>E-mail: customerservice@molecularhealth.com<\/p>\n\n\n\n<h4 class=\"wp-block-heading\" style=\"margin-top:var(--wp--preset--spacing--40);margin-right:0;margin-bottom:0;margin-left:0;padding-top:0;padding-right:0;padding-bottom:0;padding-left:0\">AI Pharma Solutions<\/h4>\n\n\n\n<p>Biljana Blagojevic, PhD<br\/>Phone (GER): +49 6221 43851-0<br\/>E-Mail: mhpharmasolutions@molecularhealth.com<\/p>\n\n\n\n<h4 class=\"wp-block-heading\" style=\"margin-top:var(--wp--preset--spacing--40);margin-bottom:0;padding-top:0;padding-right:0;padding-bottom:0;padding-left:0\">Pressekontakt<\/h4>\n\n\n\n<p>Wir beantworten gerne Ihre Fragen und geben Auskunft \u00fcber Molecular Health.<\/p>\n\n\n\n<p>Marc-Alexander Rauschendorf, PhD<br\/>Phone (GER): +49 6221 43851-0<br\/>E-mail: media@molecularhealth.com<\/p>\n\n\n\n<h4 class=\"wp-block-heading\" style=\"margin-top:var(--wp--preset--spacing--40);margin-bottom:0;padding-top:0;padding-bottom:0\">Allgemeine Anliegen<\/h4>\n\n\n\n<p><strong>Anfahrtsbeschreibung:<\/strong><br\/><a href=\"https:\/\/molecularhealth.com\/eu\/wp-content\/uploads\/sites\/2\/Molecular_Health_Anfahrtsbeschreibung.pdf\" target=\"_blank\" rel=\"noreferrer noopener nofollow\">Link zum PDF<\/a><\/p>\n\n\n\n<p><strong>Heidelberg Headquarters:<\/strong><br\/>Phone (GER): +49 6221 43851-0<br\/>E-mail: info@molecularhealth.com<\/p>\n\n\n\n<p><strong>US Corporate Office:<\/strong><br\/>us@molecularhealth.com<\/p>\n<\/div>\n<\/div>\n","protected":false},"excerpt":{"rendered":"<p>Kontaktdaten Sie k\u00f6nnen entweder das Customer Success Team bei Molecular Health anrufen oder eine E-Mail schicken. Alternativ f\u00fcllen Sie einfach das Kontaktformular aus, und der zust\u00e4ndige Ansprechpartner wird sich so schnell wie m\u00f6glich mit Ihnen in Verbindung setzen. MH Guide Bitte wenden Sie sich an unser Customer Success Team: Phone (GER): +49 6221 43851-150Phone (US): [&hellip;]<\/p>\n","protected":false},"author":2,"featured_media":0,"parent":0,"menu_order":4000,"comment_status":"closed","ping_status":"closed","template":"","meta":{"_acf_changed":false,"content-type":"","inline_featured_image":false,"footnotes":""},"class_list":["post-484","page","type-page","status-publish","hentry"],"acf":[],"_links":{"self":[{"href":"https:\/\/molecularhealth.com\/eu\/de\/wp-json\/wp\/v2\/pages\/484","targetHints":{"allow":["GET"]}}],"collection":[{"href":"https:\/\/molecularhealth.com\/eu\/de\/wp-json\/wp\/v2\/pages"}],"about":[{"href":"https:\/\/molecularhealth.com\/eu\/de\/wp-json\/wp\/v2\/types\/page"}],"author":[{"embeddable":true,"href":"https:\/\/molecularhealth.com\/eu\/de\/wp-json\/wp\/v2\/users\/2"}],"replies":[{"embeddable":true,"href":"https:\/\/molecularhealth.com\/eu\/de\/wp-json\/wp\/v2\/comments?post=484"}],"version-history":[{"count":28,"href":"https:\/\/molecularhealth.com\/eu\/de\/wp-json\/wp\/v2\/pages\/484\/revisions"}],"predecessor-version":[{"id":3987,"href":"https:\/\/molecularhealth.com\/eu\/de\/wp-json\/wp\/v2\/pages\/484\/revisions\/3987"}],"wp:attachment":[{"href":"https:\/\/molecularhealth.com\/eu\/de\/wp-json\/wp\/v2\/media?parent=484"}],"curies":[{"name":"wp","href":"https:\/\/api.w.org\/{rel}","templated":true}]}}