{"id":543,"date":"2023-05-01T14:53:42","date_gmt":"2023-05-01T13:53:42","guid":{"rendered":"http:\/\/molecularhealth.com\/eu\/?page_id=543"},"modified":"2025-03-31T11:51:58","modified_gmt":"2025-03-31T10:51:58","slug":"charite-pathologie","status":"publish","type":"page","link":"https:\/\/molecularhealth.com\/eu\/de\/charite-pathologie\/","title":{"rendered":"Pathologie an der Charit\u00e9"},"content":{"rendered":"<div class=\"lazyblock-mh-hero-banner-Z1uNby3 alignfull alignfull  wp-block-lazyblock-mh-hero-banner\"><!-- Hero Banner -->\r\n<div class=\"mh-hero-banner  dm-lazyblock-mh-hero-banner-Z1uNby3\" style=\"background:url(https:\/\/molecularhealth.com\/eu\/wp-content\/uploads\/sites\/2\/CS_Charite_hero.jpg) center center no-repeat; background-size: cover;\">\r\n        <div class=\"mh-hero-content\">\r\n            <div class=\"mh-hero-content-block-1\">\r\n              <span class=\"block-1-wrap\">\r\n                <div class=\"mh-hero-heading\">\r\n                        <h1>                            Pathologie an der Charit\u00e9                            <br>Zusammenarbeit f\u00fcr umfassende                            <br>Therapieentscheidungen                        \r\n                        <\/h1>\r\n                    <\/div>\r\n                \r\n                        <div class=\"mh-hero-links\"><a class=\"tileButton\" href=\"#casestudies\" target=\"_self\"><i data-feather=\"arrow-right\"><\/i> <span>Weitere Fallbeispiele<\/span><\/a><\/div>              <\/span>\r\n            <\/div>\r\n\r\n            \r\n                <div class=\"mh-hero-content-block-2\">\r\n                    <span><p>Das Institut f\u00fcr Pathologie der Charit\u00e9 Berlin ist ein zentraler Ansprechpartner in der Krankenversorgung von KrebspatientInnen der Hauptstadt und des Umlandes. Das breite Methodenspektrum deckt die histologische, zytologische und molekularpathologische Diagnostik ab. Dadurch wird eine zuverl\u00e4ssige und zeitnahe Detektion von therapeutischen Angriffspunkten erm\u00f6glicht. Die langj\u00e4hrige Zusammenarbeit zwischen dem Institut f\u00fcr Pathologie der Charit\u00e9 Berlin und Molecular Health unterst\u00fctzt die interdisziplin\u00e4re und entit\u00e4ts\u00fcbergreifende Therapieentscheidung im molekularen Tumorboard.<\/p><\/span>\r\n                <\/div>\r\n            \r\n        <\/div>\r\n<\/div>\r\n\r\n    <div class=\"mh-hero-content-block-2 mh-mobile\">\r\n        <span><p>Das Institut f\u00fcr Pathologie der Charit\u00e9 Berlin ist ein zentraler Ansprechpartner in der Krankenversorgung von KrebspatientInnen der Hauptstadt und des Umlandes. Das breite Methodenspektrum deckt die histologische, zytologische und molekularpathologische Diagnostik ab. Dadurch wird eine zuverl\u00e4ssige und zeitnahe Detektion von therapeutischen Angriffspunkten erm\u00f6glicht. Die langj\u00e4hrige Zusammenarbeit zwischen dem Institut f\u00fcr Pathologie der Charit\u00e9 Berlin und Molecular Health unterst\u00fctzt die interdisziplin\u00e4re und entit\u00e4ts\u00fcbergreifende Therapieentscheidung im molekularen Tumorboard.<\/p><\/span>\r\n    <\/div>\r\n<\/div>\n<div class=\"wp-block-columns is-layout-flex wp-container-core-columns-is-layout-28f84493 wp-block-columns-is-layout-flex\">\n<div class=\"wp-block-column is-layout-flow wp-block-column-is-layout-flow\">\n<div style=\"height:100px\" aria-hidden=\"true\" class=\"wp-block-spacer\"><\/div>\n<\/div>\n<\/div>\n\n<div class=\"wp-block-columns is-layout-flex wp-container-core-columns-is-layout-28f84493 wp-block-columns-is-layout-flex\">\n<div class=\"wp-block-column is-layout-flow wp-block-column-is-layout-flow\" style=\"flex-basis:66.66%\">\n<p>\u201eWir verwenden MH Guide seit einigen Jahren in unserem Labor und sind mit der flexiblen Anwendung f\u00fcr verschiedenste Tumorentit\u00e4ten, die wir im Labor bearbeiten, sehr zufrieden.\u201d<\/p>\n\n\n\n<p><strong>Prof. Dr. Michael Hummel<\/strong><br\/>Langj\u00e4hriger Leiter Molekular Diagnostik, Institut f\u00fcr Pathologie Charit\u00e9, Berlin<\/p>\n<\/div>\n\n\n\n<div class=\"wp-block-column is-layout-flow wp-block-column-is-layout-flow\" style=\"flex-basis:33.33%\">\n<figure class=\"wp-block-image size-full\"><img loading=\"lazy\" decoding=\"async\" width=\"344\" height=\"302\" src=\"https:\/\/molecularhealth.com\/eu\/wp-content\/uploads\/sites\/2\/Hummel.png\" alt=\"\" class=\"wp-image-231\"\/><\/figure>\n<\/div>\n<\/div>\n\n<div class=\"wp-block-columns is-layout-flex wp-container-core-columns-is-layout-28f84493 wp-block-columns-is-layout-flex\">\n<div class=\"wp-block-column is-layout-flow wp-block-column-is-layout-flow\">\n<h3 class=\"wp-block-heading\" style=\"margin-top:var(--wp--preset--spacing--30);margin-bottom:var(--wp--preset--spacing--30)\"><strong>Herausforderung<\/strong><\/h3>\n\n\n\n<p>Bei der molekularen Diagnostik von PatientInnenproben suchte das Institut f\u00fcr Pathologie der Charit\u00e9 Berlin nach einer unterst\u00fctzenden Interpretationsl\u00f6sung f\u00fcr die steigende Zahl an angeforderten molekularen Analysen aus verschiedenen Tumorentit\u00e4ten.<\/p>\n<\/div>\n<\/div>\n\n<h3 class=\"wp-block-heading\" style=\"margin-top:var(--wp--preset--spacing--30);margin-bottom:var(--wp--preset--spacing--30)\"><strong>L\u00f6sung<\/strong><\/h3>\n\n<p>In der klinischen Routine unterst\u00fctzt Molecular Health das Institut f\u00fcr Pathologie der Charit\u00e9 Berlin bei der molekularen Analyse von Next-Generation Sequencing (NGS)-Daten in verschiedensten Tumorentit\u00e4ten. Durch die Interpretationssoftware MH Guide k\u00f6nnen die Ergebnisse molekularer Analysen schnell und transparent ausgewertet und an das individuelle Reporting der Charit\u00e9 angepasst werden. MH Guide wird hierbei besonders f\u00fcr gro\u00dfe Genpanels eingesetzt und erm\u00f6glicht somit die parallele Analyse einer Vielzahl krankheitsrelevanter Gene, sowie eine automatisierte Identifikation diagnostisch relevanter Mutationen.<\/p>\n\n<h3 class=\"wp-block-heading\" style=\"margin-top:var(--wp--preset--spacing--30);margin-bottom:var(--wp--preset--spacing--30)\"><strong>PatientInnennutzen<\/strong><\/h3>\n\n<p>Durch die langj\u00e4hrige Zusammenarbeit zwischen dem Institut f\u00fcr Pathologie der Charit\u00e9 Berlin und Molecular Health kann Patient- Innen der Zugang zur personalisierten Therapiebehandlung anhand des individuellen molekularen Tumorprofils und die Teilnahme an relevanten klinischen Studien erm\u00f6glicht werden. Die Partnerschaft umfasst eine evidenzbasierte und schnelle Interpretation molekulardiagnostischer Ergebnisse in verschiedensten Tumorentit\u00e4ten und f\u00f6rdert somit den interdisziplin\u00e4ren Austausch im molekularen Tumorboard.<\/p>\n<div class=\"lazyblock-mh-divider-1r3LiB wp-block-lazyblock-mh-divider\"><img decoding=\"async\" style=\"margin:0 auto;width:1350px;height:auto;\" src=\"\/wp-content\/uploads\/Divider.svg\" \/><\/div>\n<h2 class=\"wp-block-heading\" id=\"casestudies\">Weitere Fallbeispiele<\/h2>\n<div class=\"lazyblock-mh-slider-ZsyK6D alignwide alignwide  wp-block-lazyblock-mh-slider\"><!-- Slider main container -->\r\n\r\n<div class=\"swiper  dm-lazyblock-mh-slider-ZsyK6D\" dmUniqueAttribute=\"dm-lazyblock-mh-slider-ZsyK6D\">\r\n    <!-- Additional required wrapper -->\r\n    <div class=\"swiper-wrapper\">\r\n        <!-- Slides -->\r\n                                    <div class=\"swiper-slide\">\r\n                    <!--https:\/\/molecularhealth.com\/eu\/wp-content\/uploads\/sites\/2\/CS_GenoPath_1400.jpg--><!--https:\/\/molecularhealth.com\/eu\/wp-content\/uploads\/sites\/2\/CS_GenoPath_1400.jpg-->                                <img decoding=\"async\" src=\"https:\/\/molecularhealth.com\/eu\/wp-content\/uploads\/sites\/2\/CS_GenoPath_1400.jpg\" alt=\"\" \/>\r\n                                                <div class=\"inhalt\">\r\n                        <h2>GENOPATH GbR<\/h2>\r\n                        <h3>Eine Gruppe von Pathologielaboren legt Wert auf qualitativ hochwertige, hochmoderne Molekulardiagnostik<\/h3>\r\n                        <a class=\"mh-slider-button\" href=\"https:\/\/molecularhealth.com\/eu\/de\/genopath-gbr\/\">Weiterlesen<\/a>                    <\/div>\r\n                <\/div>\r\n                            <div class=\"swiper-slide\">\r\n                    <!--https:\/\/molecularhealth.com\/eu\/wp-content\/uploads\/sites\/2\/CS_OncoNet_1400.jpg--><!--https:\/\/molecularhealth.com\/eu\/wp-content\/uploads\/sites\/2\/CS_OncoNet_1400.jpg-->                                <img decoding=\"async\" src=\"https:\/\/molecularhealth.com\/eu\/wp-content\/uploads\/sites\/2\/CS_OncoNet_1400.jpg\" alt=\"\" \/>\r\n                                                <div class=\"inhalt\">\r\n                        <h2>OncoNet Rhein-Main e. V. <\/h2>\r\n                        <h3>Ein Gesundheitsnetz bietet eine wirksame und gezielte Krebsbehandlung <\/h3>\r\n                        <a class=\"mh-slider-button\" href=\"https:\/\/molecularhealth.com\/eu\/de\/onconet-rhein-main-e-v\/\">Weiterlesen<\/a>                    <\/div>\r\n                <\/div>\r\n                            <div class=\"swiper-slide\">\r\n                    <!--https:\/\/molecularhealth.com\/eu\/wp-content\/uploads\/sites\/2\/CS_GenEra_1400.jpg--><!--https:\/\/molecularhealth.com\/eu\/wp-content\/uploads\/sites\/2\/CS_GenEra_1400.jpg-->                                <img decoding=\"async\" src=\"https:\/\/molecularhealth.com\/eu\/wp-content\/uploads\/sites\/2\/CS_GenEra_1400.jpg\" alt=\"\" \/>\r\n                                                <div class=\"inhalt\">\r\n                        <h2>Gen Era Diagnostics<\/h2>\r\n                        <h3>Ein f\u00fchrender Anbieter von molekulardiagnostischen Produkten und Dienstleistungen in der T\u00fcrkei setzt auf MH Guide<\/h3>\r\n                        <a class=\"mh-slider-button\" href=\"https:\/\/molecularhealth.com\/eu\/de\/gen-era-diagnostics\/\">Weiterlesen<\/a>                    <\/div>\r\n                <\/div>\r\n                                        <div class=\"swiper-slide\">\r\n                                                    <img decoding=\"async\" src=\"https:\/\/molecularhealth.com\/eu\/wp-content\/uploads\/sites\/2\/CS_GenoPath_1400.jpg\" alt=\"\" \/>\r\n                                                <div class=\"inhalt\">\r\n                        <h2>GENOPATH GbR<\/h2>\r\n                        <h3>Eine Gruppe von Pathologielaboren legt Wert auf qualitativ hochwertige, hochmoderne Molekulardiagnostik<\/h3>\r\n                        <a class=\"mh-slider-button\" href=\"https:\/\/molecularhealth.com\/eu\/de\/genopath-gbr\/\">Weiterlesen<\/a>                    <\/div>\r\n                <\/div>\r\n                            <div class=\"swiper-slide\">\r\n                                                    <img decoding=\"async\" src=\"https:\/\/molecularhealth.com\/eu\/wp-content\/uploads\/sites\/2\/CS_OncoNet_1400.jpg\" alt=\"\" \/>\r\n                                                <div class=\"inhalt\">\r\n                        <h2>OncoNet Rhein-Main e. V. <\/h2>\r\n                        <h3>Ein Gesundheitsnetz bietet eine wirksame und gezielte Krebsbehandlung <\/h3>\r\n                        <a class=\"mh-slider-button\" href=\"https:\/\/molecularhealth.com\/eu\/de\/onconet-rhein-main-e-v\/\">Weiterlesen<\/a>                    <\/div>\r\n                <\/div>\r\n                            <div class=\"swiper-slide\">\r\n                                                    <img decoding=\"async\" src=\"https:\/\/molecularhealth.com\/eu\/wp-content\/uploads\/sites\/2\/CS_GenEra_1400.jpg\" alt=\"\" \/>\r\n                                                <div class=\"inhalt\">\r\n                        <h2>Gen Era Diagnostics<\/h2>\r\n                        <h3>Ein f\u00fchrender Anbieter von molekulardiagnostischen Produkten und Dienstleistungen in der T\u00fcrkei setzt auf MH Guide<\/h3>\r\n                        <a class=\"mh-slider-button\" href=\"https:\/\/molecularhealth.com\/eu\/de\/gen-era-diagnostics\/\">Weiterlesen<\/a>                    <\/div>\r\n                <\/div>\r\n                        <\/div>\r\n    <!-- If we need pagination -->\r\n    <div class=\"swiper-pagination\"><\/div>\r\n\r\n    <!-- If we need navigation buttons -->\r\n    <div class=\"swiper-button-prev\"><\/div>\r\n    <div class=\"swiper-button-next\"><\/div>\r\n\r\n<\/div><\/div>","protected":false},"excerpt":{"rendered":"<p>\u201eWir verwenden MH Guide seit einigen Jahren in unserem Labor und sind mit der flexiblen Anwendung f\u00fcr verschiedenste Tumorentit\u00e4ten, die wir im Labor bearbeiten, sehr zufrieden.\u201d Prof. Dr. Michael HummelLangj\u00e4hriger Leiter Molekular Diagnostik, Institut f\u00fcr Pathologie Charit\u00e9, Berlin Herausforderung Bei der molekularen Diagnostik von PatientInnenproben suchte das Institut f\u00fcr Pathologie der Charit\u00e9 Berlin nach einer [&hellip;]<\/p>\n","protected":false},"author":3,"featured_media":0,"parent":0,"menu_order":0,"comment_status":"closed","ping_status":"closed","template":"","meta":{"_acf_changed":false,"content-type":"","inline_featured_image":false,"footnotes":""},"class_list":["post-543","page","type-page","status-publish","hentry"],"acf":[],"_links":{"self":[{"href":"https:\/\/molecularhealth.com\/eu\/de\/wp-json\/wp\/v2\/pages\/543","targetHints":{"allow":["GET"]}}],"collection":[{"href":"https:\/\/molecularhealth.com\/eu\/de\/wp-json\/wp\/v2\/pages"}],"about":[{"href":"https:\/\/molecularhealth.com\/eu\/de\/wp-json\/wp\/v2\/types\/page"}],"author":[{"embeddable":true,"href":"https:\/\/molecularhealth.com\/eu\/de\/wp-json\/wp\/v2\/users\/3"}],"replies":[{"embeddable":true,"href":"https:\/\/molecularhealth.com\/eu\/de\/wp-json\/wp\/v2\/comments?post=543"}],"version-history":[{"count":46,"href":"https:\/\/molecularhealth.com\/eu\/de\/wp-json\/wp\/v2\/pages\/543\/revisions"}],"predecessor-version":[{"id":4021,"href":"https:\/\/molecularhealth.com\/eu\/de\/wp-json\/wp\/v2\/pages\/543\/revisions\/4021"}],"wp:attachment":[{"href":"https:\/\/molecularhealth.com\/eu\/de\/wp-json\/wp\/v2\/media?parent=543"}],"curies":[{"name":"wp","href":"https:\/\/api.w.org\/{rel}","templated":true}]}}