{"id":550,"date":"2023-05-01T14:52:14","date_gmt":"2023-05-01T13:52:14","guid":{"rendered":"http:\/\/molecularhealth.com\/eu\/?page_id=550"},"modified":"2025-03-31T12:37:47","modified_gmt":"2025-03-31T11:37:47","slug":"genopath-gbr","status":"publish","type":"page","link":"https:\/\/molecularhealth.com\/eu\/de\/genopath-gbr\/","title":{"rendered":"GENOPATH GbR"},"content":{"rendered":"<div class=\"lazyblock-mh-hero-banner-Z1KSgpe alignfull alignfull  wp-block-lazyblock-mh-hero-banner\"><!-- Hero Banner -->\r\n<div class=\"mh-hero-banner  dm-lazyblock-mh-hero-banner-Z1KSgpe\" style=\"background:url(https:\/\/molecularhealth.com\/eu\/wp-content\/uploads\/sites\/2\/CS_Genopath_hero.jpg) center center no-repeat; background-size: cover;\">\r\n        <div class=\"mh-hero-content\">\r\n            <div class=\"mh-hero-content-block-1\">\r\n              <span class=\"block-1-wrap\">\r\n                <div class=\"mh-hero-heading\">\r\n                        <h1>                            GENOPATH GbR                            <br>MH Guide f\u00fcr die umfassende                            <br>Versorgung von Krebspatienten                        \r\n                        <\/h1>\r\n                    <\/div>\r\n                \r\n                        <div class=\"mh-hero-links\"><a class=\"tileButton\" href=\"https:\/\/molecularhealth.com\/eu\/de\/genopath-gbr\/\" target=\"_self\"><i data-feather=\"arrow-right\"><\/i> <span>Weitere Fallbeispiele<\/span><\/a><\/div>              <\/span>\r\n            <\/div>\r\n\r\n            \r\n                <div class=\"mh-hero-content-block-2\">\r\n                    <span><p>Die GENOPATH GbR, mit Sitz in Bonn, ist ein Zusammenschluss von 16 pathologischen Instituten aus Nordrhein-Westfalen, Niedersachen, Rheinland-Pfalz und dem Saarland. Die Teilgemeinschaftspraxis GENOPATH verfolgt das Ziel, medizinischen Einrichtungen im Einzugsgebiet modernste molekularpathologische Verfahren f\u00fcr die Behandlung von Krebserkrankungen zur Verf\u00fcgung zu stellen.<\/p><\/span>\r\n                <\/div>\r\n            \r\n        <\/div>\r\n<\/div>\r\n\r\n    <div class=\"mh-hero-content-block-2 mh-mobile\">\r\n        <span><p>Die GENOPATH GbR, mit Sitz in Bonn, ist ein Zusammenschluss von 16 pathologischen Instituten aus Nordrhein-Westfalen, Niedersachen, Rheinland-Pfalz und dem Saarland. Die Teilgemeinschaftspraxis GENOPATH verfolgt das Ziel, medizinischen Einrichtungen im Einzugsgebiet modernste molekularpathologische Verfahren f\u00fcr die Behandlung von Krebserkrankungen zur Verf\u00fcgung zu stellen.<\/p><\/span>\r\n    <\/div>\r\n<\/div>\n<div style=\"height:100px\" aria-hidden=\"true\" class=\"wp-block-spacer\"><\/div>\n\n<div class=\"wp-block-columns is-layout-flex wp-container-core-columns-is-layout-28f84493 wp-block-columns-is-layout-flex\">\n<div class=\"wp-block-column is-layout-flow wp-block-column-is-layout-flow\" style=\"flex-basis:66.66%\">\n<p>\u201eGENOPATH m\u00f6chte den von uns betreuten Patientinnen und Patienten modernste molekularpathologische Methoden auf breiter Basis zur Verf\u00fcgung stellen. Mit MH Guide steht uns nun eine Software f\u00fcr die automatische Interpretation umfangreicher tumorgenetischer Daten zur Verf\u00fcgung, und wir freuen uns \u00fcber die Zusammenarbeit mit Molecular Health.\u201d<\/p>\n\n\n\n<p><strong>Dr. Christoph Schmitt<\/strong><br\/>Laborleiter bei Genopath<\/p>\n<\/div>\n\n\n\n<div class=\"wp-block-column is-layout-flow wp-block-column-is-layout-flow\" style=\"flex-basis:33.33%\">\n<figure class=\"wp-block-image size-full\"><img loading=\"lazy\" decoding=\"async\" width=\"235\" height=\"235\" src=\"https:\/\/molecularhealth.com\/eu\/wp-content\/uploads\/sites\/2\/Dr_C_Schmitt-1.png\" alt=\"\" class=\"wp-image-510\" srcset=\"https:\/\/molecularhealth.com\/eu\/wp-content\/uploads\/sites\/2\/Dr_C_Schmitt-1.png 235w, https:\/\/molecularhealth.com\/eu\/wp-content\/uploads\/sites\/2\/Dr_C_Schmitt-1-150x150.png 150w\" sizes=\"auto, (max-width: 235px) 100vw, 235px\" \/><\/figure>\n<\/div>\n<\/div>\n\n<div class=\"wp-block-columns is-layout-flex wp-container-core-columns-is-layout-28f84493 wp-block-columns-is-layout-flex\">\n<div class=\"wp-block-column is-layout-flow wp-block-column-is-layout-flow\">\n<h3 class=\"wp-block-heading\" style=\"margin-top:var(--wp--preset--spacing--30);margin-bottom:0\"><strong>Herausforderung<\/strong><\/h3>\n\n\n\n<p>Die 16 Pathologien, die sich in der GENOPATH GbR zusammengeschlossen haben, streben eine einheitliche Analyse und Bewertung von molekularpathologischen Krebsbefunden an. Daf\u00fcr wurde nach einer L\u00f6sung, die eine \u00fcberregionale Standardisierung unter Einbehaltung der Methodenfreiheit erm\u00f6glicht, gesucht.<\/p>\n\n\n\n<h3 class=\"wp-block-heading\" style=\"margin-top:var(--wp--preset--spacing--30);margin-bottom:0\"><strong>L\u00f6sung<\/strong><\/h3>\n\n\n\n<p>Im molekularpathologischen Labor der GENOPATH wird ein breites Spektrum verschiedener Genpanel von diversen Anbietern verwendet. Dabei werden f\u00fcr die Analyse von komplexen F\u00e4llen, wie sie vor allem bei Multi-Gen Paneln wie dem TSO500 auftreten, die Ergebnisse mit MH Guide interpretiert. Dadurch erh\u00e4lt das Netzwerk aus OnkologInnen, das von GENOPATH unterst\u00fctzt wird, einen standardisierten und verst\u00e4ndlichen Bericht \u00fcber die molekularen Befunde und m\u00f6glichen Therapieoptionen f\u00fcr PatientInnen.<\/p>\n\n\n\n<h3 class=\"wp-block-heading\" style=\"margin-top:var(--wp--preset--spacing--30);margin-bottom:0\"><strong>PatientInnennutzen<\/strong><\/h3>\n\n\n\n<p>Durch die verst\u00e4ndliche und auf aktuellen wissenschaftlichen Erkenntnissen beruhende Annotation von Genvarianten, kann jeder PatientInnenfall von den PathologInnen der GENOPATH in eine evidenzbasierte und klinisch relevante Therapieentscheidung \u00fcberf\u00fchrt werden. MH Guide erm\u00f6glicht dabei eine labor- und test\u00fcbergreifende Standardisierung der Dateninterpretation. Die Analyseergebnisse dienen als interaktive Diskussionsgrundlage zum interdisziplin\u00e4ren Austausch im molekularen Tumorboard. Dadurch kommen PatientInnen der optimalen Therapieentscheidung \u2013 sei es in Form einer zugelassenen Medikation oder einer Teilnahme an einer klinischen Studie \u2013 einen gro\u00dfen Schritt n\u00e4her.<\/p>\n\n\n<div class=\"lazyblock-mh-divider-Z2uLtVV wp-block-lazyblock-mh-divider\"><img decoding=\"async\" style=\"margin:0 auto;width:1350px;height:auto;\" src=\"\/wp-content\/uploads\/Divider.svg\" \/><\/div><\/div>\n<\/div>\n\n<h2 class=\"wp-block-heading\" id=\"casestudies\">Weitere Fallbeispiele<\/h2>\n<div class=\"lazyblock-mh-slider-Z1Hmzof alignwide alignwide  wp-block-lazyblock-mh-slider\"><!-- Slider main container -->\r\n\r\n<div class=\"swiper  dm-lazyblock-mh-slider-Z1Hmzof\" dmUniqueAttribute=\"dm-lazyblock-mh-slider-Z1Hmzof\">\r\n    <!-- Additional required wrapper -->\r\n    <div class=\"swiper-wrapper\">\r\n        <!-- Slides -->\r\n                                    <div class=\"swiper-slide\">\r\n                    <!--https:\/\/molecularhealth.com\/eu\/wp-content\/uploads\/sites\/2\/CS_OncoNet_1400.jpg--><!--https:\/\/molecularhealth.com\/eu\/wp-content\/uploads\/sites\/2\/CS_OncoNet_1400.jpg-->                                <img decoding=\"async\" src=\"https:\/\/molecularhealth.com\/eu\/wp-content\/uploads\/sites\/2\/CS_OncoNet_1400.jpg\" alt=\"\" \/>\r\n                                                <div class=\"inhalt\">\r\n                        <h2>OncoNet Rhein-Main e. V. <\/h2>\r\n                        <h3>Ein Gesundheitsnetz bietet eine wirksame und gezielte Krebsbehandlung<\/h3>\r\n                        <a class=\"mh-slider-button\" href=\"https:\/\/molecularhealth.com\/eu\/de\/onconet-rhein-main-e-v\/\">Weiterlesen<\/a>                    <\/div>\r\n                <\/div>\r\n                            <div class=\"swiper-slide\">\r\n                    <!--https:\/\/molecularhealth.com\/eu\/wp-content\/uploads\/sites\/2\/CS_Charite_1400.jpg--><!--https:\/\/molecularhealth.com\/eu\/wp-content\/uploads\/sites\/2\/CS_Charite_1400.jpg-->                                <img decoding=\"async\" src=\"https:\/\/molecularhealth.com\/eu\/wp-content\/uploads\/sites\/2\/CS_Charite_1400.jpg\" alt=\"\" \/>\r\n                                                <div class=\"inhalt\">\r\n                        <h2>Pathologie an der Charit\u00e9<\/h2>\r\n                        <h3>Ein wichtiger Akteur in der Krebsbehandlung st\u00fctzt sich auf ein breites Spektrum analytischer Ans\u00e4tze<\/h3>\r\n                        <a class=\"mh-slider-button\" href=\"https:\/\/molecularhealth.com\/eu\/de\/charite-institute-of-pathology\/\">Weiterlesen<\/a>                    <\/div>\r\n                <\/div>\r\n                            <div class=\"swiper-slide\">\r\n                    <!--https:\/\/molecularhealth.com\/eu\/wp-content\/uploads\/sites\/2\/CS_GenEra_1400.jpg--><!--https:\/\/molecularhealth.com\/eu\/wp-content\/uploads\/sites\/2\/CS_GenEra_1400.jpg-->                                <img decoding=\"async\" src=\"https:\/\/molecularhealth.com\/eu\/wp-content\/uploads\/sites\/2\/CS_GenEra_1400.jpg\" alt=\"\" \/>\r\n                                                <div class=\"inhalt\">\r\n                        <h2>Gen Era Diagnostics<\/h2>\r\n                        <h3>Ein f\u00fchrender Anbieter von molekulardiagnostischen Produkten und Dienstleistungen in der T\u00fcrkei setzt auf MH Guide<\/h3>\r\n                        <a class=\"mh-slider-button\" href=\"https:\/\/molecularhealth.com\/eu\/de\/gen-era-diagnostics\/\">Weiterlesen<\/a>                    <\/div>\r\n                <\/div>\r\n                                        <div class=\"swiper-slide\">\r\n                                                    <img decoding=\"async\" src=\"https:\/\/molecularhealth.com\/eu\/wp-content\/uploads\/sites\/2\/CS_OncoNet_1400.jpg\" alt=\"\" \/>\r\n                                                <div class=\"inhalt\">\r\n                        <h2>OncoNet Rhein-Main e. V. <\/h2>\r\n                        <h3>Ein Gesundheitsnetz bietet eine wirksame und gezielte Krebsbehandlung<\/h3>\r\n                        <a class=\"mh-slider-button\" href=\"https:\/\/molecularhealth.com\/eu\/de\/onconet-rhein-main-e-v\/\">Weiterlesen<\/a>                    <\/div>\r\n                <\/div>\r\n                            <div class=\"swiper-slide\">\r\n                                                    <img decoding=\"async\" src=\"https:\/\/molecularhealth.com\/eu\/wp-content\/uploads\/sites\/2\/CS_Charite_1400.jpg\" alt=\"\" \/>\r\n                                                <div class=\"inhalt\">\r\n                        <h2>Pathologie an der Charit\u00e9<\/h2>\r\n                        <h3>Ein wichtiger Akteur in der Krebsbehandlung st\u00fctzt sich auf ein breites Spektrum analytischer Ans\u00e4tze<\/h3>\r\n                        <a class=\"mh-slider-button\" href=\"https:\/\/molecularhealth.com\/eu\/de\/charite-institute-of-pathology\/\">Weiterlesen<\/a>                    <\/div>\r\n                <\/div>\r\n                            <div class=\"swiper-slide\">\r\n                                                    <img decoding=\"async\" src=\"https:\/\/molecularhealth.com\/eu\/wp-content\/uploads\/sites\/2\/CS_GenEra_1400.jpg\" alt=\"\" \/>\r\n                                                <div class=\"inhalt\">\r\n                        <h2>Gen Era Diagnostics<\/h2>\r\n                        <h3>Ein f\u00fchrender Anbieter von molekulardiagnostischen Produkten und Dienstleistungen in der T\u00fcrkei setzt auf MH Guide<\/h3>\r\n                        <a class=\"mh-slider-button\" href=\"https:\/\/molecularhealth.com\/eu\/de\/gen-era-diagnostics\/\">Weiterlesen<\/a>                    <\/div>\r\n                <\/div>\r\n                        <\/div>\r\n    <!-- If we need pagination -->\r\n    <div class=\"swiper-pagination\"><\/div>\r\n\r\n    <!-- If we need navigation buttons -->\r\n    <div class=\"swiper-button-prev\"><\/div>\r\n    <div class=\"swiper-button-next\"><\/div>\r\n\r\n<\/div><\/div>","protected":false},"excerpt":{"rendered":"<p>\u201eGENOPATH m\u00f6chte den von uns betreuten Patientinnen und Patienten modernste molekularpathologische Methoden auf breiter Basis zur Verf\u00fcgung stellen. Mit MH Guide steht uns nun eine Software f\u00fcr die automatische Interpretation umfangreicher tumorgenetischer Daten zur Verf\u00fcgung, und wir freuen uns \u00fcber die Zusammenarbeit mit Molecular Health.\u201d Dr. Christoph SchmittLaborleiter bei Genopath Herausforderung Die 16 Pathologien, die [&hellip;]<\/p>\n","protected":false},"author":3,"featured_media":0,"parent":0,"menu_order":0,"comment_status":"closed","ping_status":"closed","template":"","meta":{"_acf_changed":false,"content-type":"","inline_featured_image":false,"footnotes":""},"class_list":["post-550","page","type-page","status-publish","hentry"],"acf":[],"_links":{"self":[{"href":"https:\/\/molecularhealth.com\/eu\/de\/wp-json\/wp\/v2\/pages\/550","targetHints":{"allow":["GET"]}}],"collection":[{"href":"https:\/\/molecularhealth.com\/eu\/de\/wp-json\/wp\/v2\/pages"}],"about":[{"href":"https:\/\/molecularhealth.com\/eu\/de\/wp-json\/wp\/v2\/types\/page"}],"author":[{"embeddable":true,"href":"https:\/\/molecularhealth.com\/eu\/de\/wp-json\/wp\/v2\/users\/3"}],"replies":[{"embeddable":true,"href":"https:\/\/molecularhealth.com\/eu\/de\/wp-json\/wp\/v2\/comments?post=550"}],"version-history":[{"count":21,"href":"https:\/\/molecularhealth.com\/eu\/de\/wp-json\/wp\/v2\/pages\/550\/revisions"}],"predecessor-version":[{"id":4064,"href":"https:\/\/molecularhealth.com\/eu\/de\/wp-json\/wp\/v2\/pages\/550\/revisions\/4064"}],"wp:attachment":[{"href":"https:\/\/molecularhealth.com\/eu\/de\/wp-json\/wp\/v2\/media?parent=550"}],"curies":[{"name":"wp","href":"https:\/\/api.w.org\/{rel}","templated":true}]}}