{"id":557,"date":"2023-05-01T14:54:14","date_gmt":"2023-05-01T13:54:14","guid":{"rendered":"http:\/\/molecularhealth.com\/eu\/?page_id=557"},"modified":"2025-03-31T11:54:05","modified_gmt":"2025-03-31T10:54:05","slug":"onconet-rhein-main-e-v","status":"publish","type":"page","link":"https:\/\/molecularhealth.com\/eu\/de\/onconet-rhein-main-e-v\/","title":{"rendered":"OncoNet Rhein-Main e. V."},"content":{"rendered":"<div class=\"lazyblock-mh-hero-banner-Zj9Y0W alignfull alignfull  wp-block-lazyblock-mh-hero-banner\"><!-- Hero Banner -->\r\n<div class=\"mh-hero-banner  dm-lazyblock-mh-hero-banner-Zj9Y0W\" style=\"background:url(https:\/\/molecularhealth.com\/eu\/wp-content\/uploads\/sites\/2\/CS_OncoNet_hero.jpg) center center no-repeat; background-size: cover;\">\r\n        <div class=\"mh-hero-content\">\r\n            <div class=\"mh-hero-content-block-1\">\r\n              <span class=\"block-1-wrap\">\r\n                <div class=\"mh-hero-heading\">\r\n                        <h1>                            OncoNet Rhein-Main e.V.                            <br>Eine Kooperation f\u00fcr                            <br>optimale Patientenversorgung                        \r\n                        <\/h1>\r\n                    <\/div>\r\n                \r\n                        <div class=\"mh-hero-links\"><a class=\"tileButton\" href=\"#casestudies\" target=\"_self\"><i data-feather=\"arrow-right\"><\/i> <span>Weitere Fallbeispiele<\/span><\/a><\/div>              <\/span>\r\n            <\/div>\r\n\r\n            \r\n                <div class=\"mh-hero-content-block-2\">\r\n                    <span><p>Das OncoNet Rhein-Main e. V. hat sich eine wirksame und zielgerichtete Therapie und Versorgung aller KrebspatientInnen im Rhein-Main Gebiet zum Ziel gesetzt. Die enge Vernetzung zwischen Kliniken, molekularpathologischen Laboren, Praxen und Zentren erm\u00f6glicht es, klinische Studien durchzuf\u00fchren und innovative Ans\u00e4tze in den klinischen Alltag zu integrieren.<\/p><\/span>\r\n                <\/div>\r\n            \r\n        <\/div>\r\n<\/div>\r\n\r\n    <div class=\"mh-hero-content-block-2 mh-mobile\">\r\n        <span><p>Das OncoNet Rhein-Main e. V. hat sich eine wirksame und zielgerichtete Therapie und Versorgung aller KrebspatientInnen im Rhein-Main Gebiet zum Ziel gesetzt. Die enge Vernetzung zwischen Kliniken, molekularpathologischen Laboren, Praxen und Zentren erm\u00f6glicht es, klinische Studien durchzuf\u00fchren und innovative Ans\u00e4tze in den klinischen Alltag zu integrieren.<\/p><\/span>\r\n    <\/div>\r\n<\/div>\n<div class=\"wp-block-columns is-layout-flex wp-container-core-columns-is-layout-28f84493 wp-block-columns-is-layout-flex\">\n<div class=\"wp-block-column is-layout-flow wp-block-column-is-layout-flow\">\n<div style=\"height:100px\" aria-hidden=\"true\" class=\"wp-block-spacer\"><\/div>\n<\/div>\n<\/div>\n\n<div class=\"wp-block-columns is-layout-flex wp-container-core-columns-is-layout-28f84493 wp-block-columns-is-layout-flex\">\n<div class=\"wp-block-column is-layout-flow wp-block-column-is-layout-flow\" style=\"flex-basis:66.66%\">\n<p>\u201eWir freuen uns sehr \u00fcber die Kooperation mit Molecular Health. Uns eint das gemein- same Ziel, Menschen mit Krebs eine optimale Behandlung zu erm\u00f6glichen. Mit MH Guide steht uns dazu ein digitales Tool f\u00fcr unsere interdisziplin\u00e4ren Fallbesprechungen im molekularen Tumorboard zur Verf\u00fcgung. Diese interaktive Plattform hilft uns, die stetig wachsende Zahl bekannter genetischer Ver\u00e4nderungen in Tumoren korrekt zu identifizieren, um bestm\u00f6gliche Therapieentscheidungen f\u00fcr unsere PatientInnen treffen zu k\u00f6nnen.\u201c<\/p>\n\n\n\n<p><strong>Prof. Dr. Christian Jackisch<\/strong><br\/>Vorstandsmitglied des OncoNet Rhein-Main e.V. und Chefarzt der Gyn\u00e4kologie und Geburtshilfe des Sana Klinikums Offenbach<\/p>\n<\/div>\n\n\n\n<div class=\"wp-block-column is-layout-flow wp-block-column-is-layout-flow\" style=\"flex-basis:33.33%\">\n<figure class=\"wp-block-image size-full\"><img decoding=\"async\" src=\"https:\/\/molecularhealth.com\/wp-content\/uploads\/sites\/2\/Prof-Jackisch.png\" alt=\"\" class=\"wp-image-514\"\/><\/figure>\n<\/div>\n<\/div>\n\n<div class=\"wp-block-columns is-layout-flex wp-container-core-columns-is-layout-28f84493 wp-block-columns-is-layout-flex\">\n<div class=\"wp-block-column is-layout-flow wp-block-column-is-layout-flow\">\n<h3 class=\"wp-block-heading\" style=\"margin-top:var(--wp--preset--spacing--30);margin-bottom:0\"><strong>Herausforderung<\/strong><\/h3>\n\n\n\n<p>Das OncoNet Rhein-Main e. V. m\u00f6chte seinen KrebspatientInnen einen Zugang zu aktuellen klinischen Studien und zielgerichtete Therapien anbieten. Im Zuge dessen sehen sich die Mitglieder des OncoNet Rhein-Main e.V. der Herausforderung einer stetig zunehmenden Datenkomplexit\u00e4t in der Onkologie gegen\u00fcber.<\/p>\n\n\n\n<h3 class=\"wp-block-heading\" style=\"margin-top:var(--wp--preset--spacing--30);margin-bottom:0\"><strong>L\u00f6sung<\/strong><\/h3>\n\n\n\n<p>Als regional vernetzter Partner des Rhein-Main-Gebietes unterst\u00fctzt Molecular Health mit der Next-Generation Sequencing (NGS)- Dateninterpretationsl\u00f6sung MH Guide die Therapie-EntscheiderInnen, PathologInnen und Kliniken bei der strukturierten Aufarbeitung der Tumordaten von KrebspatientInnen. Durch die Zusammenarbeit erh\u00e4lt das OncoNet Rhein-Main e.V. Zugriff auf Daten aus Mole- cular Healths Wissensplattform Dataome \u2013 einer der gr\u00f6\u00dften, von Experten gepflegten biomedizinischen Datenbanken der Welt. Im Rahmen der Fortbildungs- und Lehrveranstaltungen des OncoNet Rhein-Main e. V. liefert Molecular Health relevante Informationen, um molekulare Daten in praxisrelevante Entscheidungen zu \u00fcbersetzen. Dadurch wird der interprofessionelle Dialog \u00fcber die Grenzen einzelner Fachgebiete hinweg gef\u00f6rdert. <\/p>\n\n\n\n<h3 class=\"wp-block-heading\" style=\"margin-top:var(--wp--preset--spacing--30);margin-bottom:0\"><strong>PatientInnennutzen<\/strong><\/h3>\n\n\n\n<p>Die Zusammenarbeit zwischen OncoNet Rhein-Main e.V. und Molecular Health erm\u00f6glicht es, den PatientInnen eine personalisierte Therapie anhand m\u00f6glicher entdeckter Biomarker zukommen zu lassen. Au\u00dferdem k\u00f6nnen die BehandlerInnen \u00fcbersichtlich erfassen, ob PatientInnen die Einschlusskriterien f\u00fcr regionale Studien erf\u00fcllen. Dadurch wird der Austausch und die Entscheidungs- findung im molekularen Tumorboard erleichtert und PatientInnen eine individuelle Therapie auf Basis molekularpathologischer Analysen erm\u00f6glicht.<\/p>\n\n\n<div class=\"lazyblock-mh-divider-cwztJ wp-block-lazyblock-mh-divider\"><img decoding=\"async\" style=\"margin:0 auto;width:1350px;height:auto;\" src=\"\/wp-content\/uploads\/Divider.svg\" \/><\/div><\/div>\n<\/div>\n\n<h2 class=\"wp-block-heading\" id=\"casestudies\">Weitere Fallbeispiele<\/h2>\n<div class=\"lazyblock-mh-slider-Z1mRkV8 alignwide alignwide  wp-block-lazyblock-mh-slider\"><!-- Slider main container -->\r\n\r\n<div class=\"swiper  dm-lazyblock-mh-slider-Z1mRkV8\" dmUniqueAttribute=\"dm-lazyblock-mh-slider-Z1mRkV8\">\r\n    <!-- Additional required wrapper -->\r\n    <div class=\"swiper-wrapper\">\r\n        <!-- Slides -->\r\n                                    <div class=\"swiper-slide\">\r\n                    <!--https:\/\/molecularhealth.com\/eu\/wp-content\/uploads\/sites\/2\/CS_GenoPath_1400.jpg--><!--https:\/\/molecularhealth.com\/eu\/wp-content\/uploads\/sites\/2\/CS_GenoPath_1400.jpg-->                                <img decoding=\"async\" src=\"https:\/\/molecularhealth.com\/eu\/wp-content\/uploads\/sites\/2\/CS_GenoPath_1400.jpg\" alt=\"\" \/>\r\n                                                <div class=\"inhalt\">\r\n                        <h2>GENOPATH GbR<\/h2>\r\n                        <h3>Eine Gruppe von Pathologielaboren legt Wert auf qualitativ hochwertige, hochmoderne Molekulardiagnostik<\/h3>\r\n                        <a class=\"mh-slider-button\" href=\"https:\/\/molecularhealth.com\/eu\/de\/genopath-gbr\/\">Weiterlesen<\/a>                    <\/div>\r\n                <\/div>\r\n                            <div class=\"swiper-slide\">\r\n                    <!--https:\/\/molecularhealth.com\/eu\/wp-content\/uploads\/sites\/2\/CS_Charite_1400.jpg--><!--https:\/\/molecularhealth.com\/eu\/wp-content\/uploads\/sites\/2\/CS_Charite_1400.jpg-->                                <img decoding=\"async\" src=\"https:\/\/molecularhealth.com\/eu\/wp-content\/uploads\/sites\/2\/CS_Charite_1400.jpg\" alt=\"\" \/>\r\n                                                <div class=\"inhalt\">\r\n                        <h2>Pathologie an der Charit\u00e9<\/h2>\r\n                        <h3>Ein wichtiger Akteur in der Krebsbehandlung st\u00fctzt sich auf ein breites Spektrum analytischer Ans\u00e4tze <\/h3>\r\n                        <a class=\"mh-slider-button\" href=\"http:\/\/molecularhealth.com\/eu\/de\/charite-institute-of-pathology\/\">Weiterlesen<\/a>                    <\/div>\r\n                <\/div>\r\n                            <div class=\"swiper-slide\">\r\n                    <!--https:\/\/molecularhealth.com\/eu\/wp-content\/uploads\/sites\/2\/CS_GenEra_1400.jpg--><!--https:\/\/molecularhealth.com\/eu\/wp-content\/uploads\/sites\/2\/CS_GenEra_1400.jpg-->                                <img decoding=\"async\" src=\"https:\/\/molecularhealth.com\/eu\/wp-content\/uploads\/sites\/2\/CS_GenEra_1400.jpg\" alt=\"\" \/>\r\n                                                <div class=\"inhalt\">\r\n                        <h2>Gen Era Diagnostics<\/h2>\r\n                        <h3>Ein f\u00fchrender Anbieter von molekulardiagnostischen Produkten und Dienstleistungen in der T\u00fcrkei setzt auf MH Guide<\/h3>\r\n                        <a class=\"mh-slider-button\" href=\"https:\/\/molecularhealth.com\/eu\/de\/gen-era-diagnostics\/\">Weiterlesen<\/a>                    <\/div>\r\n                <\/div>\r\n                                        <div class=\"swiper-slide\">\r\n                                                    <img decoding=\"async\" src=\"https:\/\/molecularhealth.com\/eu\/wp-content\/uploads\/sites\/2\/CS_GenoPath_1400.jpg\" alt=\"\" \/>\r\n                                                <div class=\"inhalt\">\r\n                        <h2>GENOPATH GbR<\/h2>\r\n                        <h3>Eine Gruppe von Pathologielaboren legt Wert auf qualitativ hochwertige, hochmoderne Molekulardiagnostik<\/h3>\r\n                        <a class=\"mh-slider-button\" href=\"https:\/\/molecularhealth.com\/eu\/de\/genopath-gbr\/\">Weiterlesen<\/a>                    <\/div>\r\n                <\/div>\r\n                            <div class=\"swiper-slide\">\r\n                                                    <img decoding=\"async\" src=\"https:\/\/molecularhealth.com\/eu\/wp-content\/uploads\/sites\/2\/CS_Charite_1400.jpg\" alt=\"\" \/>\r\n                                                <div class=\"inhalt\">\r\n                        <h2>Pathologie an der Charit\u00e9<\/h2>\r\n                        <h3>Ein wichtiger Akteur in der Krebsbehandlung st\u00fctzt sich auf ein breites Spektrum analytischer Ans\u00e4tze <\/h3>\r\n                        <a class=\"mh-slider-button\" href=\"http:\/\/molecularhealth.com\/eu\/de\/charite-institute-of-pathology\/\">Weiterlesen<\/a>                    <\/div>\r\n                <\/div>\r\n                            <div class=\"swiper-slide\">\r\n                                                    <img decoding=\"async\" src=\"https:\/\/molecularhealth.com\/eu\/wp-content\/uploads\/sites\/2\/CS_GenEra_1400.jpg\" alt=\"\" \/>\r\n                                                <div class=\"inhalt\">\r\n                        <h2>Gen Era Diagnostics<\/h2>\r\n                        <h3>Ein f\u00fchrender Anbieter von molekulardiagnostischen Produkten und Dienstleistungen in der T\u00fcrkei setzt auf MH Guide<\/h3>\r\n                        <a class=\"mh-slider-button\" href=\"https:\/\/molecularhealth.com\/eu\/de\/gen-era-diagnostics\/\">Weiterlesen<\/a>                    <\/div>\r\n                <\/div>\r\n                        <\/div>\r\n    <!-- If we need pagination -->\r\n    <div class=\"swiper-pagination\"><\/div>\r\n\r\n    <!-- If we need navigation buttons -->\r\n    <div class=\"swiper-button-prev\"><\/div>\r\n    <div class=\"swiper-button-next\"><\/div>\r\n\r\n<\/div><\/div>","protected":false},"excerpt":{"rendered":"<p>\u201eWir freuen uns sehr \u00fcber die Kooperation mit Molecular Health. Uns eint das gemein- same Ziel, Menschen mit Krebs eine optimale Behandlung zu erm\u00f6glichen. Mit MH Guide steht uns dazu ein digitales Tool f\u00fcr unsere interdisziplin\u00e4ren Fallbesprechungen im molekularen Tumorboard zur Verf\u00fcgung. Diese interaktive Plattform hilft uns, die stetig wachsende Zahl bekannter genetischer Ver\u00e4nderungen in [&hellip;]<\/p>\n","protected":false},"author":3,"featured_media":0,"parent":0,"menu_order":0,"comment_status":"closed","ping_status":"closed","template":"","meta":{"_acf_changed":false,"content-type":"","inline_featured_image":false,"footnotes":""},"class_list":["post-557","page","type-page","status-publish","hentry"],"acf":[],"_links":{"self":[{"href":"https:\/\/molecularhealth.com\/eu\/de\/wp-json\/wp\/v2\/pages\/557","targetHints":{"allow":["GET"]}}],"collection":[{"href":"https:\/\/molecularhealth.com\/eu\/de\/wp-json\/wp\/v2\/pages"}],"about":[{"href":"https:\/\/molecularhealth.com\/eu\/de\/wp-json\/wp\/v2\/types\/page"}],"author":[{"embeddable":true,"href":"https:\/\/molecularhealth.com\/eu\/de\/wp-json\/wp\/v2\/users\/3"}],"replies":[{"embeddable":true,"href":"https:\/\/molecularhealth.com\/eu\/de\/wp-json\/wp\/v2\/comments?post=557"}],"version-history":[{"count":39,"href":"https:\/\/molecularhealth.com\/eu\/de\/wp-json\/wp\/v2\/pages\/557\/revisions"}],"predecessor-version":[{"id":4025,"href":"https:\/\/molecularhealth.com\/eu\/de\/wp-json\/wp\/v2\/pages\/557\/revisions\/4025"}],"wp:attachment":[{"href":"https:\/\/molecularhealth.com\/eu\/de\/wp-json\/wp\/v2\/media?parent=557"}],"curies":[{"name":"wp","href":"https:\/\/api.w.org\/{rel}","templated":true}]}}