{"id":563,"date":"2023-05-01T14:54:39","date_gmt":"2023-05-01T13:54:39","guid":{"rendered":"http:\/\/molecularhealth.com\/eu\/?page_id=563"},"modified":"2025-03-31T12:34:26","modified_gmt":"2025-03-31T11:34:26","slug":"gen-era-diagnostics","status":"publish","type":"page","link":"https:\/\/molecularhealth.com\/eu\/de\/gen-era-diagnostics\/","title":{"rendered":"Gen Era Diagnostics"},"content":{"rendered":"<div class=\"lazyblock-mh-hero-banner-Z2ByRm alignfull alignfull  wp-block-lazyblock-mh-hero-banner\"><!-- Hero Banner -->\r\n<div class=\"mh-hero-banner  dm-lazyblock-mh-hero-banner-Z2ByRm\" style=\"background:url(https:\/\/molecularhealth.com\/eu\/wp-content\/uploads\/sites\/2\/CS_GenEra_hero.jpg) center center no-repeat; background-size: cover;\">\r\n        <div class=\"mh-hero-content\">\r\n            <div class=\"mh-hero-content-block-1\">\r\n              <span class=\"block-1-wrap\">\r\n                <div class=\"mh-hero-heading\">\r\n                        <h1>                            Gen Era Diagnostics                            <br>Pr\u00e4zisionsonkologie in der T\u00fcrkei                            <br>amplifizieren und harmonizieren                        \r\n                        <\/h1>\r\n                    <\/div>\r\n                \r\n                        <div class=\"mh-hero-links\"><a class=\"tileButton\" href=\"#casestudies\" target=\"_self\"><i data-feather=\"arrow-right\"><\/i> <span>Weitere Fallbeispiele<\/span><\/a><\/div>              <\/span>\r\n            <\/div>\r\n\r\n            \r\n                <div class=\"mh-hero-content-block-2\">\r\n                    <span><p>Gen Era Diagnostics ist ein f\u00fchrender Anbieter von molekularen Diagnostikprodukten und Dienstleistungen in der T\u00fcrkei. Seit 2013 unterst\u00fctzt das Unternehmen WissenschaftlerInnen, KlinikerInnen und Labore bei der Erforschung von Krankheiten und der Behandlung von PatientInnen durch ein umfassendes Angebot an innovativen Forschungs- und Diagnostiktechnologien.<\/p><\/span>\r\n                <\/div>\r\n            \r\n        <\/div>\r\n<\/div>\r\n\r\n    <div class=\"mh-hero-content-block-2 mh-mobile\">\r\n        <span><p>Gen Era Diagnostics ist ein f\u00fchrender Anbieter von molekularen Diagnostikprodukten und Dienstleistungen in der T\u00fcrkei. Seit 2013 unterst\u00fctzt das Unternehmen WissenschaftlerInnen, KlinikerInnen und Labore bei der Erforschung von Krankheiten und der Behandlung von PatientInnen durch ein umfassendes Angebot an innovativen Forschungs- und Diagnostiktechnologien.<\/p><\/span>\r\n    <\/div>\r\n<\/div>\n<div class=\"wp-block-columns is-layout-flex wp-container-core-columns-is-layout-28f84493 wp-block-columns-is-layout-flex\">\n<div class=\"wp-block-column is-layout-flow wp-block-column-is-layout-flow\">\n<div style=\"height:100px\" aria-hidden=\"true\" class=\"wp-block-spacer\"><\/div>\n<\/div>\n<\/div>\n\n<div class=\"wp-block-columns is-layout-flex wp-container-core-columns-is-layout-28f84493 wp-block-columns-is-layout-flex\">\n<div class=\"wp-block-column is-layout-flow wp-block-column-is-layout-flow\" style=\"flex-basis:66.66%\">\n<p>\u201eWir freuen uns, mit Molecular Health nun einen erfahrenen Partner in der Pr\u00e4zisionsmedizin an unserer Seite zu haben. Mit MH Guide k\u00f6nnen wir molekulargenetische Untersuchungen noch schneller und verst\u00e4ndlicher analysieren und interpretieren. Dies ist eine wichtige Erweiterung unseres Services und Produktportfolios.\u201d<\/p>\n\n\n\n<p><strong>Damla Bozkulak<\/strong><br\/>Leiterin Marketing und Business Development bei Gen Era Diagnostics<\/p>\n<\/div>\n\n\n\n<div class=\"wp-block-column is-layout-flow wp-block-column-is-layout-flow\" style=\"flex-basis:33.33%\">\n<figure class=\"wp-block-image size-full\"><img loading=\"lazy\" decoding=\"async\" width=\"370\" height=\"348\" src=\"https:\/\/molecularhealth.com\/eu\/wp-content\/uploads\/sites\/2\/GenEra_Partner_profile_image.png\" alt=\"\" class=\"wp-image-512\"\/><\/figure>\n<\/div>\n<\/div>\n\n<div class=\"wp-block-columns is-layout-flex wp-container-core-columns-is-layout-28f84493 wp-block-columns-is-layout-flex\">\n<div class=\"wp-block-column is-layout-flow wp-block-column-is-layout-flow\">\n<h3 class=\"wp-block-heading\" style=\"margin-top:var(--wp--preset--spacing--30);margin-bottom:0\"><strong>Herausforderung<\/strong><\/h3>\n\n\n\n<p>Die steigende Nachfrage nach personalisierter Krebstherapie konfrontiert OnkologInnen und PathologInnen mit einer Flut an genomischen Testdaten und sich stetig ver\u00e4ndernden Behandlungsempfehlungen. Die heterogene Interpretation von molekularen Tumorprofilen kann zu ungewollten Abweichungen in der PatientInnenversorgung f\u00fchren.<\/p>\n\n\n\n<h3 class=\"wp-block-heading\" style=\"margin-top:var(--wp--preset--spacing--30);margin-bottom:0\"><strong>L\u00f6sung<\/strong><\/h3>\n\n\n\n<p><a href=\"https:\/\/molecularhealth.com\/eu\/de\/loesungen\/mh-guide\/\">MH Guide<\/a> unterst\u00fctzt die evidenzbasierte Annotation und klinische Interpretation von Genvarianten anhand aktueller wissenschaftlicher Erkenntnisse und international anerkannter Richtlinien. Durch den Einsatz von MH Guide in 20 Laboren unterst\u00fctzt Gen Era die Harmonisierungsbestrebungen bei der evidenz-basierten \u00dcbersetzung genomischer Daten in klinische Behandlungsentscheidungen.<\/p>\n\n\n\n<h3 class=\"wp-block-heading\" style=\"margin-top:var(--wp--preset--spacing--30);margin-bottom:0\"><strong>PatientInnennutzen<\/strong><\/h3>\n\n\n\n<p>Die Zusammenarbeit zwischen Molecular Health und Gen Era Diagnostics zeigt, wie die Kombination eines zukunftsweisenden Produktes mit der Marktreichweite eines vision\u00e4ren Wegbereiters notwendige Verbesserungen bei der Krebsbehandlung beschleunigen kann. Der Einsatz von MH Guide in mehreren Laboren standardisiert nicht nur die Interpretation molekulargenetischer Untersuchungen, sondern unterst\u00fctzt auch die Vereinheitlichung der Bewertung von individuellen PatientInnenf\u00e4llen im molekularen Tumorboard. Beide Aspekte erm\u00f6glichen es, dass mehr PatientInnen von personalisierter Medizin profitieren k\u00f6nnen.<\/p>\n\n\n<div class=\"lazyblock-mh-divider-1zuQqv wp-block-lazyblock-mh-divider\"><img decoding=\"async\" style=\"margin:0 auto;width:1350px;height:auto;\" src=\"\/wp-content\/uploads\/Divider.svg\" \/><\/div><\/div>\n<\/div>\n\n<h2 class=\"wp-block-heading\" id=\"casestudies\">Weitere Fallbeispiele<\/h2>\n<div class=\"lazyblock-mh-slider-1qpz3e alignwide alignwide  wp-block-lazyblock-mh-slider\"><!-- Slider main container -->\r\n\r\n<div class=\"swiper  dm-lazyblock-mh-slider-1qpz3e\" dmUniqueAttribute=\"dm-lazyblock-mh-slider-1qpz3e\">\r\n    <!-- Additional required wrapper -->\r\n    <div class=\"swiper-wrapper\">\r\n        <!-- Slides -->\r\n                                    <div class=\"swiper-slide\">\r\n                    <!--https:\/\/molecularhealth.com\/eu\/wp-content\/uploads\/sites\/2\/CS_GenoPath_1400.jpg--><!--https:\/\/molecularhealth.com\/eu\/wp-content\/uploads\/sites\/2\/CS_GenoPath_1400.jpg-->                                <img decoding=\"async\" src=\"https:\/\/molecularhealth.com\/eu\/wp-content\/uploads\/sites\/2\/CS_GenoPath_1400.jpg\" alt=\"\" \/>\r\n                                                <div class=\"inhalt\">\r\n                        <h2>GENOPATH GbR<\/h2>\r\n                        <h3>Eine Gruppe von Pathologielaboren legt Wert auf qualitativ hochwertige, hochmoderne Molekulardiagnostik<\/h3>\r\n                        <a class=\"mh-slider-button\" href=\"https:\/\/molecularhealth.com\/eu\/de\/genopath-gbr\/\">Weiterlesen<\/a>                    <\/div>\r\n                <\/div>\r\n                            <div class=\"swiper-slide\">\r\n                    <!--https:\/\/molecularhealth.com\/eu\/wp-content\/uploads\/sites\/2\/CS_OncoNet_1400.jpg--><!--https:\/\/molecularhealth.com\/eu\/wp-content\/uploads\/sites\/2\/CS_OncoNet_1400.jpg-->                                <img decoding=\"async\" src=\"https:\/\/molecularhealth.com\/eu\/wp-content\/uploads\/sites\/2\/CS_OncoNet_1400.jpg\" alt=\"\" \/>\r\n                                                <div class=\"inhalt\">\r\n                        <h2>OncoNet Rhein-Main e. V. <\/h2>\r\n                        <h3>Ein Gesundheitsnetz bietet eine wirksame und gezielte Krebsbehandlung<\/h3>\r\n                        <a class=\"mh-slider-button\" href=\"https:\/\/molecularhealth.com\/eu\/de\/onconet-rhein-main-e-v\/\">Weiterlesen<\/a>                    <\/div>\r\n                <\/div>\r\n                            <div class=\"swiper-slide\">\r\n                    <!--https:\/\/molecularhealth.com\/eu\/wp-content\/uploads\/sites\/2\/CS_Charite_1400.jpg--><!--https:\/\/molecularhealth.com\/eu\/wp-content\/uploads\/sites\/2\/CS_Charite_1400.jpg-->                                <img decoding=\"async\" src=\"https:\/\/molecularhealth.com\/eu\/wp-content\/uploads\/sites\/2\/CS_Charite_1400.jpg\" alt=\"\" \/>\r\n                                                <div class=\"inhalt\">\r\n                        <h2>Pathologie an der Charit\u00e9<\/h2>\r\n                        <h3>Ein wichtiger Akteur in der Krebsbehandlung st\u00fctzt sich auf ein breites Spektrum analytischer Ans\u00e4tze<\/h3>\r\n                        <a class=\"mh-slider-button\" href=\"https:\/\/molecularhealth.com\/eu\/de\/charite-institute-of-pathology\/\">Weiterlesen<\/a>                    <\/div>\r\n                <\/div>\r\n                                        <div class=\"swiper-slide\">\r\n                                                    <img decoding=\"async\" src=\"https:\/\/molecularhealth.com\/eu\/wp-content\/uploads\/sites\/2\/CS_GenoPath_1400.jpg\" alt=\"\" \/>\r\n                                                <div class=\"inhalt\">\r\n                        <h2>GENOPATH GbR<\/h2>\r\n                        <h3>Eine Gruppe von Pathologielaboren legt Wert auf qualitativ hochwertige, hochmoderne Molekulardiagnostik<\/h3>\r\n                        <a class=\"mh-slider-button\" href=\"https:\/\/molecularhealth.com\/eu\/de\/genopath-gbr\/\">Weiterlesen<\/a>                    <\/div>\r\n                <\/div>\r\n                            <div class=\"swiper-slide\">\r\n                                                    <img decoding=\"async\" src=\"https:\/\/molecularhealth.com\/eu\/wp-content\/uploads\/sites\/2\/CS_OncoNet_1400.jpg\" alt=\"\" \/>\r\n                                                <div class=\"inhalt\">\r\n                        <h2>OncoNet Rhein-Main e. V. <\/h2>\r\n                        <h3>Ein Gesundheitsnetz bietet eine wirksame und gezielte Krebsbehandlung<\/h3>\r\n                        <a class=\"mh-slider-button\" href=\"https:\/\/molecularhealth.com\/eu\/de\/onconet-rhein-main-e-v\/\">Weiterlesen<\/a>                    <\/div>\r\n                <\/div>\r\n                            <div class=\"swiper-slide\">\r\n                                                    <img decoding=\"async\" src=\"https:\/\/molecularhealth.com\/eu\/wp-content\/uploads\/sites\/2\/CS_Charite_1400.jpg\" alt=\"\" \/>\r\n                                                <div class=\"inhalt\">\r\n                        <h2>Pathologie an der Charit\u00e9<\/h2>\r\n                        <h3>Ein wichtiger Akteur in der Krebsbehandlung st\u00fctzt sich auf ein breites Spektrum analytischer Ans\u00e4tze<\/h3>\r\n                        <a class=\"mh-slider-button\" href=\"https:\/\/molecularhealth.com\/eu\/de\/charite-institute-of-pathology\/\">Weiterlesen<\/a>                    <\/div>\r\n                <\/div>\r\n                        <\/div>\r\n    <!-- If we need pagination -->\r\n    <div class=\"swiper-pagination\"><\/div>\r\n\r\n    <!-- If we need navigation buttons -->\r\n    <div class=\"swiper-button-prev\"><\/div>\r\n    <div class=\"swiper-button-next\"><\/div>\r\n\r\n<\/div><\/div>","protected":false},"excerpt":{"rendered":"<p>\u201eWir freuen uns, mit Molecular Health nun einen erfahrenen Partner in der Pr\u00e4zisionsmedizin an unserer Seite zu haben. Mit MH Guide k\u00f6nnen wir molekulargenetische Untersuchungen noch schneller und verst\u00e4ndlicher analysieren und interpretieren. Dies ist eine wichtige Erweiterung unseres Services und Produktportfolios.\u201d Damla BozkulakLeiterin Marketing und Business Development bei Gen Era Diagnostics Herausforderung Die steigende Nachfrage [&hellip;]<\/p>\n","protected":false},"author":3,"featured_media":0,"parent":0,"menu_order":0,"comment_status":"closed","ping_status":"closed","template":"","meta":{"_acf_changed":false,"content-type":"","inline_featured_image":false,"footnotes":""},"class_list":["post-563","page","type-page","status-publish","hentry"],"acf":[],"_links":{"self":[{"href":"https:\/\/molecularhealth.com\/eu\/de\/wp-json\/wp\/v2\/pages\/563","targetHints":{"allow":["GET"]}}],"collection":[{"href":"https:\/\/molecularhealth.com\/eu\/de\/wp-json\/wp\/v2\/pages"}],"about":[{"href":"https:\/\/molecularhealth.com\/eu\/de\/wp-json\/wp\/v2\/types\/page"}],"author":[{"embeddable":true,"href":"https:\/\/molecularhealth.com\/eu\/de\/wp-json\/wp\/v2\/users\/3"}],"replies":[{"embeddable":true,"href":"https:\/\/molecularhealth.com\/eu\/de\/wp-json\/wp\/v2\/comments?post=563"}],"version-history":[{"count":51,"href":"https:\/\/molecularhealth.com\/eu\/de\/wp-json\/wp\/v2\/pages\/563\/revisions"}],"predecessor-version":[{"id":4059,"href":"https:\/\/molecularhealth.com\/eu\/de\/wp-json\/wp\/v2\/pages\/563\/revisions\/4059"}],"wp:attachment":[{"href":"https:\/\/molecularhealth.com\/eu\/de\/wp-json\/wp\/v2\/media?parent=563"}],"curies":[{"name":"wp","href":"https:\/\/api.w.org\/{rel}","templated":true}]}}