{"id":567,"date":"2023-03-30T14:42:45","date_gmt":"2023-03-30T13:42:45","guid":{"rendered":"http:\/\/molecularhealth.com\/eu\/netiquette\/"},"modified":"2023-06-26T11:55:44","modified_gmt":"2023-06-26T10:55:44","slug":"netiquette","status":"publish","type":"page","link":"https:\/\/molecularhealth.com\/eu\/de\/netiquette\/","title":{"rendered":"Netiquette"},"content":{"rendered":"<div class=\"lazyblock-mh-hero-banner-Z1Ed2YU alignfull alignfull  wp-block-lazyblock-mh-hero-banner\"><!-- Hero Banner -->\r\n<div class=\"mh-hero-banner  dm-lazyblock-mh-hero-banner-Z1Ed2YU\" style=\"background:url(https:\/\/molecularhealth.com\/eu\/wp-content\/uploads\/sites\/2\/Nettiquette_hero.jpg) center center no-repeat; background-size: cover;\">\r\n        <div class=\"mh-hero-content\">\r\n            <div class=\"mh-hero-content-block-1\">\r\n              <span class=\"block-1-wrap\">\r\n                <div class=\"mh-hero-heading\">\r\n                        <h1>                            Netiquette                            <br>Netiquette-Regeln                            <br>f\u00fcr MH Social Media                        \r\n                        <\/h1>\r\n                    <\/div>\r\n                \r\n                        <div class=\"mh-hero-links\"><a class=\"tileButton\" href=\"https:\/\/www.linkedin.com\/company\/molecularhealth\/\" target=\"_blank\"><i data-feather=\"arrow-right\"><\/i> <span>Folgen Sie uns auf LinkedIn<\/span><\/a><\/div>              <\/span>\r\n            <\/div>\r\n\r\n            \r\n                <div class=\"mh-hero-content-block-2\">\r\n                    <span><p><!-- wp:paragraph --><\/p>\n<p>Wir begr\u00fc\u00dfen Sie ganz herzlich auf den Social-Media-Kan\u00e4len der Molecular Health GmbH! Gleichzeitig w\u00fcnschen wir Ihnen einen angenehmen Aufenthalt hier \u201ebei uns\u201c. Wenn unsere Themen und Beitr\u00e4ge Sie zu Diskussion und Meinungsaustausch animieren, freut uns dies sehr. Ihre Meinung und Sicht interessiert uns.<\/p>\n<p><!-- \/wp:paragraph --><\/p><\/span>\r\n                <\/div>\r\n            \r\n        <\/div>\r\n<\/div>\r\n\r\n    <div class=\"mh-hero-content-block-2 mh-mobile\">\r\n        <span><p><!-- wp:paragraph --><\/p>\n<p>Wir begr\u00fc\u00dfen Sie ganz herzlich auf den Social-Media-Kan\u00e4len der Molecular Health GmbH! Gleichzeitig w\u00fcnschen wir Ihnen einen angenehmen Aufenthalt hier \u201ebei uns\u201c. Wenn unsere Themen und Beitr\u00e4ge Sie zu Diskussion und Meinungsaustausch animieren, freut uns dies sehr. Ihre Meinung und Sicht interessiert uns.<\/p>\n<p><!-- \/wp:paragraph --><\/p><\/span>\r\n    <\/div>\r\n<\/div>\n<p>Daher legen wir auch gro\u00dfen Wert darauf, dass an Diskussion und Meinungsaustausch Teilnehmende die M\u00f6glichkeit besitzen, sich frei zu \u00e4u\u00dfern. Um dies zu gew\u00e4hrleisten bitten wir sehr eindringlich darum, Beitr\u00e4ge jederzeit sachlich und konstruktiv zu formulieren, und zwar vor allem auch im Falle etwaiger inhaltlicher Differenzen bzw. anderer Sichtweisen.<\/p>\n\n<h3 class=\"wp-block-heading\">I. Disclaimer<\/h3>\n\n<p>F\u00fcr von ihnen ver\u00f6ffentlichte Beitr\u00e4ge und deren Inhalte sind grunds\u00e4tzlich alle Menschen selbst verantwortlich. Mit dem Einstellen eines Beitrags im Rahmen unserer Social-Media-Kan\u00e4le erkl\u00e4ren Sie sich damit einverstanden, dass Ihr Beitrag mit Ihren Aussagen und Inhalten auf unseren Social-Media-Kan\u00e4len dauerhaft \u00f6ffentlich zug\u00e4nglich gemacht werden und anschlie\u00dfend auch zitiert werden k\u00f6nnen. Beitr\u00e4ge und Inhalte Dritter geben ausschlie\u00dflich deren Sicht und Meinung wieder. Diese bilden nicht zwangsl\u00e4ufig die Sicht unseres Unternehmens ab.<\/p>\n\n<h3 class=\"wp-block-heading\">II. Unsere Regeln<\/h3>\n\n<p>Unseren Social-Media-Kan\u00e4len haben wir nachstehende Regeln gegeben. Wir bitten sehr herzlich um deren Beachtung und Einhaltung. F\u00fcr F\u00e4lle von Verst\u00f6\u00dfen behalten wir uns vor, konkrete Beitr\u00e4ge (auch nachtr\u00e4glich) zu l\u00f6schen \/ zu entfernen. Sollte es zu wiederholten oder schweren Zuwiderhandlungen gegen unsere Regeln kommen, m\u00fcssen wir ggfls. hierf\u00fcr verantwortliche Menschen von unseren Social-Media-Kan\u00e4len ganz ausschlie\u00dfen (blocken). Ein solcher (auch nachtr\u00e4glich m\u00f6glicher) Ausschluss kann r\u00fcckg\u00e4ngig gemacht werden, wenn sich Menschen von ihren gegen unsere Regeln versto\u00dfenden Beitr\u00e4gen nachhaltig distanzieren und uns gleichzeitig glaubhaft versichern, k\u00fcnftig ausschlie\u00dflich regelkonform zu handeln. Unsere jederzeit am Grundsatz der Verh\u00e4ltnism\u00e4\u00dfigkeit ausgerichteten Ma\u00dfnahmen dienen allein der Bewahrung unserer Regeln. it ihnen \u00fcben wir unser virtuelles Hausrecht in unseren Social-Media-Kan\u00e4len aus. Gleichzeitig gew\u00e4hrleisten wir freie und konstruktive Diskussion sowie entsprechenden Meinungsaustausch. \u201eZensur\u201c findet daher auf unseren Social-Media-Kan\u00e4len insgesamt nicht statt.<\/p>\n\n<p>Bei der Molecular Health GmbH handelt es sich um ein weltoffenes, international ausgerichtetes Unternehmen. Wir akzeptieren daher keine Form der Diskriminierung und\/oder Diffamierung von Menschen und\/oder Gruppen wegen ihrer Herkunft, Religion, Nationalit\u00e4t, Kultur, Weltanschauung, k\u00f6rperlichen Verfassung, sexuellen Orientierung oder Identit\u00e4t, ihres Geschlechts, Einkommens, Alters und\/oder ihrer Meinung.<\/p>\n\n<p>Beitr\u00e4ge sollen sich auf das Postthema beziehen. Daher behalten wir uns vor, \u201eOff-Topic\u201c-Kommentare zu entfernen \/ zu l\u00f6schen. Diskussion und Meinungsaustausch leben von sachlichen Beitr\u00e4gen. Unsachliche und\/oder andere Menschen pers\u00f6nlich provozierende Beitr\u00e4ge akzeptieren wir nicht. Sachlich nicht belegte Behauptungen, Verd\u00e4chtigungen und\/oder Theorien l\u00f6schen \/ entfernen wir. Dies gilt auch f\u00fcr kommerzielle Botschaften, Spam, Wahl- und\/oder Parteiwerbung, Demonstrationsaufrufe, Kampagnen und\/oder Petitionen.<\/p>\n\n<p>Beitr\u00e4ge mit beleidigendem, volksverhetzendem, antisemitischem, ehrverletzendem, pornografischem, hetzerischem, jugendgef\u00e4hrdendem, obsz\u00f6nem, vulg\u00e4rem, sexistischem und\/oder homophobem Inhalt l\u00f6schen wir unmittelbar nach entsprechender Kenntnisnahme. Soweit geboten melden wir bestimmte schwere F\u00e4lle entsprechend der uns obliegenden Pflicht nach entsprechender Beweissicherung den zust\u00e4ndigen Beh\u00f6rden. Erf\u00fcllt ein Beitrag einen Straftatbestand, behalten wir uns nach entsprechender Beweissicherung zudem die Erstattung einer Strafanzeige vor.<\/p>\n\n<p>Wir m\u00f6chten m\u00f6glichst vielen Menschen die M\u00f6glichkeit er\u00f6ffnen, sich bei Diskussion und Meinungsaustausch einzubringen. Daher favorisieren wir Beitr\u00e4ge in deutscher oder englischer Sprache.<\/p>\n\n<p>Wir legen (wie bei Gespr\u00e4chen in der realen Welt) in unseren Social-Media-Kan\u00e4len gro\u00dfen Wert auf H\u00f6flichkeit, Respekt und Fairness. Dazu geh\u00f6rt auch, Pers\u00f6nlichkeitsrechte anderer Menschen, ihr Recht am eigenen Bild und Wort sowie sonstige Rechtspositionen einschlie\u00dflich des Urheberrechts umfassend zu wahren. Bitte sehen Sie davon ab, Beitr\u00e4ge mit pers\u00f6nlichen Daten zu ver\u00f6ffentlichen. Gew\u00e4hrleisten Sie auch, dass Sie rechtlich uneingeschr\u00e4nkt befugt sind, die in Ihrem Beitrag enthaltenen Inhalte dauerhaft \u00f6ffentlich zu verbreiten. Beim Einsatz von Zitaten kennzeichnen Sie diese bitte entsprechend. Enth\u00e4lt Ihr Beitrag eine Verlinkung zu einer externen Internetseite behalten wir uns vor, den verlinkten Inhalt zu pr\u00fcfen und (soweit geboten) den Link oder den gesamten Beitrag zu l\u00f6schen \/ zu entfernen.<\/p>\n","protected":false},"excerpt":{"rendered":"<p>Daher legen wir auch gro\u00dfen Wert darauf, dass an Diskussion und Meinungsaustausch Teilnehmende die M\u00f6glichkeit besitzen, sich frei zu \u00e4u\u00dfern. Um dies zu gew\u00e4hrleisten bitten wir sehr eindringlich darum, Beitr\u00e4ge jederzeit sachlich und konstruktiv zu formulieren, und zwar vor allem auch im Falle etwaiger inhaltlicher Differenzen bzw. anderer Sichtweisen. I. Disclaimer F\u00fcr von ihnen ver\u00f6ffentlichte [&hellip;]<\/p>\n","protected":false},"author":2,"featured_media":0,"parent":0,"menu_order":1600,"comment_status":"closed","ping_status":"closed","template":"","meta":{"_acf_changed":false,"content-type":"","inline_featured_image":false,"footnotes":""},"class_list":["post-567","page","type-page","status-publish","hentry"],"acf":[],"_links":{"self":[{"href":"https:\/\/molecularhealth.com\/eu\/de\/wp-json\/wp\/v2\/pages\/567","targetHints":{"allow":["GET"]}}],"collection":[{"href":"https:\/\/molecularhealth.com\/eu\/de\/wp-json\/wp\/v2\/pages"}],"about":[{"href":"https:\/\/molecularhealth.com\/eu\/de\/wp-json\/wp\/v2\/types\/page"}],"author":[{"embeddable":true,"href":"https:\/\/molecularhealth.com\/eu\/de\/wp-json\/wp\/v2\/users\/2"}],"replies":[{"embeddable":true,"href":"https:\/\/molecularhealth.com\/eu\/de\/wp-json\/wp\/v2\/comments?post=567"}],"version-history":[{"count":4,"href":"https:\/\/molecularhealth.com\/eu\/de\/wp-json\/wp\/v2\/pages\/567\/revisions"}],"predecessor-version":[{"id":2081,"href":"https:\/\/molecularhealth.com\/eu\/de\/wp-json\/wp\/v2\/pages\/567\/revisions\/2081"}],"wp:attachment":[{"href":"https:\/\/molecularhealth.com\/eu\/de\/wp-json\/wp\/v2\/media?parent=567"}],"curies":[{"name":"wp","href":"https:\/\/api.w.org\/{rel}","templated":true}]}}