{"id":605,"date":"2023-03-30T14:07:00","date_gmt":"2023-03-30T13:07:00","guid":{"rendered":"http:\/\/molecularhealth.com\/eu\/ai-pharma-solutions\/"},"modified":"2025-10-23T14:48:16","modified_gmt":"2025-10-23T13:48:16","slug":"ai-pharma-solutions","status":"publish","type":"page","link":"https:\/\/molecularhealth.com\/eu\/de\/loesungen\/ai-pharma-solutions\/","title":{"rendered":"AI Pharma Solutions"},"content":{"rendered":"<div class=\"lazyblock-mh-hero-banner-uFN1l alignfull alignfull  wp-block-lazyblock-mh-hero-banner\"><!-- Hero Banner -->\r\n<div class=\"mh-hero-banner  dm-lazyblock-mh-hero-banner-uFN1l\" style=\"background:url(https:\/\/molecularhealth.com\/eu\/wp-content\/uploads\/sites\/2\/Pharma_hero-scaled.jpg) center center no-repeat; background-size: cover;\">\r\n        <div class=\"mh-hero-content\">\r\n            <div class=\"mh-hero-content-block-1\">\r\n              <span class=\"block-1-wrap\">\r\n                <div class=\"mh-hero-heading\">\r\n                        <h1>                            AI Pharma Solutions                            <br>Biomedizinische Wissen                            <br>direkt zur Hand                        \r\n                        <\/h1>\r\n                    <\/div>\r\n                \r\n                        <div class=\"mh-hero-links\"><a class=\"tileButton\" href=\"https:\/\/youtu.be\/z8GD6JmyN_I\" target=\"_blank\"><i data-feather=\"arrow-right\"><\/i> <span>Dataome entdecken (externer YouTube Link)<\/span><\/a><\/div>              <\/span>\r\n            <\/div>\r\n\r\n            \r\n                <div class=\"mh-hero-content-block-2\">\r\n                    <span><p>Zuverl\u00e4ssige Prognosen, um Risiken vorherzusagen. Vernetzte Daten, um neue Targets zu finden und neuartige Medikamente zu entwickeln. Real-world-evidence, um Erfolg zu bewerten. Diese Kompetenzen beseitigen die Unsicherheiten, die die Arzneimittelentwicklung einschr\u00e4nken, sind aber datenintensiv und experimentell nicht zug\u00e4nglich. Die Molecular Health Dataome Technologie bietet leistungsstarke L\u00f6sungen zur Transformation der Arzneimittelentwicklung. Durch die Kombination erstklassiger biomedizinischer Daten, KI-gest\u00fctzter Analysen und fachlicher Expertise liefern wir Erkenntnisse, die \u00fcber menschliche und experimentelle Grenzen hinausgehen.<\/p><\/span>\r\n                <\/div>\r\n            \r\n        <\/div>\r\n<\/div>\r\n\r\n    <div class=\"mh-hero-content-block-2 mh-mobile\">\r\n        <span><p>Zuverl\u00e4ssige Prognosen, um Risiken vorherzusagen. Vernetzte Daten, um neue Targets zu finden und neuartige Medikamente zu entwickeln. Real-world-evidence, um Erfolg zu bewerten. Diese Kompetenzen beseitigen die Unsicherheiten, die die Arzneimittelentwicklung einschr\u00e4nken, sind aber datenintensiv und experimentell nicht zug\u00e4nglich. Die Molecular Health Dataome Technologie bietet leistungsstarke L\u00f6sungen zur Transformation der Arzneimittelentwicklung. Durch die Kombination erstklassiger biomedizinischer Daten, KI-gest\u00fctzter Analysen und fachlicher Expertise liefern wir Erkenntnisse, die \u00fcber menschliche und experimentelle Grenzen hinausgehen.<\/p><\/span>\r\n    <\/div>\r\n<\/div>\n<div style=\"height:60px\" aria-hidden=\"true\" class=\"wp-block-spacer\"><\/div>\n\n<h2 class=\"wp-block-heading\">Analytische Leistung trifft auf umfassende und vernetzte Daten<\/h2>\n\n<p>Beschleunigen Sie die Arzneimittelentwicklung und senken Sie die Kosten, indem Sie die gesamte Daten- und Informationslandschaft rund um Ihr Produkt eingehend analysieren.<\/p>\n\n<ul class=\"wp-block-list\">\n<li>Verstehen der Biologie komplexer Krankheiten und Identifizieren besserer Zielmolek\u00fcl-Krankheits-Beziehungen.<\/li>\n\n\n\n<li>Untersuchen der molekularen Krankheitssubtypen zur Identifizierung und Behandlung von Responder-Patientenpopulationen.<\/li>\n\n\n\n<li>Entdecken neuer vielversprechender Zielmolek\u00fcle f\u00fcr die Entwicklung neuartiger Therapien.<\/li>\n\n\n\n<li>Wertsteigerung von Wirkstoffkandidaten in der Pipeline und von Medikamenten im Portfolio.<\/li>\n\n\n\n<li>Optimieren Sie Struktur, Umfangs und relevante Studienkohorten klinischer Studien.<\/li>\n\n\n\n<li>Antizipieren Sie Risiken und minimieren Sie das Scheitern von Kandidaten in der klinischen Phase.<\/li>\n\n\n\n<li>Bewertung der Arzneimittelsicherheit mit der MH Effect Technologie<\/li>\n<\/ul>\n\n<div class=\"wp-block-columns is-layout-flex wp-container-core-columns-is-layout-28f84493 wp-block-columns-is-layout-flex\">\n<div class=\"wp-block-column is-layout-flow wp-block-column-is-layout-flow\"><div class=\"lazyblock-mh-buttons-bar-2uPp8k wp-block-lazyblock-mh-buttons-bar\">  <section class=\"mh-buttons-bar\">\r\n          <a class=\"mh-buttons-item\" href=\"https:\/\/molecularhealth.com\/eu\/de\/kontakt\/\" target=\"_self\"><i data-feather=\"arrow-right\"><\/i> <span>Unsere Experten kontaktieren<\/span><\/a>      <\/section>\r\n<\/div><\/div>\n\n\n\n<div class=\"wp-block-column is-layout-flow wp-block-column-is-layout-flow\"><div class=\"lazyblock-mh-buttons-bar-Z10YAEY wp-block-lazyblock-mh-buttons-bar\">  <section class=\"mh-buttons-bar\">\r\n          <a class=\"mh-buttons-item\" href=\"https:\/\/molecularhealth.com\/eu\/de\/loesungen\/dataome\/\" target=\"_self\"><i data-feather=\"arrow-right\"><\/i> <span>Die Dataome-Technologie entdecken<\/span><\/a>      <\/section>\r\n<\/div><\/div>\n\n\n\n<div class=\"wp-block-column is-layout-flow wp-block-column-is-layout-flow\"><div class=\"lazyblock-mh-buttons-bar-Z1PvmIr wp-block-lazyblock-mh-buttons-bar\">  <section class=\"mh-buttons-bar\">\r\n          <a class=\"mh-buttons-item\" href=\"http:\/\/molecularhealth.com\/eu\/solutions\/ai-pharma#success\" target=\"_self\"><i data-feather=\"arrow-right\"><\/i> <span>Erfolgsgeschichten lesen<\/span><\/a>      <\/section>\r\n<\/div><\/div>\n<\/div>\n\n<div style=\"height:50px\" aria-hidden=\"true\" class=\"wp-block-spacer\"><\/div>\n\n<div class=\"wp-block-columns has-grey-light-background-color has-background is-layout-flex wp-container-core-columns-is-layout-28f84493 wp-block-columns-is-layout-flex\">\n<div class=\"wp-block-column is-vertically-aligned-center is-layout-flow wp-block-column-is-layout-flow\">\n<h3 class=\"wp-block-heading\">Wo Dataome-Technologie einen Mehrwert in der Arzneimittelentwicklung schafft<\/h3>\n\n\n\n<p>Beseitigen Sie Engp\u00e4sse in der Arzneimittelentwicklung und schaffen Sie neue M\u00f6glichkeiten zur Erweiterung der Einsatzm\u00f6glichkeiten zugelassener Arzneimittel oder Wirkstoffkandidaten. Unser Team unterst\u00fctzt Sie bei der Identifizierung und Qualifizierung von Zielmolek\u00fclen und Patientengruppen, der Vorhersage von Sicherheitsrisiken, der Priorisierung von Indikationen und der Optimierung des Designs klinischer Studien.<\/p>\n\n\n<div class=\"lazyblock-mh-buttons-bar-1LXWQq wp-block-lazyblock-mh-buttons-bar\">  <section class=\"mh-buttons-bar\">\r\n          <a class=\"mh-buttons-item\" href=\"https:\/\/molecularhealth.com\/eu\/de\/kontakt\/\" target=\"_self\"><i data-feather=\"arrow-right\"><\/i> <span>Mehrwert f\u00fcr Ihre Pipeline<\/span><\/a>      <\/section>\r\n<\/div><\/div>\n\n\n\n<div class=\"wp-block-column is-vertically-aligned-center is-layout-flow wp-block-column-is-layout-flow\">\n<figure class=\"wp-block-image aligncenter size-large has-custom-border\"><a href=\"https:\/\/molecularhealth.com\/eu\/wp-content\/uploads\/sites\/2\/\/offering_AI_Pharma_desktop_1400-1200x507.png\"><img loading=\"lazy\" decoding=\"async\" width=\"1200\" height=\"507\" src=\"https:\/\/molecularhealth.com\/eu\/wp-content\/uploads\/sites\/2\/\/offering_AI_Pharma_desktop_1400-1200x507.png\" alt=\"\" class=\"has-border-color has-grey-light-border-color wp-image-1254\" style=\"border-width:1px\" srcset=\"https:\/\/molecularhealth.com\/eu\/wp-content\/uploads\/sites\/2\/offering_AI_Pharma_desktop_1400-1200x507.png 1200w, https:\/\/molecularhealth.com\/eu\/wp-content\/uploads\/sites\/2\/offering_AI_Pharma_desktop_1400-500x211.png 500w, https:\/\/molecularhealth.com\/eu\/wp-content\/uploads\/sites\/2\/offering_AI_Pharma_desktop_1400-768x324.png 768w, https:\/\/molecularhealth.com\/eu\/wp-content\/uploads\/sites\/2\/offering_AI_Pharma_desktop_1400.png 1400w\" sizes=\"auto, (max-width: 1200px) 100vw, 1200px\" \/><\/a><\/figure>\n\n\n\n<p class=\"has-text-align-center\" style=\"margin-top:0;margin-right:0;margin-bottom:0;margin-left:0;padding-top:0;padding-right:0;padding-bottom:0;padding-left:0\">Zum Vergr\u00f6\u00dfern klicken<\/p>\n<\/div>\n<\/div>\n\n<div style=\"height:20px\" aria-hidden=\"true\" class=\"wp-block-spacer\"><\/div>\n\n<div class=\"wp-block-columns is-layout-flex wp-container-core-columns-is-layout-28f84493 wp-block-columns-is-layout-flex\">\n<div class=\"wp-block-column is-layout-flow wp-block-column-is-layout-flow\">\n<figure class=\"wp-block-image aligncenter size-large has-custom-border\"><a href=\"https:\/\/molecularhealth.com\/eu\/wp-content\/uploads\/sites\/2\/\/RZ_0147-0001-123_Dataome-Tech_NewKnowledge_Desktop_1400-1200x491.png\"><img loading=\"lazy\" decoding=\"async\" width=\"1200\" height=\"491\" src=\"https:\/\/molecularhealth.com\/eu\/wp-content\/uploads\/sites\/2\/\/RZ_0147-0001-123_Dataome-Tech_NewKnowledge_Desktop_1400-1200x491.png\" alt=\"\" class=\"has-border-color has-grey-light-border-color wp-image-1703\" style=\"border-width:1px\" srcset=\"https:\/\/molecularhealth.com\/eu\/wp-content\/uploads\/sites\/2\/RZ_0147-0001-123_Dataome-Tech_NewKnowledge_Desktop_1400-1200x491.png 1200w, https:\/\/molecularhealth.com\/eu\/wp-content\/uploads\/sites\/2\/RZ_0147-0001-123_Dataome-Tech_NewKnowledge_Desktop_1400-500x205.png 500w, https:\/\/molecularhealth.com\/eu\/wp-content\/uploads\/sites\/2\/RZ_0147-0001-123_Dataome-Tech_NewKnowledge_Desktop_1400-768x314.png 768w, https:\/\/molecularhealth.com\/eu\/wp-content\/uploads\/sites\/2\/RZ_0147-0001-123_Dataome-Tech_NewKnowledge_Desktop_1400.png 1400w\" sizes=\"auto, (max-width: 1200px) 100vw, 1200px\" \/><\/a><\/figure>\n\n\n\n<p class=\"has-text-align-center\" style=\"margin-top:0;margin-right:0;margin-bottom:0;margin-left:0;padding-top:0;padding-right:0;padding-bottom:0;padding-left:0\">Zum Vergr\u00f6\u00dfern klicken<\/p>\n<\/div>\n\n\n\n<div class=\"wp-block-column is-vertically-aligned-center is-layout-flow wp-block-column-is-layout-flow\">\n<h3 class=\"wp-block-heading\">Wie die Dataome-Technologie neues Wissen generiert<\/h3>\n\n\n\n<p>Durch eigens entwickeltes Text-Mining und die Integration von Daten aus verschiedenen globalen Quellen assimiliert und strukturiert die Dataome-Technologie eine beispiellose Menge an Informationen, die dann in einer hochgradig vernetzten Wissensdatenbank mit von Experten kuratierten Daten h\u00f6chster Qualit\u00e4t organisiert wird. Diese Daten k\u00f6nnen dann \u00fcber ein einzigartiges Portfolio von Analysetechnologien und KI-Methoden abgefragt werden.<\/p>\n<\/div>\n<\/div>\n\n<div style=\"height:38px\" aria-hidden=\"true\" class=\"wp-block-spacer\"><\/div>\n\n<div class=\"wp-block-columns has-grey-light-background-color has-background is-layout-flex wp-container-core-columns-is-layout-28f84493 wp-block-columns-is-layout-flex\">\n<div class=\"wp-block-column is-vertically-aligned-center is-layout-flow wp-block-column-is-layout-flow\">\n<h3 class=\"wp-block-heading\">Was macht die Dataome-Technologie so einzigartig?<\/h3>\n\n\n\n<p>Dataome verbindet unterschiedliche Datenbereiche miteinander und erweitert so die Analysem\u00f6glichkeiten. Jeder Aspekt dieser Evidenzerfassung und -analyse wird von einem Team von Fachleuten \u00fcberwacht, die wissen, welche Daten und Erkenntnisse f\u00fcr eine erfolgreiche Transformation der Arzneimittelforschung, der klinischen Entwicklung und der Patientenversorgung unerl\u00e4sslich sind.<\/p>\n\n\n<div class=\"lazyblock-mh-buttons-bar-1sYXd1 wp-block-lazyblock-mh-buttons-bar\">  <section class=\"mh-buttons-bar\">\r\n          <a class=\"mh-buttons-item\" href=\"https:\/\/molecularhealth.com\/eu\/de\/kontakt\/\" target=\"_self\"><i data-feather=\"arrow-right\"><\/i> <span>Arbeiten Sie mit uns<\/span><\/a>      <\/section>\r\n<\/div><\/div>\n\n\n\n<div class=\"wp-block-column is-vertically-aligned-top is-layout-flow wp-block-column-is-layout-flow\">\n<figure class=\"wp-block-image aligncenter size-large has-custom-border\"><a href=\"https:\/\/molecularhealth.com\/eu\/wp-content\/uploads\/sites\/2\/\/AI_PHarma_features_desktop_1400-1200x578.png\"><img loading=\"lazy\" decoding=\"async\" width=\"1200\" height=\"578\" src=\"https:\/\/molecularhealth.com\/eu\/wp-content\/uploads\/sites\/2\/\/AI_PHarma_features_desktop_1400-1200x578.png\" alt=\"\" class=\"has-border-color has-grey-light-border-color wp-image-1705\" style=\"border-width:1px\" srcset=\"https:\/\/molecularhealth.com\/eu\/wp-content\/uploads\/sites\/2\/AI_PHarma_features_desktop_1400-1200x578.png 1200w, https:\/\/molecularhealth.com\/eu\/wp-content\/uploads\/sites\/2\/AI_PHarma_features_desktop_1400-500x241.png 500w, https:\/\/molecularhealth.com\/eu\/wp-content\/uploads\/sites\/2\/AI_PHarma_features_desktop_1400-768x370.png 768w, https:\/\/molecularhealth.com\/eu\/wp-content\/uploads\/sites\/2\/AI_PHarma_features_desktop_1400.png 1400w\" sizes=\"auto, (max-width: 1200px) 100vw, 1200px\" \/><\/a><\/figure>\n\n\n\n<p class=\"has-text-align-center\" style=\"margin-top:0;margin-right:0;margin-bottom:0;margin-left:0;padding-top:0;padding-right:0;padding-bottom:0;padding-left:0\">Zum Vergr\u00f6\u00dfern klicken<\/p>\n<\/div>\n<\/div>\n\n<div style=\"height:100px\" aria-hidden=\"true\" class=\"wp-block-spacer\"><\/div>\n\n<h3 class=\"wp-block-heading has-text-align-center\" id=\"success\">Dataome-Technologie erleichtert evidenzbasierte Entscheidungen<\/h3>\n<div class=\"lazyblock-mh-slider-Z15HpfA alignwide alignwide  wp-block-lazyblock-mh-slider\"><!-- Slider main container -->\r\n\r\n<div class=\"swiper  dm-lazyblock-mh-slider-Z15HpfA\" dmUniqueAttribute=\"dm-lazyblock-mh-slider-Z15HpfA\">\r\n    <!-- Additional required wrapper -->\r\n    <div class=\"swiper-wrapper\">\r\n        <!-- Slides -->\r\n                                    <div class=\"swiper-slide\">\r\n                    <!--https:\/\/molecularhealth.com\/eu\/wp-content\/uploads\/sites\/2\/RZ_0147-0001-123_Infografik_Dataome-evidEntscheidungen_Zielmolekuelermittlung-1_Desktop_DE_1-12-07.png--><!--https:\/\/molecularhealth.com\/eu\/wp-content\/uploads\/sites\/2\/RZ_0147-0001-123_Infografik_Dataome-evidEntscheidungen_Desktop_Target-1_21-12-06.png-->                                <img decoding=\"async\" src=\"https:\/\/molecularhealth.com\/eu\/wp-content\/uploads\/sites\/2\/RZ_0147-0001-123_Infografik_Dataome-evidEntscheidungen_Zielmolekuelermittlung-1_Desktop_DE_1-12-07.png\" alt=\"\" \/>\r\n                                                <div class=\"inhalt\">\r\n                        <h2><\/h2>\r\n                        <h3><\/h3>\r\n                                            <\/div>\r\n                <\/div>\r\n                            <div class=\"swiper-slide\">\r\n                    <!--https:\/\/molecularhealth.com\/eu\/wp-content\/uploads\/sites\/2\/RZ_0147-0001-123_Infografik_Dataome-evidEntscheidungen_Zielmolekuelermittlung-2_Desktop_DE_1-12-07.png--><!--https:\/\/molecularhealth.com\/eu\/wp-content\/uploads\/sites\/2\/RZ_0147-0001-123_Infografik_Dataome-evidEntscheidungen_Desktop_Target-2_21-12-062.png-->                                <img decoding=\"async\" src=\"https:\/\/molecularhealth.com\/eu\/wp-content\/uploads\/sites\/2\/RZ_0147-0001-123_Infografik_Dataome-evidEntscheidungen_Zielmolekuelermittlung-2_Desktop_DE_1-12-07.png\" alt=\"\" \/>\r\n                                                <div class=\"inhalt\">\r\n                        <h2><\/h2>\r\n                        <h3><\/h3>\r\n                                            <\/div>\r\n                <\/div>\r\n                            <div class=\"swiper-slide\">\r\n                    <!--https:\/\/molecularhealth.com\/eu\/wp-content\/uploads\/sites\/2\/Website_Infografik_Effect_deutsch-1.png--><!--https:\/\/molecularhealth.com\/eu\/wp-content\/uploads\/sites\/2\/Website_Infografik_Effect-1.png-->                                <img decoding=\"async\" src=\"https:\/\/molecularhealth.com\/eu\/wp-content\/uploads\/sites\/2\/Website_Infografik_Effect_deutsch-1.png\" alt=\"\" \/>\r\n                                                <div class=\"inhalt\">\r\n                        <h2><\/h2>\r\n                        <h3><\/h3>\r\n                                            <\/div>\r\n                <\/div>\r\n                            <div class=\"swiper-slide\">\r\n                    <!--https:\/\/molecularhealth.com\/eu\/wp-content\/uploads\/sites\/2\/RZ_0147-0001-123_Infografik_Dataome-evidEntscheidungen_Indication_Desktop_DE_1-12-07.png--><!--https:\/\/molecularhealth.com\/eu\/wp-content\/uploads\/sites\/2\/RZ_0147-0001-123_Infografik_Dataome-evidEntscheidungen_Indication_Desktop_21-12-06.png-->                                <img decoding=\"async\" src=\"https:\/\/molecularhealth.com\/eu\/wp-content\/uploads\/sites\/2\/RZ_0147-0001-123_Infografik_Dataome-evidEntscheidungen_Indication_Desktop_DE_1-12-07.png\" alt=\"\" \/>\r\n                                                <div class=\"inhalt\">\r\n                        <h2><\/h2>\r\n                        <h3><\/h3>\r\n                                            <\/div>\r\n                <\/div>\r\n                            <div class=\"swiper-slide\">\r\n                    <!--https:\/\/molecularhealth.com\/eu\/wp-content\/uploads\/sites\/2\/RZ_0147-0001-123_Infografik_Dataome-evidEntscheidungen_Biomarker_Desktop_DE_1-12-07.png--><!--https:\/\/molecularhealth.com\/eu\/wp-content\/uploads\/sites\/2\/RZ_0147-0001-123_Infografik_Dataome-evidEntscheidungen_Biomarker_Desktop_21-12-06.png-->                                <img decoding=\"async\" src=\"https:\/\/molecularhealth.com\/eu\/wp-content\/uploads\/sites\/2\/RZ_0147-0001-123_Infografik_Dataome-evidEntscheidungen_Biomarker_Desktop_DE_1-12-07.png\" alt=\"\" \/>\r\n                                                <div class=\"inhalt\">\r\n                        <h2><\/h2>\r\n                        <h3><\/h3>\r\n                                            <\/div>\r\n                <\/div>\r\n                                        <div class=\"swiper-slide\">\r\n                                                    <img decoding=\"async\" src=\"https:\/\/molecularhealth.com\/eu\/wp-content\/uploads\/sites\/2\/RZ_0147-0001-123_Infografik_Dataome-evidEntscheidungen_Zielmolekuelermittlung-1_Desktop_DE_1-12-07.png\" alt=\"\" \/>\r\n                                                <div class=\"inhalt\">\r\n                        <h2><\/h2>\r\n                        <h3><\/h3>\r\n                                            <\/div>\r\n                <\/div>\r\n                            <div class=\"swiper-slide\">\r\n                                                    <img decoding=\"async\" src=\"https:\/\/molecularhealth.com\/eu\/wp-content\/uploads\/sites\/2\/RZ_0147-0001-123_Infografik_Dataome-evidEntscheidungen_Zielmolekuelermittlung-2_Desktop_DE_1-12-07.png\" alt=\"\" \/>\r\n                                                <div class=\"inhalt\">\r\n                        <h2><\/h2>\r\n                        <h3><\/h3>\r\n                                            <\/div>\r\n                <\/div>\r\n                            <div class=\"swiper-slide\">\r\n                                                    <img decoding=\"async\" src=\"https:\/\/molecularhealth.com\/eu\/wp-content\/uploads\/sites\/2\/Website_Infografik_Effect_deutsch-1.png\" alt=\"\" \/>\r\n                                                <div class=\"inhalt\">\r\n                        <h2><\/h2>\r\n                        <h3><\/h3>\r\n                                            <\/div>\r\n                <\/div>\r\n                            <div class=\"swiper-slide\">\r\n                                                    <img decoding=\"async\" src=\"https:\/\/molecularhealth.com\/eu\/wp-content\/uploads\/sites\/2\/RZ_0147-0001-123_Infografik_Dataome-evidEntscheidungen_Indication_Desktop_DE_1-12-07.png\" alt=\"\" \/>\r\n                                                <div class=\"inhalt\">\r\n                        <h2><\/h2>\r\n                        <h3><\/h3>\r\n                                            <\/div>\r\n                <\/div>\r\n                            <div class=\"swiper-slide\">\r\n                                                    <img decoding=\"async\" src=\"https:\/\/molecularhealth.com\/eu\/wp-content\/uploads\/sites\/2\/RZ_0147-0001-123_Infografik_Dataome-evidEntscheidungen_Biomarker_Desktop_DE_1-12-07.png\" alt=\"\" \/>\r\n                                                <div class=\"inhalt\">\r\n                        <h2><\/h2>\r\n                        <h3><\/h3>\r\n                                            <\/div>\r\n                <\/div>\r\n                        <\/div>\r\n    <!-- If we need pagination -->\r\n    <div class=\"swiper-pagination\"><\/div>\r\n\r\n    <!-- If we need navigation buttons -->\r\n    <div class=\"swiper-button-prev\"><\/div>\r\n    <div class=\"swiper-button-next\"><\/div>\r\n\r\n<\/div><\/div>\n<div style=\"height:50px\" aria-hidden=\"true\" class=\"wp-block-spacer\"><\/div>\n\n<h3 class=\"wp-block-heading has-text-align-center\">Die richtige Zusammenarbeit f\u00fcr den Erfolg<\/h3>\n\n<div class=\"wp-block-columns is-layout-flex wp-container-core-columns-is-layout-28f84493 wp-block-columns-is-layout-flex\">\n<div class=\"wp-block-column is-layout-flow wp-block-column-is-layout-flow\" style=\"padding-top:var(--wp--preset--spacing--40);padding-right:var(--wp--preset--spacing--40);padding-bottom:var(--wp--preset--spacing--40);padding-left:var(--wp--preset--spacing--40)\">\n<div class=\"wp-block-columns is-layout-flex wp-container-core-columns-is-layout-28f84493 wp-block-columns-is-layout-flex\">\n<div class=\"wp-block-column is-vertically-aligned-center is-layout-flow wp-block-column-is-layout-flow\" style=\"padding-top:var(--wp--preset--spacing--30);padding-right:var(--wp--preset--spacing--30);padding-bottom:var(--wp--preset--spacing--30);padding-left:var(--wp--preset--spacing--30)\"><\/div>\n\n\n\n<div class=\"wp-block-column is-vertically-aligned-center has-grey-light-background-color has-background is-layout-flow wp-block-column-is-layout-flow\" style=\"padding-top:var(--wp--preset--spacing--30);padding-right:var(--wp--preset--spacing--30);padding-bottom:var(--wp--preset--spacing--30);padding-left:var(--wp--preset--spacing--30)\">\n<h5 class=\"wp-block-heading\">Einen Termin mit unseren Expert:innen vereinbaren<\/h5>\n\n\n\n<p style=\"padding-top:0;padding-right:0;padding-bottom:0;padding-left:0\">Nutzung der Dataome-Technologie zur Beantwortung projektspezifischer klinischer und wissenschaftlicher Fragen.<\/p>\n\n\n<div class=\"lazyblock-mh-buttons-bar-qcdaS wp-block-lazyblock-mh-buttons-bar\">  <section class=\"mh-buttons-bar\">\r\n          <a class=\"mh-buttons-item\" href=\"https:\/\/landingpagehs.molecularhealth.com\/ai-pharma-fee-for-service\" target=\"_blank\"><i data-feather=\"arrow-right\"><\/i> <span>Kontaktieren Sie uns!<\/span><\/a>      <\/section>\r\n<\/div><\/div>\n\n\n\n<div class=\"wp-block-column is-vertically-aligned-center is-layout-flow wp-block-column-is-layout-flow\" style=\"padding-top:var(--wp--preset--spacing--30);padding-right:var(--wp--preset--spacing--30);padding-bottom:var(--wp--preset--spacing--30);padding-left:var(--wp--preset--spacing--30)\"><\/div>\n<\/div>\n<\/div>\n<\/div>\n\n<div style=\"height:100px\" aria-hidden=\"true\" class=\"wp-block-spacer\"><\/div>\n\n<div class=\"wp-block-columns is-layout-flex wp-container-core-columns-is-layout-28f84493 wp-block-columns-is-layout-flex\">\n<div class=\"wp-block-column is-layout-flow wp-block-column-is-layout-flow\" style=\"flex-basis:25%\"><\/div>\n\n\n\n<div class=\"wp-block-column is-vertically-aligned-center is-layout-flow wp-block-column-is-layout-flow\" style=\"flex-basis:50%\">\n<h3 class=\"wp-block-heading has-text-align-center\">Haben Sie noch Fragen?<\/h3>\n\n\n<div class=\"lazyblock-mh-buttons-bar-Ztz0wn wp-block-lazyblock-mh-buttons-bar\">  <section class=\"mh-buttons-bar\">\r\n          <a class=\"mh-buttons-item\" href=\"https:\/\/molecularhealth.com\/eu\/de\/kontakt\/\" target=\"_self\"><i data-feather=\"arrow-right\"><\/i> <span>Kontaktieren Sie uns!<\/span><\/a>      <\/section>\r\n<\/div><\/div>\n\n\n\n<div class=\"wp-block-column is-layout-flow wp-block-column-is-layout-flow\" style=\"flex-basis:25%\"><\/div>\n<\/div>\n\n<p class=\"has-small-font-size\"><strong>Referenzen:<\/strong> [1] Nat Rev Clin Oncol. 2011; 8:735. <a href=\"https:\/\/pubmed.ncbi.nlm.nih.gov\/21989071\/\">PMID: 21989071<\/a>; [2] Clin Pharmacol Ther. 2021; 109:1232. <a href=\"https:\/\/pubmed.ncbi.nlm.nih.gov\/33090463\/\">PMID: 33090463<\/a>; [3] Cancer Cell. 2015 Nov 9;28(5):610-22. <a href=\"https:\/\/pubmed.ncbi.nlm.nih.gov\/26481148\/\">PMID: 26481148<\/a><\/p>\n\n<p><\/p>\n","protected":false},"excerpt":{"rendered":"<p>Analytische Leistung trifft auf umfassende und vernetzte Daten Beschleunigen Sie die Arzneimittelentwicklung und senken Sie die Kosten, indem Sie die gesamte Daten- und Informationslandschaft rund um Ihr Produkt eingehend analysieren. Wo Dataome-Technologie einen Mehrwert in der Arzneimittelentwicklung schafft Beseitigen Sie Engp\u00e4sse in der Arzneimittelentwicklung und schaffen Sie neue M\u00f6glichkeiten zur Erweiterung der Einsatzm\u00f6glichkeiten zugelassener Arzneimittel [&hellip;]<\/p>\n","protected":false},"author":2,"featured_media":0,"parent":1213,"menu_order":200,"comment_status":"closed","ping_status":"closed","template":"","meta":{"_acf_changed":false,"content-type":"","inline_featured_image":false,"footnotes":""},"class_list":["post-605","page","type-page","status-publish","hentry"],"acf":[],"_links":{"self":[{"href":"https:\/\/molecularhealth.com\/eu\/de\/wp-json\/wp\/v2\/pages\/605","targetHints":{"allow":["GET"]}}],"collection":[{"href":"https:\/\/molecularhealth.com\/eu\/de\/wp-json\/wp\/v2\/pages"}],"about":[{"href":"https:\/\/molecularhealth.com\/eu\/de\/wp-json\/wp\/v2\/types\/page"}],"author":[{"embeddable":true,"href":"https:\/\/molecularhealth.com\/eu\/de\/wp-json\/wp\/v2\/users\/2"}],"replies":[{"embeddable":true,"href":"https:\/\/molecularhealth.com\/eu\/de\/wp-json\/wp\/v2\/comments?post=605"}],"version-history":[{"count":52,"href":"https:\/\/molecularhealth.com\/eu\/de\/wp-json\/wp\/v2\/pages\/605\/revisions"}],"predecessor-version":[{"id":4272,"href":"https:\/\/molecularhealth.com\/eu\/de\/wp-json\/wp\/v2\/pages\/605\/revisions\/4272"}],"up":[{"embeddable":true,"href":"https:\/\/molecularhealth.com\/eu\/de\/wp-json\/wp\/v2\/pages\/1213"}],"wp:attachment":[{"href":"https:\/\/molecularhealth.com\/eu\/de\/wp-json\/wp\/v2\/media?parent=605"}],"curies":[{"name":"wp","href":"https:\/\/api.w.org\/{rel}","templated":true}]}}