{"id":637,"date":"2023-03-30T14:07:17","date_gmt":"2023-03-30T13:07:17","guid":{"rendered":"http:\/\/molecularhealth.com\/eu\/dataome\/"},"modified":"2025-10-17T15:40:26","modified_gmt":"2025-10-17T14:40:26","slug":"dataome","status":"publish","type":"page","link":"https:\/\/molecularhealth.com\/eu\/de\/loesungen\/dataome\/","title":{"rendered":"Dataome"},"content":{"rendered":"<div class=\"lazyblock-mh-hero-banner-vgeml alignfull alignfull  wp-block-lazyblock-mh-hero-banner\"><!-- Hero Banner -->\r\n<div class=\"mh-hero-banner  dm-lazyblock-mh-hero-banner-vgeml\" style=\"background:url(https:\/\/molecularhealth.com\/eu\/wp-content\/uploads\/sites\/2\/dataome_hero.jpg) center center no-repeat; background-size: cover;\">\r\n        <div class=\"mh-hero-content\">\r\n            <div class=\"mh-hero-content-block-1\">\r\n              <span class=\"block-1-wrap\">\r\n                <div class=\"mh-hero-heading\">\r\n                        <h1>                            Dataome                                                                                \r\n                        <\/h1>\r\n                    <\/div>\r\n                              <\/span>\r\n            <\/div>\r\n\r\n            \r\n                <div class=\"mh-hero-content-block-2\">\r\n                    <span><p>Wir haben Dataome entwickelt, um die gesamte molekulare Landschaft des Menschen zu erfassen und zu analysieren und so Innovationen in der gesamten Wertsch\u00f6pfungskette der Arzneimittelentwicklung und molekularen Diagnostik voranzutreiben. Entscheidende Faktoren dabei sind die Vollst\u00e4ndigkeit der Daten, ihre Vernetzbarkeit und ihre kompromisslose Qualit\u00e4t.<\/p><\/span>\r\n                <\/div>\r\n            \r\n        <\/div>\r\n<\/div>\r\n\r\n    <div class=\"mh-hero-content-block-2 mh-mobile\">\r\n        <span><p>Wir haben Dataome entwickelt, um die gesamte molekulare Landschaft des Menschen zu erfassen und zu analysieren und so Innovationen in der gesamten Wertsch\u00f6pfungskette der Arzneimittelentwicklung und molekularen Diagnostik voranzutreiben. Entscheidende Faktoren dabei sind die Vollst\u00e4ndigkeit der Daten, ihre Vernetzbarkeit und ihre kompromisslose Qualit\u00e4t.<\/p><\/span>\r\n    <\/div>\r\n<\/div>\n\n\n<div style=\"height:100px\" aria-hidden=\"true\" class=\"wp-block-spacer\"><\/div>\n\n\n\n<div class=\"wp-block-columns is-layout-flex wp-container-core-columns-is-layout-28f84493 wp-block-columns-is-layout-flex\">\n<div class=\"wp-block-column is-layout-flow wp-block-column-is-layout-flow\" style=\"flex-basis:66.66%\">\n<h2 class=\"wp-block-heading\">Weltweites biomedizinisches Datenwissen<\/h2>\n\n\n\n<p>Dataome wurde entwickelt, um das wachsende medizinische und molekularbiologische Wissen intelligent zu verarbeiten und so den medizinischen Fortschritt zu erm\u00f6glichen. Es strukturiert und integriert klinische und molekulare Daten mithilfe von k\u00fcnstlicher Intelligenz (KI) und maschinellem Lernen (ML). Anschlie\u00dfend werden die verarbeiteten Informationen von medizinischen und datenwissenschaftlichen Experten gepr\u00fcft und kuratiert. Das Ergebnis: Dataome bietet eine einzigartige Datenqualit\u00e4t und -verkn\u00fcpfung, die die analytischen M\u00f6glichkeiten erheblich erweitert. Dies verbessert das Verst\u00e4ndnis von Krankheiten, erleichtert die Patientenversorgung und macht die Arzneimittelentwicklung effizienter. <\/p>\n<\/div>\n\n\n\n<div class=\"wp-block-column is-vertically-aligned-bottom is-layout-flow wp-block-column-is-layout-flow\" style=\"flex-basis:33.33%\">\n<figure class=\"wp-block-image size-full video\"><a href=\"https:\/\/youtu.be\/z8GD6JmyN_I\" target=\"_blank\" rel=\"noreferrer noopener\"><img loading=\"lazy\" decoding=\"async\" width=\"1188\" height=\"670\" src=\"https:\/\/molecularhealth.com\/wp-content\/uploads\/sites\/2\/dataome-thumbnail.jpg?ver\" alt=\"\" class=\"wp-image-242\" srcset=\"https:\/\/molecularhealth.com\/eu\/wp-content\/uploads\/sites\/2\/dataome-thumbnail.jpg 1188w, https:\/\/molecularhealth.com\/eu\/wp-content\/uploads\/sites\/2\/dataome-thumbnail-500x282.jpg 500w, https:\/\/molecularhealth.com\/eu\/wp-content\/uploads\/sites\/2\/dataome-thumbnail-768x433.jpg 768w\" sizes=\"auto, (max-width: 1188px) 100vw, 1188px\" \/><\/a><\/figure>\n<\/div>\n<\/div>\n\n\n\n<div style=\"height:100px\" aria-hidden=\"true\" class=\"wp-block-spacer\"><\/div>\n\n\n\n<div class=\"wp-block-columns is-layout-flex wp-container-core-columns-is-layout-28f84493 wp-block-columns-is-layout-flex\">\n<div class=\"wp-block-column is-layout-flow wp-block-column-is-layout-flow\">\n<h2 class=\"wp-block-heading\">Zwei leistungsstarke L\u00f6sungen, die auf Dataome aufbauen <\/h2>\n<\/div>\n<\/div>\n\n\n\n<div class=\"wp-block-columns is-layout-flex wp-container-core-columns-is-layout-28f84493 wp-block-columns-is-layout-flex\">\n<div class=\"wp-block-column is-layout-flow wp-block-column-is-layout-flow\"><div class=\"lazyblock-mh-tiles-wYlUU wp-block-lazyblock-mh-tiles\"><!-- Single Tile main container -->\r\n<div class=\"dmSingleTile dm-lazyblock-mh-tiles-wYlUU\" dmUniqueAttribute=\"dm-lazyblock-mh-tiles-wYlUU\">\r\n    <a href=\"https:\/\/molecularhealth.com\/eu\/de\/loesungen\/mh-guide\/\" target=\"_self\">         <img decoding=\"async\" src=\"https:\/\/molecularhealth.com\/eu\/wp-content\/uploads\/sites\/2\/MHGuide_Tile.png\" alt=\"\" \/>    <\/a>    <h2 class=\"heading\">NGS-basierte Terti\u00e4ranalyse zur Annotation, Klassifizierung und klinischen Interpretation von Tumorvarianten<\/h2>\r\n    <div class=\"dmTileContent\">\r\n                            <\/div>\r\n    <a class=\"tileButton\" href=\"https:\/\/molecularhealth.com\/eu\/de\/loesungen\/mh-guide\/\" target=\"_self\"><i data-feather=\"arrow-right\"><\/i> <span>MH Guide<\/span><\/a><\/div><\/div><\/div>\n\n\n\n<div class=\"wp-block-column is-layout-flow wp-block-column-is-layout-flow\"><div class=\"lazyblock-mh-tiles-Z2HBDt wp-block-lazyblock-mh-tiles\"><!-- Single Tile main container -->\r\n<div class=\"dmSingleTile dm-lazyblock-mh-tiles-Z2HBDt\" dmUniqueAttribute=\"dm-lazyblock-mh-tiles-Z2HBDt\">\r\n    <a href=\"https:\/\/covid19.molecularhealth.com\/\" target=\"_blank\">         <img decoding=\"async\" src=\"https:\/\/molecularhealth.com\/eu\/wp-content\/uploads\/sites\/2\/COVID.png\" alt=\"\" \/>    <\/a>    <h2 class=\"heading\">Das erste Modell der COVID-19-Symptomatik f\u00fcr den gesamten Patienten<\/h2>\r\n    <div class=\"dmTileContent\">\r\n                            <\/div>\r\n    <a class=\"tileButton\" href=\"https:\/\/covid19.molecularhealth.com\/\" target=\"_blank\"><i data-feather=\"arrow-right\"><\/i> <span>COVID-19 Explorer<\/span><\/a><\/div><\/div><\/div>\n<\/div>\n\n\n\n<div style=\"height:100px\" aria-hidden=\"true\" class=\"wp-block-spacer\"><\/div>\n\n\n\n<div class=\"wp-block-columns is-layout-flex wp-container-core-columns-is-layout-28f84493 wp-block-columns-is-layout-flex\">\n<div class=\"wp-block-column is-layout-flow wp-block-column-is-layout-flow\" style=\"flex-basis:25%\"><\/div>\n\n\n\n<div class=\"wp-block-column is-layout-flow wp-block-column-is-layout-flow\" style=\"flex-basis:50%\">\n<h3 class=\"wp-block-heading has-text-align-center\">Haben Sie noch Fragen?<\/h3>\n\n\n<div class=\"lazyblock-mh-buttons-bar-Z1ms6M6 wp-block-lazyblock-mh-buttons-bar\">  <section class=\"mh-buttons-bar\">\r\n          <a class=\"mh-buttons-item\" href=\"https:\/\/molecularhealth.com\/eu\/de\/kontakt\/\" target=\"_self\"><i data-feather=\"arrow-right\"><\/i> <span>Kontaktieren Sie uns<\/span><\/a>      <\/section>\r\n<\/div><\/div>\n\n\n\n<div class=\"wp-block-column is-layout-flow wp-block-column-is-layout-flow\" style=\"flex-basis:25%\"><\/div>\n<\/div>\n","protected":false},"excerpt":{"rendered":"<p>Weltweites biomedizinisches Datenwissen Dataome wurde entwickelt, um das wachsende medizinische und molekularbiologische Wissen intelligent zu verarbeiten und so den medizinischen Fortschritt zu erm\u00f6glichen. Es strukturiert und integriert klinische und molekulare Daten mithilfe von k\u00fcnstlicher Intelligenz (KI) und maschinellem Lernen (ML). Anschlie\u00dfend werden die verarbeiteten Informationen von medizinischen und datenwissenschaftlichen Experten gepr\u00fcft und kuratiert. Das Ergebnis: [&hellip;]<\/p>\n","protected":false},"author":2,"featured_media":0,"parent":1213,"menu_order":100,"comment_status":"closed","ping_status":"closed","template":"","meta":{"_acf_changed":false,"content-type":"","inline_featured_image":false,"footnotes":""},"class_list":["post-637","page","type-page","status-publish","hentry"],"acf":[],"_links":{"self":[{"href":"https:\/\/molecularhealth.com\/eu\/de\/wp-json\/wp\/v2\/pages\/637","targetHints":{"allow":["GET"]}}],"collection":[{"href":"https:\/\/molecularhealth.com\/eu\/de\/wp-json\/wp\/v2\/pages"}],"about":[{"href":"https:\/\/molecularhealth.com\/eu\/de\/wp-json\/wp\/v2\/types\/page"}],"author":[{"embeddable":true,"href":"https:\/\/molecularhealth.com\/eu\/de\/wp-json\/wp\/v2\/users\/2"}],"replies":[{"embeddable":true,"href":"https:\/\/molecularhealth.com\/eu\/de\/wp-json\/wp\/v2\/comments?post=637"}],"version-history":[{"count":44,"href":"https:\/\/molecularhealth.com\/eu\/de\/wp-json\/wp\/v2\/pages\/637\/revisions"}],"predecessor-version":[{"id":4258,"href":"https:\/\/molecularhealth.com\/eu\/de\/wp-json\/wp\/v2\/pages\/637\/revisions\/4258"}],"up":[{"embeddable":true,"href":"https:\/\/molecularhealth.com\/eu\/de\/wp-json\/wp\/v2\/pages\/1213"}],"wp:attachment":[{"href":"https:\/\/molecularhealth.com\/eu\/de\/wp-json\/wp\/v2\/media?parent=637"}],"curies":[{"name":"wp","href":"https:\/\/api.w.org\/{rel}","templated":true}]}}