{"id":984,"date":"2023-03-30T13:44:36","date_gmt":"2023-03-30T12:44:36","guid":{"rendered":"http:\/\/molecularhealth.com\/eu\/karriere\/"},"modified":"2024-05-03T13:27:12","modified_gmt":"2024-05-03T12:27:12","slug":"karriere","status":"publish","type":"page","link":"https:\/\/molecularhealth.com\/eu\/de\/ueber\/karriere\/","title":{"rendered":"Karriere"},"content":{"rendered":"<div class=\"lazyblock-mh-hero-banner-AXb8T alignfull alignfull  wp-block-lazyblock-mh-hero-banner\"><!-- Hero Banner -->\r\n<div class=\"mh-hero-banner  dm-lazyblock-mh-hero-banner-AXb8T\" style=\"background:url(https:\/\/molecularhealth.com\/eu\/wp-content\/uploads\/sites\/2\/hero_banner.jpg) center center no-repeat; background-size: cover;\">\r\n        <div class=\"mh-hero-content\">\r\n            <div class=\"mh-hero-content-block-1\">\r\n              <span class=\"block-1-wrap\">\r\n                <div class=\"mh-hero-heading\">\r\n                        <h1>                            Karriere                            <br>Werden Sie Teil der Zukunft                            <br>des Gesundheitswesens                        \r\n                        <\/h1>\r\n                    <\/div>\r\n                \r\n                        <div class=\"mh-hero-links\"><a class=\"tileButton\" href=\"http:\/\/molecularhealth.com\/eu\/about\/careers\/#postings\" target=\"_self\"><i data-feather=\"arrow-right\"><\/i> <span>Siehe Stellenausschreibungen<\/span><\/a><\/div>              <\/span>\r\n            <\/div>\r\n\r\n            \r\n                <div class=\"mh-hero-content-block-2\">\r\n                    <span><p>Als Biotech-Unternehmen, das sich auf die Entwicklung softwarebasierter L\u00f6sungen f\u00fcr die Pr\u00e4zisionsmedizin und pharmazeutische Entwicklung konzentriert, ist die Arbeit bei Molecular Health schnelllebig und dynamisch. Wir legen Wert auf wissenschaftliche Strenge, unkonventionelles Denken und Teamarbeit, was uns zu einem wertvollen Partner in der Zusammenarbeit mit Pharmaunternehmen, klinischen Laboren, Forschungslaboren und molekularen Tumorboards macht. Wir bieten die M\u00f6glichkeit, mit Spitzentechnologien und hochmotivierten Kollegen zusammenzuarbeiten und neuartige patientenorientierte L\u00f6sungen zu entwickeln.   <\/p><\/span>\r\n                <\/div>\r\n            \r\n        <\/div>\r\n<\/div>\r\n\r\n    <div class=\"mh-hero-content-block-2 mh-mobile\">\r\n        <span><p>Als Biotech-Unternehmen, das sich auf die Entwicklung softwarebasierter L\u00f6sungen f\u00fcr die Pr\u00e4zisionsmedizin und pharmazeutische Entwicklung konzentriert, ist die Arbeit bei Molecular Health schnelllebig und dynamisch. Wir legen Wert auf wissenschaftliche Strenge, unkonventionelles Denken und Teamarbeit, was uns zu einem wertvollen Partner in der Zusammenarbeit mit Pharmaunternehmen, klinischen Laboren, Forschungslaboren und molekularen Tumorboards macht. Wir bieten die M\u00f6glichkeit, mit Spitzentechnologien und hochmotivierten Kollegen zusammenzuarbeiten und neuartige patientenorientierte L\u00f6sungen zu entwickeln.   <\/p><\/span>\r\n    <\/div>\r\n<\/div>\n<div style=\"height:100px\" aria-hidden=\"true\" class=\"wp-block-spacer\"><\/div>\n\n<h2 class=\"wp-block-heading\">Drei Gr\u00fcnde, bei Molecular Health zu arbeiten<\/h2>\n\n<p>Molecular Health ist entschlossen, eine kooperative und integrative Arbeitsplatzkultur zu f\u00f6rdern. Wir legen Wert auf berufliche Entwicklung und Schulung und unterst\u00fctzen unsere Mitarbeiter dabei, ihr volles Potenzial auszusch\u00f6pfen.  <\/p>\n\n<div class=\"wp-block-columns is-layout-flex wp-container-core-columns-is-layout-28f84493 wp-block-columns-is-layout-flex\">\n<div class=\"wp-block-column is-vertically-aligned-bottom is-layout-flow wp-block-column-is-layout-flow\" style=\"flex-basis:33.33%\">\n<figure class=\"wp-block-image size-full\"><img loading=\"lazy\" decoding=\"async\" width=\"630\" height=\"300\" src=\"http:\/\/molecularhealth.com\/eu\/wp-content\/uploads\/sites\/2\/About_patient_gradient.jpg\" alt=\"\" class=\"wp-image-1964\" srcset=\"https:\/\/molecularhealth.com\/eu\/wp-content\/uploads\/sites\/2\/About_patient_gradient.jpg 630w, https:\/\/molecularhealth.com\/eu\/wp-content\/uploads\/sites\/2\/About_patient_gradient-500x238.jpg 500w\" sizes=\"auto, (max-width: 630px) 100vw, 630px\" \/><\/figure>\n<\/div>\n\n\n\n<div class=\"wp-block-column is-layout-flow wp-block-column-is-layout-flow\" style=\"flex-basis:66.66%\">\n<h4 class=\"wp-block-heading\">Einen Unterschied machen<\/h4>\n\n\n\n<p>Unser Ziel ist es, den Wandel im Gesundheitswesen durch einen sinnvollen Zugang zum biomedizinischen Wissen der Welt voranzutreiben. Als Teil unseres Teams werden Sie zu diesem Ziel beitragen. In der Zusammenarbeit mit gleichgesinnten Fachleuten, die sich f\u00fcr eine bessere Zukunft des Gesundheitswesens einsetzen, werden Sie ermutigt, den Status quo in Frage zu stellen und M\u00f6glichkeiten f\u00fcr Verbesserungen zu finden.   <\/p>\n<\/div>\n<\/div>\n\n<div style=\"height:20px\" aria-hidden=\"true\" class=\"wp-block-spacer\"><\/div>\n\n<div class=\"wp-block-columns is-layout-flex wp-container-core-columns-is-layout-28f84493 wp-block-columns-is-layout-flex\">\n<div class=\"wp-block-column is-vertically-aligned-bottom is-layout-flow wp-block-column-is-layout-flow\" style=\"flex-basis:33.33%\">\n<figure class=\"wp-block-image size-full\"><img loading=\"lazy\" decoding=\"async\" width=\"630\" height=\"300\" src=\"http:\/\/molecularhealth.com\/eu\/wp-content\/uploads\/sites\/2\/About_brainstorm_gradient.jpg\" alt=\"\" class=\"wp-image-1960\" srcset=\"https:\/\/molecularhealth.com\/eu\/wp-content\/uploads\/sites\/2\/About_brainstorm_gradient.jpg 630w, https:\/\/molecularhealth.com\/eu\/wp-content\/uploads\/sites\/2\/About_brainstorm_gradient-500x238.jpg 500w\" sizes=\"auto, (max-width: 630px) 100vw, 630px\" \/><\/figure>\n<\/div>\n\n\n\n<div class=\"wp-block-column is-layout-flow wp-block-column-is-layout-flow\" style=\"flex-basis:66.66%\">\n<h4 class=\"wp-block-heading\">Innovativ sein<\/h4>\n\n\n\n<p>Unser Ansatz bei der Nutzung biomedizinischer Daten zur Unterst\u00fctzung von Entscheidungen im Gesundheitswesen ist einzigartig. Sie werden Teil eines Teams sein, das die Grenzen des M\u00f6glichen immer weiter hinausschiebt. Gemeinsam arbeiten Sie mit Laboren, Forschungseinrichtungen, Pharmaunternehmen und Gesundheitsnetzwerken zusammen, um softwarebasierte L\u00f6sungen und fortschrittliche Analysen zu entwickeln und zu realisieren, die die Patientenversorgung auf globaler Ebene verbessern.  <\/p>\n<\/div>\n<\/div>\n\n<div style=\"height:20px\" aria-hidden=\"true\" class=\"wp-block-spacer\"><\/div>\n\n<div class=\"wp-block-columns is-layout-flex wp-container-core-columns-is-layout-28f84493 wp-block-columns-is-layout-flex\">\n<div class=\"wp-block-column is-vertically-aligned-bottom is-layout-flow wp-block-column-is-layout-flow\" style=\"flex-basis:33.33%\">\n<figure class=\"wp-block-image size-full\"><img loading=\"lazy\" decoding=\"async\" width=\"630\" height=\"300\" src=\"http:\/\/molecularhealth.com\/eu\/wp-content\/uploads\/sites\/2\/About_social_gradient.jpg\" alt=\"\" class=\"wp-image-1968\" srcset=\"https:\/\/molecularhealth.com\/eu\/wp-content\/uploads\/sites\/2\/About_social_gradient.jpg 630w, https:\/\/molecularhealth.com\/eu\/wp-content\/uploads\/sites\/2\/About_social_gradient-500x238.jpg 500w\" sizes=\"auto, (max-width: 630px) 100vw, 630px\" \/><\/figure>\n<\/div>\n\n\n\n<div class=\"wp-block-column is-layout-flow wp-block-column-is-layout-flow\" style=\"flex-basis:66.66%\">\n<h4 class=\"wp-block-heading\">Mehr als nur ein gutes Gehalt verdienen<\/h4>\n\n\n\n<p>Werden Sie Teil eines Unternehmens, das seine Mitarbeiter sch\u00e4tzt und sie f\u00fcr ihre harte Arbeit und ihr Engagement belohnt. Neben einem wettbewerbsf\u00e4higen Gehalt haben Sie Zugang zu einem umfassenden Leistungspaket mit Fitness- und Gesundheitsprogrammen, flexiblen und familienfreundlichen Arbeitszeiten und vom Unternehmen unterst\u00fctzten sozialen Veranstaltungen. Dar\u00fcber hinaus haben Sie die M\u00f6glichkeit, Ihre Karriere voranzutreiben und sich beruflich weiterzuentwickeln.   <\/p>\n<\/div>\n<\/div>\n\n<div style=\"height:50px\" aria-hidden=\"true\" class=\"wp-block-spacer\"><\/div>\n\n<h2 class=\"wp-block-heading has-text-align-center\" id=\"postings\">Offene Stellen<\/h2>\n<div class=\"lazyblock-mh-career-posts-14sa4g wp-block-lazyblock-mh-career-posts\"><div class=\"mh-filter-result\">\r\n\r\n        \r\n                        <div class=\"postListing\">\r\n                        \r\n                                        <div class=\"dmSingleTile dm-lazyblock-mh-career-posts-14sa4g\" dmUniqueAttribute=\"dm-lazyblock-mh-career-posts-14sa4g\">\r\n                                                <a href=\"https:\/\/molecularhealth.com\/eu\/de\/derzeit-keine-stellenanzeigen\/\" target=\"_self\">                                                                                                        <\/a>                                                <h2 class=\"heading\">Derzeit keine Stellenanzeigen<\/h2>                                                <div class=\"dmTileContent\">\r\n                                                        <p>Wir sind immer auf der Suche nach neuen Talenten. Sie k\u00f6nnen uns gerne Ihren Lebenslauf schicken. Wir w\u00fcrden Sie gerne kennenlernen!<\/p>\n<p>careers@molecularhealth.com<\/p>\n                                                <\/div>\r\n                                                <a class=\"tileButton\" href=\"https:\/\/molecularhealth.com\/eu\/de\/derzeit-keine-stellenanzeigen\/\" target=\"_self\"><i data-feather=\"arrow-right\"><\/i> <span>                                                Weiterlesen                                                <\/span><\/a>                                        <\/div>\r\n\r\n                                                        <\/div>\r\n                        \r\n<\/div><\/div>\n<div class=\"wp-block-columns is-layout-flex wp-container-core-columns-is-layout-28f84493 wp-block-columns-is-layout-flex\">\n<div class=\"wp-block-column is-layout-flow wp-block-column-is-layout-flow\"><\/div>\n\n\n\n<div class=\"wp-block-column is-layout-flow wp-block-column-is-layout-flow\"><\/div>\n<\/div>\n\n<div style=\"height:50px\" aria-hidden=\"true\" class=\"wp-block-spacer\"><\/div>\n\n<h2 class=\"wp-block-heading has-text-align-center\">H\u00e4ufig gestellte Fragen<\/h2>\n<div class=\"lightweight-accordion\"><details open><summary class=\"lightweight-accordion-title\"><span><strong>Wie kann ich das Molecular-Health-Rekrutierungsteam kontaktieren?<\/strong><\/span><\/summary><div class=\"lightweight-accordion-body\">\n\n<p>Unser Team beantwortet gerne Ihre offenen Fragen. Senden Sie uns eine E-Mail an <a href=\"\">careers@molecularhealth.com<\/a> oder rufen Sie uns an unter +49 6221 43851-0. <\/p>\n\n<\/div><\/details><\/div><div class=\"lightweight-accordion\"><details><summary class=\"lightweight-accordion-title\"><span><strong>Welche Unterlagen sollte ich meiner Bewerbung beif\u00fcgen?<\/strong><\/span><\/summary><div class=\"lightweight-accordion-body\">\n\n<p>Bitte senden Sie uns Ihre vollst\u00e4ndigen Bewerbungsunterlagen mit Anschreiben, Lebenslauf und Zeugnissen. Geben Sie bitte auch Ihre Gehaltsvorstellungen und Ihren fr\u00fchestm\u00f6glichen Eintrittstermin an.  <\/p>\n\n<\/div><\/details><\/div><div class=\"lightweight-accordion\"><details><summary class=\"lightweight-accordion-title\"><span><strong>Kann ich mich auf mehrere Stellen gleichzeitig bewerben?<\/strong><\/span><\/summary><div class=\"lightweight-accordion-body\">\n\n<p>Wenn mehrere Stellenangebote auf Ihr Profil zutreffen, senden Sie uns bitte f\u00fcr jede Stelle eine separate Bewerbung. <\/p>\n\n<\/div><\/details><\/div><div class=\"lightweight-accordion\"><details><summary class=\"lightweight-accordion-title\"><span><strong>Kann ich auch eine Initiativbewerbung schicken?<\/strong><\/span><\/summary><div class=\"lightweight-accordion-body\">\n\n<p>Wenn keine der derzeit ausgeschriebenen Stellen Ihren Qualifikationen entspricht, senden Sie uns bitte eine Initiativbewerbung mit Angabe Ihrer Wunschposition. <\/p>\n\n<\/div><\/details><\/div><div class=\"lightweight-accordion\"><details><summary class=\"lightweight-accordion-title\"><span><strong>Ist es m\u00f6glich, bei Molecular Health ein Praktikum oder eine Ausbildung zu absolvieren?<\/strong><\/span><\/summary><div class=\"lightweight-accordion-body\">\n\n<p>Studenten an Hochschulen k\u00f6nnen bei Molecular Health ein drei- bis sechsmonatiges Praktikum absolvieren. Wir sind immer auf der Suche nach Werkstudenten, die ihre theoretischen Kenntnisse durch praktische Erfahrungen erg\u00e4nzen m\u00f6chten. Schauen Sie nach aktuellen Praktikumsangeboten f\u00fcr Studenten, und wenn Sie nichts Passendes finden, schicken Sie uns eine Bewerbung, in der Sie die gew\u00fcnschte Erfahrung beschreiben.   <br\/>Dar\u00fcber hinaus bieten wir Sch\u00fclern ein- oder zweiw\u00f6chige Praktika an, die in verschiedenen Abteilungen absolviert werden k\u00f6nnen. Wenn Sie sich f\u00fcr ein Praktikum bewerben m\u00f6chten, senden Sie bitte Ihre Bewerbung (Anschreiben, Lebenslauf, Zeugnisse) und die Gesch\u00e4ftsbereiche, f\u00fcr die Sie sich interessieren, an <a rel=\"noopener\" href=\"\" target=\"\">careers.de@molecularhealth.com<\/a>. <\/p>\n\n<\/div><\/details><\/div><div class=\"lightweight-accordion\"><details><summary class=\"lightweight-accordion-title\"><span><strong>Welche Sprachkenntnisse sind f\u00fcr eine Stelle bei Molecular Health erforderlich?<\/strong><\/span><\/summary><div class=\"lightweight-accordion-body\">\n\n<p>Molecular Health besch\u00e4ftigt Mitarbeiter aus der ganzen Welt. Daher ist unsere Unternehmenssprache \u00fcberwiegend Englisch. Ein angemessenes Englisch auf Gesch\u00e4ftsniveau ist erforderlich. Aufgrund des Kontakts mit Beh\u00f6rden und Kunden in Deutschland ben\u00f6tigen wir au\u00dferdem gute bis sehr gute Deutschkenntnisse in den Bereichen Verwaltung, Vertrieb und Customer Success. F\u00fcr Positionen im Bereich Forschung und Entwicklung sind keine Deutschkenntnisse erforderlich.     <\/p>\n\n<\/div><\/details><\/div><div class=\"lightweight-accordion\"><details><summary class=\"lightweight-accordion-title\"><span><strong>Wie sieht das Bewerbungsverfahren bei Molecular Health aus? <\/strong><\/span><\/summary><div class=\"lightweight-accordion-body\">\n\n<p>Nachdem Ihre Bewerbung eingegangen ist, wird sie von der Personalabteilung und Fachabteilung gepr\u00fcft. Wenn Ihre Qualifikationen mit der ausgeschriebenen Stelle \u00fcbereinstimmen, laden wir Sie zu einem ersten Gespr\u00e4ch \u00fcber Microsoft Teams ein. Ein anschlie\u00dfendes Folgegespr\u00e4ch kann dann vor Ort in unserem B\u00fcro in Heidelberg stattfinden. So haben Sie die M\u00f6glichkeit, andere Teammitglieder und unsere Einrichtungen kennenzulernen.    <\/p>\n\n<\/div><\/details><\/div><div class=\"lightweight-accordion\"><details><summary class=\"lightweight-accordion-title\"><span><strong>Werden die Reisekosten f\u00fcr das Vorstellungsgespr\u00e4ch erstattet?<\/strong> <\/span><\/summary><div class=\"lightweight-accordion-body\">\n\n<p>Gegen Vorlage des Originalbelegs erstatten wir Ihnen gerne die Kosten f\u00fcr die Hin- und R\u00fcckfahrt von Ihrem Vorstellungsgespr\u00e4ch mit \u00f6ffentlichen Verkehrsmitteln (2. Klasse). <\/p>\n\n<\/div><\/details><\/div><div class=\"lightweight-accordion\"><details><summary class=\"lightweight-accordion-title\"><span><strong>Wie viele Urlaubstage haben die Mitarbeiter von Molecular Health? <\/strong><\/span><\/summary><div class=\"lightweight-accordion-body\">\n\n<p>Bei einer 5-Tage-Woche haben unsere Mitarbeiter Anspruch auf 30 Urlaubstage pro Kalenderjahr. <\/p>\n\n<\/div><\/details><\/div><div class=\"lightweight-accordion\"><details><summary class=\"lightweight-accordion-title\"><span><strong>Ist es m\u00f6glich, von zu Hause aus zu arbeiten? <\/strong><\/span><\/summary><div class=\"lightweight-accordion-body\">\n\n<p>Als modernes IT-Unternehmen bietet Molecular Health ein hybrides Arbeitsmodell mit einer flexiblen B\u00fcro- und Home-Office-Struktur. <\/p>\n\n<\/div><\/details><\/div><div class=\"lightweight-accordion\"><details><summary class=\"lightweight-accordion-title\"><span><strong>Wie sind die Arbeitszeiten bei Molecular Health? <\/strong><\/span><\/summary><div class=\"lightweight-accordion-body\">\n\n<p>Wir leben auch die Flexibilit\u00e4t, die wir von unseren Kolleginnen und Kollegen bei der Gestaltung ihrer t\u00e4glichen Arbeitszeiten erwarten. Die Wochenarbeitszeit betr\u00e4gt in der Regel 40 Stunden. Wir bieten Gleitzeit und die M\u00f6glichkeit verschiedener flexibler Teilzeitmodelle, sofern die Stelle dies zul\u00e4sst.   <\/p>\n\n<\/div><\/details><\/div><div class=\"lightweight-accordion\"><details><summary class=\"lightweight-accordion-title\"><span><strong>Wie sieht der Arbeitsplatz in den B\u00fcros von Molecular Health aus?<\/strong> <\/span><\/summary><div class=\"lightweight-accordion-body\">\n\n<p>Unser B\u00fcrogeb\u00e4ude in Heidelberg ist ein gro\u00dfz\u00fcgiger Neubau in der N\u00e4he des Hauptbahnhofs und des Stadtzentrums. Die Teamb\u00fcros erstrecken sich \u00fcber zwei Etagen. Die Teams sind in B\u00fcros f\u00fcr 2-4 Kollegen untergebracht. Gemeinschaftsr\u00e4ume wie Kaffeek\u00fcche, Lounge und Pausenraum mit Terrasse stehen ebenfalls allen Mitarbeitern zur Verf\u00fcgung.    <\/p>\n\n<\/div><\/details><\/div><div class=\"lightweight-accordion\"><details><summary class=\"lightweight-accordion-title\"><span><strong>Welche technische und b\u00fcrotechnische Ausstattung haben und nutzen die Mitarbeiter? <\/strong><\/span><\/summary><div class=\"lightweight-accordion-body\">\n\n<p>Unsere Hardware, Technologien und Tools sind auf die jeweiligen Softwareprodukte und -anwendungen abgestimmt. Wir w\u00e4hlen die Technologie und Tools, die am besten zur Aufgabe und zu unseren Nutzern passen. Mit Unterst\u00fctzung des IT-Operations-Teams f\u00fcr technische Fragen (DevOps) betreiben wir eine gro\u00dfe Serverlandschaft mit RedHat und Windows f\u00fcr Entwicklung, Test und Produktion, einschlie\u00dflich &#8222;Spielwiesen&#8220;. Der Arbeitsplatz ist modern eingerichtet mit h\u00f6henverstellbaren Schreibtischen und so vielen Bildschirmen wie n\u00f6tig.    <\/p>\n\n<\/div><\/details><\/div><div class=\"lightweight-accordion\"><details><summary class=\"lightweight-accordion-title\"><span><strong>Mit welchem Tech-Stack arbeitet die Softwareentwicklung? <\/strong><\/span><\/summary><div class=\"lightweight-accordion-body\">\n\n<p>Derzeit benutzen wir als Programmiersprachen JavaScript und Python, und wir verwenden bekannte Frameworks wie React, D3, SAP UI5, Node.js, Ext-JS \u2013 nat\u00fcrlich verbunden mit SQL gegen die Datenbanken PostGres, SAP HANA und Oracle. Unser offenes Toolkit besteht derzeit aus: GitHub, DB Visualizer, SAP HANA Studio, Jenkins, Qunit, OPA5, Vagrant, Yarn, und vieles mehr. <\/p>\n\n<\/div><\/details><\/div><div class=\"lightweight-accordion\"><details><summary class=\"lightweight-accordion-title\"><span><strong>Wie arbeiten die Entwicklungsteams? <\/strong><\/span><\/summary><div class=\"lightweight-accordion-body\">\n\n<p>Wir arbeiten in kleinen, agilen und internationalen Teams mit 2-6 Entwicklern an unseren Projekten, aufgeteilt in verschiedene Schwerpunktbereiche. Englisch ist unsere Standardsprache, und wir leben agile Entwicklung (EPIC, User Stories, Dailys, etc.) eingebettet in den Kontext von Produkt-Roadmaps. Das bedeutet: kein l\u00e4stiges Projekt-Hopping, sondern die Chance, \u201eIhr Baby\u201c zu entwickeln und einen echten Beitrag zu leisten. Die Entwickler arbeiten t\u00e4glich mit Biomedizinern aus dem Produktmanagement und IT-Experten aus dem IT-Ops-Team zusammen und k\u00f6nnen so erfolgreiche Softwarel\u00f6sungen umsetzen, die die Kunden sch\u00e4tzen.<\/p>\n\n<\/div><\/details><\/div>\n<p><\/p>\n","protected":false},"excerpt":{"rendered":"<p>Drei Gr\u00fcnde, bei Molecular Health zu arbeiten Molecular Health ist entschlossen, eine kooperative und integrative Arbeitsplatzkultur zu f\u00f6rdern. Wir legen Wert auf berufliche Entwicklung und Schulung und unterst\u00fctzen unsere Mitarbeiter dabei, ihr volles Potenzial auszusch\u00f6pfen. Einen Unterschied machen Unser Ziel ist es, den Wandel im Gesundheitswesen durch einen sinnvollen Zugang zum biomedizinischen Wissen der Welt [&hellip;]<\/p>\n","protected":false},"author":2,"featured_media":0,"parent":1212,"menu_order":100,"comment_status":"closed","ping_status":"closed","template":"","meta":{"_acf_changed":false,"content-type":"","inline_featured_image":false,"footnotes":""},"class_list":["post-984","page","type-page","status-publish","hentry"],"acf":[],"_links":{"self":[{"href":"https:\/\/molecularhealth.com\/eu\/de\/wp-json\/wp\/v2\/pages\/984","targetHints":{"allow":["GET"]}}],"collection":[{"href":"https:\/\/molecularhealth.com\/eu\/de\/wp-json\/wp\/v2\/pages"}],"about":[{"href":"https:\/\/molecularhealth.com\/eu\/de\/wp-json\/wp\/v2\/types\/page"}],"author":[{"embeddable":true,"href":"https:\/\/molecularhealth.com\/eu\/de\/wp-json\/wp\/v2\/users\/2"}],"replies":[{"embeddable":true,"href":"https:\/\/molecularhealth.com\/eu\/de\/wp-json\/wp\/v2\/comments?post=984"}],"version-history":[{"count":35,"href":"https:\/\/molecularhealth.com\/eu\/de\/wp-json\/wp\/v2\/pages\/984\/revisions"}],"predecessor-version":[{"id":3249,"href":"https:\/\/molecularhealth.com\/eu\/de\/wp-json\/wp\/v2\/pages\/984\/revisions\/3249"}],"up":[{"embeddable":true,"href":"https:\/\/molecularhealth.com\/eu\/de\/wp-json\/wp\/v2\/pages\/1212"}],"wp:attachment":[{"href":"https:\/\/molecularhealth.com\/eu\/de\/wp-json\/wp\/v2\/media?parent=984"}],"curies":[{"name":"wp","href":"https:\/\/api.w.org\/{rel}","templated":true}]}}