{"id":3851,"date":"2025-03-06T15:33:19","date_gmt":"2025-03-06T15:33:19","guid":{"rendered":"https:\/\/molecularhealth.com\/eu\/?page_id=3851"},"modified":"2026-03-04T05:42:44","modified_gmt":"2026-03-04T05:42:44","slug":"certificates","status":"publish","type":"page","link":"https:\/\/molecularhealth.com\/eu\/certificates\/","title":{"rendered":"Certificates"},"content":{"rendered":"\n<div class=\"wp-block-columns is-layout-flex wp-container-core-columns-is-layout-28f84493 wp-block-columns-is-layout-flex\">\n<div class=\"wp-block-column is-layout-flow wp-block-column-is-layout-flow\">\n<h2 class=\"wp-block-heading\" id=\"datasecurity\">Our guarantee: quality, <br>safety, and privacy of data&nbsp;<\/h2>\n<\/div>\n\n\n\n<div class=\"wp-block-column is-layout-flow wp-block-column-is-layout-flow\">\n<p>As an international biotech IT company, our software solutions are used in areas where the sustainable improvement of patient care is at stake, and protecting personal data and patient safety are extremely important. Therefore, our software applications and servers meet strict security requirements and operate with the most advanced encryption standards. Patients whose information is analyzed with MH Guide as part of medical treatment are assured that their personal data is always encrypted or pseudonymized before being transferred to Molecular Health. Only the attending physician has access to patient data that allows conclusions to be drawn about identity. No personal information is transmitted or stored that is not necessary for the analysis. In addition, strict risk- and quality-management routines and regular employee training ensure compliance with medical device and data privacy regulations at all times.&nbsp;<\/p>\n<\/div>\n<\/div>\n\n\n\n<div style=\"height:30px\" aria-hidden=\"true\" class=\"wp-block-spacer\"><\/div>\n\n\n\n<div class=\"wp-block-columns is-layout-flex wp-container-core-columns-is-layout-28f84493 wp-block-columns-is-layout-flex\">\n<div class=\"wp-block-column is-layout-flow wp-block-column-is-layout-flow\">\n<figure class=\"wp-block-image size-full\"><img loading=\"lazy\" decoding=\"async\" width=\"460\" height=\"136\" src=\"https:\/\/molecularhealth.com\/eu\/wp-content\/uploads\/sites\/2\/Privacy_icon.png\" alt=\"\" class=\"wp-image-3379\"\/><\/figure>\n\n\n\n<h4 class=\"wp-block-heading has-text-align-center\">Data privacy<\/h4>\n\n\n\n<p>MH Guide complies with the General Data Protection Regulation (GDPR) in Europe, the German Genetic Diagnostics Act (GenDG) in Germany, and the Health Insurance Portability and Accountability Act (HIPAA) in the USA.&nbsp;<\/p>\n<\/div>\n\n\n\n<div class=\"wp-block-column is-layout-flow wp-block-column-is-layout-flow\">\n<figure class=\"wp-block-image size-full\"><img loading=\"lazy\" decoding=\"async\" width=\"460\" height=\"136\" src=\"https:\/\/molecularhealth.com\/wp-content\/uploads\/sites\/2\/access.png\" alt=\"\" class=\"wp-image-1018\"\/><\/figure>\n\n\n\n<h4 class=\"wp-block-heading has-text-align-center\">Data access<\/h4>\n\n\n\n<p>Data access is controlled and all employees with access to patient data are trained in accordance with the General Data Protection Regulation (GDPR) and the American Health Insurance Portability and Accountability Act (HIPAA).&nbsp;&nbsp;<\/p>\n<\/div>\n\n\n\n<div class=\"wp-block-column is-layout-flow wp-block-column-is-layout-flow\">\n<figure class=\"wp-block-image size-full\"><img loading=\"lazy\" decoding=\"async\" width=\"460\" height=\"136\" src=\"https:\/\/molecularhealth.com\/wp-content\/uploads\/sites\/2\/Server.png\" alt=\"\" class=\"wp-image-1021\"\/><\/figure>\n\n\n\n<h4 class=\"wp-block-heading has-text-align-center\">Data center architecture &amp; cybersecurity compliance<\/h4>\n\n\n\n<p>All services are housed in data centers or with hosting providers that are Trusted Site Infrastructure (TSI) and\/or ISO 27001 certified and meet the highest industry standards. Molecular Health employs advanced encryption standards (SSL\/TLS, AES-256) to safeguard personal health data and stores it with controlled access authorization.<\/p>\n\n\n\n<p>Molecular Health complies with federal and local cybersecurity and health data hosting requirements. Utilized hosting provider AWS is certified according to HDS (H\u00e9bergeur de Donn\u00e9es de Sant\u00e9) for <a href=\"https:\/\/aws.amazon.com\/compliance\/hds\/?nc1=h_ls\" target=\"_blank\" rel=\"noreferrer noopener nofollow\">France<\/a> and according to ACN (Agenzia per la cybersicurezza nazionale) for <a href=\"https:\/\/www.acn.gov.it\/portale\/w\/in-60\" target=\"_blank\" rel=\"noreferrer noopener nofollow\">Italy<\/a>.&nbsp;<\/p>\n<\/div>\n<\/div>\n\n\n\n<div style=\"height:100px\" aria-hidden=\"true\" class=\"wp-block-spacer\"><\/div>\n\n\n\n<h2 class=\"wp-block-heading\" id=\"certified_quality\">Certified quality<\/h2>\n\n\n\n<p>MH Guide is one of the first software solutions of its kind to be approved in Europe as an in-vitro diagnostic (IVD) medical device and received a certificate according to the EU regulation 2017\/746 (IVDR). This IVDR status is complemented by the following company-level certifications:<\/p>\n\n\n\n<div class=\"wp-block-columns alignfull is-layout-flex wp-container-core-columns-is-layout-28f84493 wp-block-columns-is-layout-flex\">\n<div class=\"wp-block-column is-vertically-aligned-center has-grey-light-background-color has-background has-global-padding is-layout-constrained wp-container-core-column-is-layout-23b1a4dc wp-block-column-is-layout-constrained\" style=\"padding-top:var(--wp--preset--spacing--30);padding-right:var(--wp--preset--spacing--30);padding-bottom:var(--wp--preset--spacing--30);padding-left:var(--wp--preset--spacing--30)\">\n<div class=\"wp-block-columns are-vertically-aligned-top is-layout-flex wp-container-core-columns-is-layout-28f84493 wp-block-columns-is-layout-flex\">\n<div class=\"wp-block-column is-vertically-aligned-top is-layout-flow wp-block-column-is-layout-flow\" style=\"padding-top:15px;padding-right:15px;padding-bottom:15px;padding-left:15px\">\n<h3 class=\"wp-block-heading has-text-align-center\">MDSAP<\/h3>\n\n\n\n<p>Molecular Health is a certified Medical Device Single Audit Program (MDSAP) company with the scope: \u201cDesign and Development, Manufacture, Installation and Servicing of In-Vitro Diagnostic Software used in Genetic Testing for Diagnosis of Hereditary Diseases or Predispositions to a Medical Condition or a Disease and Prediction of Treatment Response including Point of Care In-Vitro Diagnostic Medical Devices.\u201d<\/p>\n\n\n<div class=\"lazyblock-mh-buttons-bar-Z12MGrf wp-block-lazyblock-mh-buttons-bar\">  <section class=\"mh-buttons-bar\">\r\n          <a class=\"mh-buttons-item\" href=\"https:\/\/molecularhealth.com\/eu\/wp-content\/uploads\/sites\/2\/MH_MDSAP_QS6_005092_0002_Rev_04_e-valid-as-of-23-Feb-2026-until-28-Apr-2028.pdf\" target=\"_blank\"><i data-feather=\"arrow-right\"><\/i> <span>Download<\/span><\/a>      <\/section>\r\n<\/div><\/div>\n\n\n\n<div class=\"wp-block-column is-vertically-aligned-top is-layout-flow wp-block-column-is-layout-flow\" style=\"padding-top:15px;padding-right:15px;padding-bottom:15px;padding-left:15px\">\n<h3 class=\"wp-block-heading has-text-align-center\">IVDR &amp; ISO 13485<\/h3>\n\n\n\n<p>As an in-vitro diagnostics manufacturer, Molecular Health is certified according to EN ISO 13485:2016. Our certified quality management system includes standard operating procedures (SOPs) for the operation of productive IT systems, IT business continuity, and product safety, and we comply with international standards for software lifecycle and risk management, IEC 62304 and ISO 14971.<\/p>\n\n\n<div class=\"lazyblock-mh-buttons-bar-ZB0XjW wp-block-lazyblock-mh-buttons-bar\">  <section class=\"mh-buttons-bar\">\r\n          <a class=\"mh-buttons-item\" href=\"https:\/\/molecularhealth.com\/eu\/wp-content\/uploads\/sites\/2\/Molecular-Health_IVDR_V12-005092_0003_Rev_00_e_el.pdf\" target=\"_blank\"><i data-feather=\"arrow-right\"><\/i> <span>Download IVDR<\/span><\/a>          <a class=\"mh-buttons-item\" href=\"https:\/\/molecularhealth.com\/eu\/mh-guide-ivdr-en\/\" target=\"_blank\"><i data-feather=\"arrow-right\"><\/i> <span>Download ISO 13485<\/span><\/a>      <\/section>\r\n<\/div><\/div>\n<\/div>\n\n\n\n<div class=\"wp-block-columns is-layout-flex wp-container-core-columns-is-layout-28f84493 wp-block-columns-is-layout-flex\">\n<div class=\"wp-block-column is-layout-flow wp-block-column-is-layout-flow\">\n<h3 class=\"wp-block-heading has-text-align-center\">CLIA<\/h3>\n\n\n\n<p>Molecular Health is certified according to the quality standards of the US Clinical Laboratory Improvement Amendments (CLIA), which are issued by the US federal agency Centers for Medicare and Medicaid Services (CMS).&nbsp;<\/p>\n\n\n<div class=\"lazyblock-mh-buttons-bar-1Crvw9 wp-block-lazyblock-mh-buttons-bar\">  <section class=\"mh-buttons-bar\">\r\n          <a class=\"mh-buttons-item\" href=\"https:\/\/molecularhealth.com\/eu\/wp-content\/uploads\/sites\/2\/CMS_Certificate-of-Accreditation_99D2112168_valid_until_26-Jul-2026.pdf\" target=\"_blank\"><i data-feather=\"arrow-right\"><\/i> <span>Download<\/span><\/a>      <\/section>\r\n<\/div><\/div>\n\n\n\n<div class=\"wp-block-column is-layout-flow wp-block-column-is-layout-flow\">\n<h3 class=\"wp-block-heading has-text-align-center\">CAP<\/h3>\n\n\n\n<p>Molecular Health is accredited by the College of American Pathologists (CAP), meaning that it complies with US laboratory standards to ensure proper validity, handling, and reporting of dry-lab results.<\/p>\n\n\n<div class=\"lazyblock-mh-buttons-bar-1qInog wp-block-lazyblock-mh-buttons-bar\">  <section class=\"mh-buttons-bar\">\r\n          <a class=\"mh-buttons-item\" href=\"https:\/\/molecularhealth.com\/eu\/wp-content\/uploads\/sites\/2\/CAP_Accreditation-Certificate_valid_until_14-July-2026.pdf\" target=\"_blank\"><i data-feather=\"arrow-right\"><\/i> <span>Download<\/span><\/a>      <\/section>\r\n<\/div><\/div>\n<\/div>\n<\/div>\n<\/div>\n\n\n\n<div style=\"height:50px\" aria-hidden=\"true\" class=\"wp-block-spacer\"><\/div>\n\n\n\n<p><\/p>\n","protected":false},"excerpt":{"rendered":"<p>Our guarantee: quality, safety, and privacy of data&nbsp; As an international biotech IT company, our software solutions are used in areas where the sustainable improvement of patient care is at stake, and protecting personal data and patient safety are extremely important. Therefore, our software applications and servers meet strict security requirements and operate with the [&hellip;]<\/p>\n","protected":false},"author":1,"featured_media":0,"parent":0,"menu_order":0,"comment_status":"closed","ping_status":"closed","template":"","meta":{"_acf_changed":false,"content-type":"","inline_featured_image":false,"footnotes":""},"class_list":["post-3851","page","type-page","status-publish","hentry"],"acf":[],"_links":{"self":[{"href":"https:\/\/molecularhealth.com\/eu\/wp-json\/wp\/v2\/pages\/3851","targetHints":{"allow":["GET"]}}],"collection":[{"href":"https:\/\/molecularhealth.com\/eu\/wp-json\/wp\/v2\/pages"}],"about":[{"href":"https:\/\/molecularhealth.com\/eu\/wp-json\/wp\/v2\/types\/page"}],"author":[{"embeddable":true,"href":"https:\/\/molecularhealth.com\/eu\/wp-json\/wp\/v2\/users\/1"}],"replies":[{"embeddable":true,"href":"https:\/\/molecularhealth.com\/eu\/wp-json\/wp\/v2\/comments?post=3851"}],"version-history":[{"count":9,"href":"https:\/\/molecularhealth.com\/eu\/wp-json\/wp\/v2\/pages\/3851\/revisions"}],"predecessor-version":[{"id":4447,"href":"https:\/\/molecularhealth.com\/eu\/wp-json\/wp\/v2\/pages\/3851\/revisions\/4447"}],"wp:attachment":[{"href":"https:\/\/molecularhealth.com\/eu\/wp-json\/wp\/v2\/media?parent=3851"}],"curies":[{"name":"wp","href":"https:\/\/api.w.org\/{rel}","templated":true}]}}